{"id":16002,"date":"2018-03-16T21:10:00","date_gmt":"2018-03-16T21:10:00","guid":{"rendered":"https:\/\/technosystem.pl\/?page_id=16002"},"modified":"2024-05-10T11:58:37","modified_gmt":"2024-05-10T09:58:37","slug":"strona-glowna","status":"publish","type":"page","link":"https:\/\/technosystem.pl\/en\/","title":{"rendered":"Home page"},"content":{"rendered":"<div class=\"wpb-content-wrapper\"><p>[vc_row css_animation=&#8221;&#8221; row_type=&#8221;row&#8221; use_row_as_full_screen_section=&#8221;no&#8221; type=&#8221;full_width&#8221; angled_section=&#8221;no&#8221; text_align=&#8221;left&#8221; background_image_as_pattern=&#8221;without_pattern&#8221;][vc_column][vc_column_text]<\/p>\r\n<p><br \/>[\/vc_column_text][\/vc_column][\/vc_row][vc_row css_animation=&#8221;&#8221; row_type=&#8221;row&#8221; use_row_as_full_screen_section=&#8221;no&#8221; type=&#8221;full_width&#8221; angled_section=&#8221;no&#8221; text_align=&#8221;left&#8221; background_image_as_pattern=&#8221;without_pattern&#8221; background_image=&#8221;14928&#8243; z_index=&#8221;&#8221;][vc_column][vc_empty_space height=&#8221;400px&#8221;][vc_column_text el_class=&#8221;span&#8221;]<\/p>\r\n<h1 style=\"text-align: center;\">SMD &amp; THT ASSEMBLY<\/h1>\r\n<p>[\/vc_column_text][\/vc_column][\/vc_row][vc_row css_animation=&#8221;&#8221; row_type=&#8221;row&#8221; use_row_as_full_screen_section=&#8221;no&#8221; type=&#8221;grid&#8221; angled_section=&#8221;no&#8221; text_align=&#8221;center&#8221; background_image_as_pattern=&#8221;with_pattern&#8221; background_color=&#8221;#ffffff&#8221; padding_top=&#8221;0&#8243; padding_bottom=&#8221;34&#8243; el_class=&#8221;back_header&#8221; css=&#8221;.vc_custom_1514682885257{background-position: 0 0 !important;background-repeat: no-repeat !important;}&#8221; z_index=&#8221;&#8221;][vc_column][vc_empty_space height=&#8221;5px&#8221;][vc_column_text el_class=&#8221;test&#8221;]<\/p>\r\n<p style=\"text-align: center;\">Offer high quality services,<br \/>confirmed by national and foreign organizations.<\/p>\r\n<p>[\/vc_column_text][vc_empty_space height=&#8221;50px&#8221;][vc_column_text]<\/p>\r\n<h4 style=\"text-align: center;\">WE OFFER<\/h4>\r\n<p>[\/vc_column_text][vc_empty_space][vc_row_inner row_type=&#8221;row&#8221; type=&#8221;full_width&#8221; text_align=&#8221;left&#8221; css_animation=&#8221;&#8221;][vc_column_inner width=&#8221;1\/2&#8243;][vc_column_text]<\/p>\r\n<h2><span style=\"color: #08a956;\">TECHNOSYSTEM \u2013 PROFESSIONAL AND COMPREHENSIVE PRODUCTION OF ELECTRONIC DEVICES<\/span><\/h2>\r\n<p>[\/vc_column_text][\/vc_column_inner][vc_column_inner el_class=&#8221;justify&#8221; width=&#8221;1\/2&#8243;][vc_column_text]We offer a comprehensive service of production orders on entrusted materials as well as based on our own purchases. We cooperate only with reputable suppliers of components and printed circuits. We provide PCBs manufactured on traditional FR4 laminates as well as on special materials such as Nelco, Isola, Rogers. We offer traditional rigid circuits from 1 to 24 layers, as well as flex and rigid \/ flex circuits.<\/p>\r\n<p>At the special request of our clients, we perform functional and aging tests in the thermal shock chamber. Our services are covered by a 12-month warranty.[\/vc_column_text][\/vc_column_inner][\/vc_row_inner][vc_row_inner row_type=&#8221;row&#8221; type=&#8221;full_width&#8221; text_align=&#8221;left&#8221; css_animation=&#8221;&#8221;][vc_column_inner][vc_empty_space height=&#8221;60px&#8221;][vc_column_text]We provide electronic devices for numerous industries. Our products are used both on the ground and in the sky. Among other things, we manufacture subassemblies for the telecommunications, IT, automotive, rail, military and space industries. Our systems are also mounted in drone, in medical equipment and in advanced measuring devices used in quantum physics. We are everywhere![\/vc_column_text][\/vc_column_inner][\/vc_row_inner][\/vc_column][\/vc_row][vc_row css_animation=&#8221;&#8221; row_type=&#8221;row&#8221; use_row_as_full_screen_section=&#8221;no&#8221; type=&#8221;grid&#8221; angled_section=&#8221;no&#8221; text_align=&#8221;left&#8221; background_image_as_pattern=&#8221;without_pattern&#8221; background_color=&#8221;#ffffff&#8221; z_index=&#8221;&#8221;][vc_column width=&#8221;1\/4&#8243;][vc_single_image image=&#8221;15599&#8243; img_size=&#8221;full&#8221; alignment=&#8221;center&#8221; style=&#8221;vc_box_outline&#8221; qode_css_animation=&#8221;&#8221;][\/vc_column][vc_column width=&#8221;1\/4&#8243;][vc_single_image image=&#8221;15598&#8243; img_size=&#8221;full&#8221; alignment=&#8221;center&#8221; style=&#8221;vc_box_outline&#8221; qode_css_animation=&#8221;&#8221;][\/vc_column][vc_column width=&#8221;1\/4&#8243;][vc_single_image image=&#8221;15597&#8243; img_size=&#8221;full&#8221; alignment=&#8221;center&#8221; style=&#8221;vc_box_outline&#8221; qode_css_animation=&#8221;&#8221;][\/vc_column][vc_column width=&#8221;1\/4&#8243;][vc_single_image image=&#8221;15596&#8243; img_size=&#8221;full&#8221; alignment=&#8221;center&#8221; style=&#8221;vc_box_outline&#8221; qode_css_animation=&#8221;&#8221; alt=&#8221;&#8221;][\/vc_column][\/vc_row][vc_row css_animation=&#8221;&#8221; row_type=&#8221;row&#8221; use_row_as_full_screen_section=&#8221;no&#8221; type=&#8221;full_width&#8221; angled_section=&#8221;no&#8221; text_align=&#8221;left&#8221; background_image_as_pattern=&#8221;without_pattern&#8221; background_color=&#8221;#ffffff&#8221; z_index=&#8221;&#8221;][vc_column][vc_empty_space][\/vc_column][\/vc_row][vc_row css_animation=&#8221;&#8221; row_type=&#8221;row&#8221; use_row_as_full_screen_section=&#8221;no&#8221; type=&#8221;grid&#8221; angled_section=&#8221;no&#8221; text_align=&#8221;center&#8221; background_image_as_pattern=&#8221;without_pattern&#8221; background_color=&#8221;#f2f2f2&#8243; padding_top=&#8221;46&#8243; padding_bottom=&#8221;49&#8243; el_class=&#8221;technosystem_home_carousel&#8221;][vc_column][vc_column_text]<\/p>\r\n<p style=\"text-align: center;\">OUR PARTNERS<\/p>\r\n<p>[\/vc_column_text][vc_empty_space height=&#8221;60px&#8221;]<div class='qode_carousels_holder clearfix'><div class='qode_carousels' data-number-of-visible-items='4'><ul class='slides'><li class='item'><div class=\"carousel_item_holder\"><a itemprop='url' href='http:\/\/www.desy.de\/' target='_self'><span class='first_image_holder has_hover_image'><img decoding=\"async\" itemprop=\"image\" src=\"https:\/\/technosystem.pl\/wp-content\/uploads\/2017\/10\/client1-1.png\" alt=\"carousel image\" \/><\/span><span class='second_image_holder has_hover_image'><img decoding=\"async\" itemprop=\"image\" src=\"https:\/\/technosystem.pl\/wp-content\/uploads\/2017\/10\/client1-1.png\" alt=\"carousel image\" \/><\/span><\/a><\/div><\/li><li class='item'><div class=\"carousel_item_holder\"><a itemprop='url' href='https:\/\/www.uw.edu.pl\/' target='_self'><span class='first_image_holder has_hover_image'><img decoding=\"async\" itemprop=\"image\" src=\"https:\/\/technosystem.pl\/wp-content\/uploads\/2017\/10\/clien2.png\" alt=\"carousel image\" \/><\/span><span class='second_image_holder has_hover_image'><img decoding=\"async\" itemprop=\"image\" src=\"https:\/\/technosystem.pl\/wp-content\/uploads\/2017\/10\/clien2.png\" alt=\"carousel image\" \/><\/span><\/a><\/div><\/li><li class='item'><div class=\"carousel_item_holder\"><a itemprop='url' href='https:\/\/www.pw.edu.pl\/' target='_self'><span class='first_image_holder has_hover_image'><img decoding=\"async\" itemprop=\"image\" src=\"https:\/\/technosystem.pl\/wp-content\/uploads\/2017\/10\/client3-1.png\" alt=\"carousel image\" \/><\/span><span class='second_image_holder has_hover_image'><img decoding=\"async\" itemprop=\"image\" src=\"https:\/\/technosystem.pl\/wp-content\/uploads\/2017\/10\/client3-1.png\" alt=\"carousel image\" \/><\/span><\/a><\/div><\/li><li class='item'><div class=\"carousel_item_holder\"><a itemprop='url' href='https:\/\/www.ncbj.gov.pl\/' target='_self'><span class='first_image_holder has_hover_image'><img decoding=\"async\" itemprop=\"image\" src=\"https:\/\/technosystem.pl\/wp-content\/uploads\/2017\/10\/client4-1.png\" alt=\"carousel image\" \/><\/span><span class='second_image_holder has_hover_image'><img decoding=\"async\" itemprop=\"image\" src=\"https:\/\/technosystem.pl\/wp-content\/uploads\/2017\/10\/client4-1.png\" alt=\"carousel image\" \/><\/span><\/a><\/div><\/li><\/ul><\/div><\/div>[\/vc_column][\/vc_row][vc_row css_animation=&#8221;&#8221; row_type=&#8221;row&#8221; use_row_as_full_screen_section=&#8221;no&#8221; type=&#8221;full_width&#8221; angled_section=&#8221;no&#8221; text_align=&#8221;left&#8221; background_image_as_pattern=&#8221;without_pattern&#8221; background_color=&#8221;#ffffff&#8221;][vc_column][vc_empty_space height=&#8221;60px&#8221;][vc_column_text el_class=&#8221;span&#8221;]<\/p>\r\n<\/div>","protected":false},"excerpt":{"rendered":"<p>[vc_row css_animation=&#8221;&#8221; row_type=&#8221;row&#8221; use_row_as_full_screen_section=&#8221;no&#8221; type=&#8221;full_width&#8221; angled_section=&#8221;no&#8221; text_align=&#8221;left&#8221; background_image_as_pattern=&#8221;without_pattern&#8221;][vc_column][vc_column_text] [\/vc_column_text][\/vc_column][\/vc_row][vc_row css_animation=&#8221;&#8221; row_type=&#8221;row&#8221; use_row_as_full_screen_section=&#8221;no&#8221; type=&#8221;full_width&#8221; angled_section=&#8221;no&#8221; text_align=&#8221;left&#8221; background_image_as_pattern=&#8221;without_pattern&#8221; background_image=&#8221;14928&#8243; z_index=&#8221;&#8221;][vc_column][vc_empty_space height=&#8221;400px&#8221;][vc_column_text el_class=&#8221;span&#8221;] SMD &amp; THT ASSEMBLY [\/vc_column_text][\/vc_column][\/vc_row][vc_row css_animation=&#8221;&#8221; row_type=&#8221;row&#8221; use_row_as_full_screen_section=&#8221;no&#8221; type=&#8221;grid&#8221; angled_section=&#8221;no&#8221; text_align=&#8221;center&#8221; background_image_as_pattern=&#8221;with_pattern&#8221; background_color=&#8221;#ffffff&#8221; padding_top=&#8221;0&#8243; padding_bottom=&#8221;34&#8243; el_class=&#8221;back_header&#8221; css=&#8221;.vc_custom_1514682885257{background-position: 0 0 !important;background-repeat: no-repeat !important;}&#8221; z_index=&#8221;&#8221;][vc_column][vc_empty_space height=&#8221;5px&#8221;][vc_column_text el_class=&#8221;test&#8221;]&#8230;<\/p>\n","protected":false},"author":1,"featured_media":0,"parent":0,"menu_order":0,"comment_status":"open","ping_status":"open","template":"full_width.php","meta":{"footnotes":""},"class_list":["post-16002","page","type-page","status-publish","hentry"],"yoast_head":"<!-- This site is optimized with the Yoast SEO plugin v27.2 - https:\/\/yoast.com\/product\/yoast-seo-wordpress\/ -->\n<title>Home page - Technosystem Sp. z o.o.<\/title>\n<meta name=\"robots\" content=\"index, follow, max-snippet:-1, max-image-preview:large, max-video-preview:-1\" \/>\n<link rel=\"canonical\" href=\"https:\/\/technosystem.pl\/en\/strona-glowna\/\" \/>\n<meta property=\"og:locale\" content=\"en_US\" \/>\n<meta property=\"og:type\" content=\"article\" \/>\n<meta property=\"og:title\" content=\"Home page - Technosystem Sp. z o.o.\" \/>\n<meta property=\"og:description\" content=\"[vc_row css_animation=&#8221;&#8221; row_type=&#8221;row&#8221; use_row_as_full_screen_section=&#8221;no&#8221; type=&#8221;full_width&#8221; angled_section=&#8221;no&#8221; text_align=&#8221;left&#8221; background_image_as_pattern=&#8221;without_pattern&#8221;][vc_column][vc_column_text] [\/vc_column_text][\/vc_column][\/vc_row][vc_row css_animation=&#8221;&#8221; row_type=&#8221;row&#8221; use_row_as_full_screen_section=&#8221;no&#8221; type=&#8221;full_width&#8221; angled_section=&#8221;no&#8221; text_align=&#8221;left&#8221; background_image_as_pattern=&#8221;without_pattern&#8221; background_image=&#8221;14928&#8243; z_index=&#8221;&#8221;][vc_column][vc_empty_space height=&#8221;400px&#8221;][vc_column_text el_class=&#8221;span&#8221;] SMD &amp; THT ASSEMBLY [\/vc_column_text][\/vc_column][\/vc_row][vc_row css_animation=&#8221;&#8221; row_type=&#8221;row&#8221; use_row_as_full_screen_section=&#8221;no&#8221; type=&#8221;grid&#8221; angled_section=&#8221;no&#8221; text_align=&#8221;center&#8221; background_image_as_pattern=&#8221;with_pattern&#8221; background_color=&#8221;#ffffff&#8221; padding_top=&#8221;0&#8243; padding_bottom=&#8221;34&#8243; el_class=&#8221;back_header&#8221; css=&#8221;.vc_custom_1514682885257{background-position: 0 0 !important;background-repeat: no-repeat !important;}&#8221; z_index=&#8221;&#8221;][vc_column][vc_empty_space height=&#8221;5px&#8221;][vc_column_text el_class=&#8221;test&#8221;]...\" \/>\n<meta property=\"og:url\" content=\"https:\/\/technosystem.pl\/en\/strona-glowna\/\" \/>\n<meta property=\"og:site_name\" content=\"Technosystem Sp. z o.o.\" \/>\n<meta property=\"article:publisher\" content=\"https:\/\/www.facebook.com\/TechnoSystemSpzoo\/\" \/>\n<meta property=\"article:modified_time\" content=\"2024-05-10T09:58:37+00:00\" \/>\n<meta name=\"twitter:card\" content=\"summary_large_image\" \/>\n<meta name=\"twitter:label1\" content=\"Est. reading time\" \/>\n\t<meta name=\"twitter:data1\" content=\"4 minutes\" \/>\n<script type=\"application\/ld+json\" class=\"yoast-schema-graph\">{\"@context\":\"https:\/\/schema.org\",\"@graph\":[{\"@type\":\"WebPage\",\"@id\":\"https:\/\/technosystem.pl\/en\/strona-glowna\/\",\"url\":\"https:\/\/technosystem.pl\/en\/strona-glowna\/\",\"name\":\"Home page - Technosystem Sp. z o.o.\",\"isPartOf\":{\"@id\":\"https:\/\/technosystem.pl\/#website\"},\"datePublished\":\"2018-03-16T21:10:00+00:00\",\"dateModified\":\"2024-05-10T09:58:37+00:00\",\"breadcrumb\":{\"@id\":\"https:\/\/technosystem.pl\/en\/strona-glowna\/#breadcrumb\"},\"inLanguage\":\"en-US\",\"potentialAction\":[{\"@type\":\"ReadAction\",\"target\":[\"https:\/\/technosystem.pl\/en\/strona-glowna\/\"]}]},{\"@type\":\"BreadcrumbList\",\"@id\":\"https:\/\/technosystem.pl\/en\/strona-glowna\/#breadcrumb\",\"itemListElement\":[{\"@type\":\"ListItem\",\"position\":1,\"name\":\"Strona g\u0142\u00f3wna\",\"item\":\"https:\/\/technosystem.pl\/en\/strona-glowna\/\"},{\"@type\":\"ListItem\",\"position\":2,\"name\":\"Home page\"}]},{\"@type\":\"WebSite\",\"@id\":\"https:\/\/technosystem.pl\/#website\",\"url\":\"https:\/\/technosystem.pl\/\",\"name\":\"Technosystem Sp. z o.o.\",\"description\":\"Technosystem - Profesjonalny i kompleksowy monta\u017c SMD oraz monta\u017c THT. Oferujemy kompleksow\u0105 obs\u0142ug\u0119 zlece\u0144 produkcyjnych na materia\u0142ach\",\"publisher\":{\"@id\":\"https:\/\/technosystem.pl\/#organization\"},\"potentialAction\":[{\"@type\":\"SearchAction\",\"target\":{\"@type\":\"EntryPoint\",\"urlTemplate\":\"https:\/\/technosystem.pl\/?s={search_term_string}\"},\"query-input\":{\"@type\":\"PropertyValueSpecification\",\"valueRequired\":true,\"valueName\":\"search_term_string\"}}],\"inLanguage\":\"en-US\"},{\"@type\":\"Organization\",\"@id\":\"https:\/\/technosystem.pl\/#organization\",\"name\":\"Technosystem Sp. z o.o.\",\"url\":\"https:\/\/technosystem.pl\/\",\"logo\":{\"@type\":\"ImageObject\",\"inLanguage\":\"en-US\",\"@id\":\"https:\/\/technosystem.pl\/#\/schema\/logo\/image\/\",\"url\":\"https:\/\/technosystem.pl\/wp-content\/uploads\/2024\/04\/logo-1.png\",\"contentUrl\":\"https:\/\/technosystem.pl\/wp-content\/uploads\/2024\/04\/logo-1.png\",\"width\":235,\"height\":33,\"caption\":\"Technosystem Sp. z o.o.\"},\"image\":{\"@id\":\"https:\/\/technosystem.pl\/#\/schema\/logo\/image\/\"},\"sameAs\":[\"https:\/\/www.facebook.com\/TechnoSystemSpzoo\/\",\"https:\/\/www.youtube.com\/channel\/UCtag1RRGGZdlCMlsXHr8F9A\",\"https:\/\/www.linkedin.com\/company\/technosystem-sp-z-o-o\/?viewAsMember=true\"]}]}<\/script>\n<!-- \/ Yoast SEO plugin. -->","yoast_head_json":{"title":"Home page - Technosystem Sp. z o.o.","robots":{"index":"index","follow":"follow","max-snippet":"max-snippet:-1","max-image-preview":"max-image-preview:large","max-video-preview":"max-video-preview:-1"},"canonical":"https:\/\/technosystem.pl\/en\/strona-glowna\/","og_locale":"en_US","og_type":"article","og_title":"Home page - Technosystem Sp. z o.o.","og_description":"[vc_row css_animation=&#8221;&#8221; row_type=&#8221;row&#8221; use_row_as_full_screen_section=&#8221;no&#8221; type=&#8221;full_width&#8221; angled_section=&#8221;no&#8221; text_align=&#8221;left&#8221; background_image_as_pattern=&#8221;without_pattern&#8221;][vc_column][vc_column_text] [\/vc_column_text][\/vc_column][\/vc_row][vc_row css_animation=&#8221;&#8221; row_type=&#8221;row&#8221; use_row_as_full_screen_section=&#8221;no&#8221; type=&#8221;full_width&#8221; angled_section=&#8221;no&#8221; text_align=&#8221;left&#8221; background_image_as_pattern=&#8221;without_pattern&#8221; background_image=&#8221;14928&#8243; z_index=&#8221;&#8221;][vc_column][vc_empty_space height=&#8221;400px&#8221;][vc_column_text el_class=&#8221;span&#8221;] SMD &amp; THT ASSEMBLY [\/vc_column_text][\/vc_column][\/vc_row][vc_row css_animation=&#8221;&#8221; row_type=&#8221;row&#8221; use_row_as_full_screen_section=&#8221;no&#8221; type=&#8221;grid&#8221; angled_section=&#8221;no&#8221; text_align=&#8221;center&#8221; background_image_as_pattern=&#8221;with_pattern&#8221; background_color=&#8221;#ffffff&#8221; padding_top=&#8221;0&#8243; padding_bottom=&#8221;34&#8243; el_class=&#8221;back_header&#8221; css=&#8221;.vc_custom_1514682885257{background-position: 0 0 !important;background-repeat: no-repeat !important;}&#8221; z_index=&#8221;&#8221;][vc_column][vc_empty_space height=&#8221;5px&#8221;][vc_column_text el_class=&#8221;test&#8221;]...","og_url":"https:\/\/technosystem.pl\/en\/strona-glowna\/","og_site_name":"Technosystem Sp. z o.o.","article_publisher":"https:\/\/www.facebook.com\/TechnoSystemSpzoo\/","article_modified_time":"2024-05-10T09:58:37+00:00","twitter_card":"summary_large_image","twitter_misc":{"Est. reading time":"4 minutes"},"schema":{"@context":"https:\/\/schema.org","@graph":[{"@type":"WebPage","@id":"https:\/\/technosystem.pl\/en\/strona-glowna\/","url":"https:\/\/technosystem.pl\/en\/strona-glowna\/","name":"Home page - Technosystem Sp. z o.o.","isPartOf":{"@id":"https:\/\/technosystem.pl\/#website"},"datePublished":"2018-03-16T21:10:00+00:00","dateModified":"2024-05-10T09:58:37+00:00","breadcrumb":{"@id":"https:\/\/technosystem.pl\/en\/strona-glowna\/#breadcrumb"},"inLanguage":"en-US","potentialAction":[{"@type":"ReadAction","target":["https:\/\/technosystem.pl\/en\/strona-glowna\/"]}]},{"@type":"BreadcrumbList","@id":"https:\/\/technosystem.pl\/en\/strona-glowna\/#breadcrumb","itemListElement":[{"@type":"ListItem","position":1,"name":"Strona g\u0142\u00f3wna","item":"https:\/\/technosystem.pl\/en\/strona-glowna\/"},{"@type":"ListItem","position":2,"name":"Home page"}]},{"@type":"WebSite","@id":"https:\/\/technosystem.pl\/#website","url":"https:\/\/technosystem.pl\/","name":"Technosystem Sp. z o.o.","description":"Technosystem - Profesjonalny i kompleksowy monta\u017c SMD oraz monta\u017c THT. Oferujemy kompleksow\u0105 obs\u0142ug\u0119 zlece\u0144 produkcyjnych na materia\u0142ach","publisher":{"@id":"https:\/\/technosystem.pl\/#organization"},"potentialAction":[{"@type":"SearchAction","target":{"@type":"EntryPoint","urlTemplate":"https:\/\/technosystem.pl\/?s={search_term_string}"},"query-input":{"@type":"PropertyValueSpecification","valueRequired":true,"valueName":"search_term_string"}}],"inLanguage":"en-US"},{"@type":"Organization","@id":"https:\/\/technosystem.pl\/#organization","name":"Technosystem Sp. z o.o.","url":"https:\/\/technosystem.pl\/","logo":{"@type":"ImageObject","inLanguage":"en-US","@id":"https:\/\/technosystem.pl\/#\/schema\/logo\/image\/","url":"https:\/\/technosystem.pl\/wp-content\/uploads\/2024\/04\/logo-1.png","contentUrl":"https:\/\/technosystem.pl\/wp-content\/uploads\/2024\/04\/logo-1.png","width":235,"height":33,"caption":"Technosystem Sp. z o.o."},"image":{"@id":"https:\/\/technosystem.pl\/#\/schema\/logo\/image\/"},"sameAs":["https:\/\/www.facebook.com\/TechnoSystemSpzoo\/","https:\/\/www.youtube.com\/channel\/UCtag1RRGGZdlCMlsXHr8F9A","https:\/\/www.linkedin.com\/company\/technosystem-sp-z-o-o\/?viewAsMember=true"]}]}},"_links":{"self":[{"href":"https:\/\/technosystem.pl\/en\/wp-json\/wp\/v2\/pages\/16002","targetHints":{"allow":["GET"]}}],"collection":[{"href":"https:\/\/technosystem.pl\/en\/wp-json\/wp\/v2\/pages"}],"about":[{"href":"https:\/\/technosystem.pl\/en\/wp-json\/wp\/v2\/types\/page"}],"author":[{"embeddable":true,"href":"https:\/\/technosystem.pl\/en\/wp-json\/wp\/v2\/users\/1"}],"replies":[{"embeddable":true,"href":"https:\/\/technosystem.pl\/en\/wp-json\/wp\/v2\/comments?post=16002"}],"version-history":[{"count":43,"href":"https:\/\/technosystem.pl\/en\/wp-json\/wp\/v2\/pages\/16002\/revisions"}],"predecessor-version":[{"id":18230,"href":"https:\/\/technosystem.pl\/en\/wp-json\/wp\/v2\/pages\/16002\/revisions\/18230"}],"wp:attachment":[{"href":"https:\/\/technosystem.pl\/en\/wp-json\/wp\/v2\/media?parent=16002"}],"curies":[{"name":"wp","href":"https:\/\/api.w.org\/{rel}","templated":true}]}}