{"id":16019,"date":"2018-03-16T21:35:09","date_gmt":"2018-03-16T21:35:09","guid":{"rendered":"https:\/\/technosystem.pl\/?page_id=16019"},"modified":"2025-08-13T00:02:03","modified_gmt":"2025-08-12T22:02:03","slug":"about-us","status":"publish","type":"page","link":"https:\/\/technosystem.pl\/en\/about-us\/","title":{"rendered":"About us"},"content":{"rendered":"<div class=\"wpb-content-wrapper\"><p>[vc_row css_animation=&#8221;&#8221; row_type=&#8221;row&#8221; use_row_as_full_screen_section=&#8221;no&#8221; type=&#8221;grid&#8221; angled_section=&#8221;no&#8221; text_align=&#8221;left&#8221; background_image_as_pattern=&#8221;without_pattern&#8221; background_color=&#8221;#ffffff&#8221; border_color=&#8221;#ffffff&#8221; padding_top=&#8221;87&#8243; padding_bottom=&#8221;0&#8243;][vc_column][vc_column_text]<\/p>\n<h2 style=\"text-align: center;\"><span style=\"color: #08a956;\">ABOUT US<\/span><\/h2>\n<p>[\/vc_column_text][vc_column_text]<\/p>\n<h4>The origin of the company<\/h4>\n<p>&nbsp;<\/p>\n<p><span style=\"color: #000000;\">The company was created as a result of the demand for the production of prototypes of measuring electronics. The first engineers cooperated with the Warsaw University of Technology (Politechnika Warszawska) on the some projects related to new electronic communication technologies. In collaboration with companies that have implemented lead-free solder technology, Technosystem has gained experience and learned all the issues associated with free soldering. A young team and over 12 years of experience in the industry are our strengths, providing knowledge and energy that we use for each project.<\/span><\/p>\n<p>[\/vc_column_text][vc_empty_space][vc_video link=&#8221;https:\/\/www.youtube.com\/watch?v=ouv5t7u1U-Y&#8221; align=&#8221;center&#8221;][vc_row_inner row_type=&#8221;row&#8221; type=&#8221;full_width&#8221; text_align=&#8221;left&#8221; css_animation=&#8221;&#8221;][vc_column_inner][vc_empty_space][vc_gallery type=&#8221;image_grid&#8221; images=&#8221;16952,16962,16960,16958,16956,16954&#8243; img_size=&#8221;full&#8221; column_number=&#8221;3&#8243; grayscale=&#8221;no&#8221; images_space=&#8221;gallery_with_space&#8221;][\/vc_column_inner][\/vc_row_inner][vc_empty_space][vc_row_inner row_type=&#8221;row&#8221; type=&#8221;full_width&#8221; text_align=&#8221;left&#8221; css_animation=&#8221;&#8221;][vc_column_inner][vc_column_text]<\/p>\n<h4>Our strengths:<\/h4>\n<p>[\/vc_column_text][\/vc_column_inner][\/vc_row_inner][vc_empty_space]<div class='q_list circle'><\/p>\n<ul>\n<li>Precision and high-quality<\/li>\n<li>Attractive pricesy<\/li>\n<li>Flexibility<\/li>\n<li>Complexity<\/li>\n<\/ul>\n<p><\/div>[vc_empty_space][vc_column_text]<\/p>\n<h4>In addition, we provide:<\/h4>\n<p>[\/vc_column_text][vc_empty_space]<div class='q_list circle'><\/p>\n<ul>\n<li><span style=\"color: #000000;\">Specialized design and technical consultancy, optimization of projects, support <\/span><\/li>\n<li><span style=\"color: #000000;\">Tests in the shock chamber<\/span><\/li>\n<li><span style=\"color: #000000;\">Knowledge of the specifics of the market <\/span><\/li>\n<li><span style=\"color: #000000;\">Confidentiality policy <\/span><\/li>\n<li><span style=\"color: #000000;\">Professional and reliable service<\/span><\/li>\n<li><span style=\"color: #000000;\">The production complies with ISO and AQAP standards<\/span><\/li>\n<li><span style=\"color: #000000;\">12-month warranty<\/span><\/li>\n<\/ul>\n<p><\/div><div class=\"q_image_with_text_over one_fourth\"><div class=\"shader\" style = \"background-color: rgba(255,255,255,0.01)\"><\/div><img decoding=\"async\" itemprop=\"image\" src=\"https:\/\/technosystem.pl\/wp-content\/uploads\/2017\/10\/gwarancja.png\" alt=\"\" \/><div class=\"text\"><table><tr><td><h3 class=\"caption no_icon\" style=\"color: #020202;font-size: 8px;\"><\/h3><\/td><\/tr><\/table><table><tr><td><div class=\"desc\"><span class=\"warrenty\" style=\"color: #000000; text-size: 8px;\"><em>All our services are covered by a 12-month warranty. In case of unexpected faulty assembly, we offer transport at our expense. We provide corrections as soon as the goods are delivered. In the case of undetermined problems, we offer X-ray diagnostics.<\/em><\/span><\/div><\/td><\/tr><\/table><\/div><\/div>[vc_empty_space height=&#8221;64px&#8221;][vc_column_text]<\/p>\n<h4><span style=\"color: #000000;\">We provide electronic components and supervise their assembly<\/span><\/h4>\n<p>&nbsp;<\/p>\n<p><span style=\"color: #000000;\">Our services include providing and assembling electronic components. Thanks to the developed cooperation with distributors and manufacturers, we are able to provide the right parts at a very reasonable price and short delivery time. Thanks to our own machine park, we offer assembly of SMT components such as RC 01005, uBGA to BGA, QFN. Our assembly capacity is around 20 million items per month.<\/span><\/p>\n<h4><\/h4>\n<h4><span style=\"color: #000000;\">Printed circuits<\/span><\/h4>\n<p>&nbsp;<\/p>\n<p><span style=\"color: #000000;\">We offer printed circuits on Rogers or Flex laminates, or standard FR4 from 1 to 24 layers. In addition to the standard protective coating type HAL, we offer galvanic coatings and gold used mainly for the edge joints with a thickness of 0.76 \u03bcm. Electrical tests of printed circuits are included in the price.\u0119.<\/span><\/p>\n<h4><\/h4>\n<h4><span style=\"color: #000000;\">Tests in the thermal shock chamber<\/span><\/h4>\n<p>&nbsp;<\/p>\n<p><span style=\"color: #000000;\">We also offer tests in the thermal shock chamber. The devices are tested in high and low temperatures. The temperature range is from &#8211; 50 \u2103 to 150 \u2103. The transition time between the chambers is less than 5 second<\/span><span style=\"color: #000000;\">s.<\/span><\/p>\n<h4><\/h4>\n<h4><span style=\"color: #000000;\">Certificates:<\/span><\/h4>\n<p>&nbsp;<\/p>\n<p>[\/vc_column_text][vc_empty_space][vc_row_inner row_type=&#8221;row&#8221; type=&#8221;full_width&#8221; text_align=&#8221;left&#8221; css_animation=&#8221;&#8221;][vc_column_inner width=&#8221;1\/3&#8243;][vc_single_image image=&#8221;18503&#8243; img_size=&#8221;360&#215;580&#8243; alignment=&#8221;right&#8221; style=&#8221;vc_box_outline&#8221; onclick=&#8221;link_image&#8221; qode_css_animation=&#8221;&#8221;][\/vc_column_inner][vc_column_inner width=&#8221;1\/3&#8243;][vc_single_image image=&#8221;18505&#8243; img_size=&#8221;360&#215;580&#8243; alignment=&#8221;center&#8221; style=&#8221;vc_box_outline&#8221; onclick=&#8221;link_image&#8221; qode_css_animation=&#8221;&#8221;][\/vc_column_inner][vc_column_inner width=&#8221;1\/3&#8243;][vc_single_image image=&#8221;16814&#8243; img_size=&#8221;360&#215;580&#8243; style=&#8221;vc_box_outline&#8221; onclick=&#8221;link_image&#8221; qode_css_animation=&#8221;&#8221;][\/vc_column_inner][\/vc_row_inner][vc_row_inner row_type=&#8221;row&#8221; type=&#8221;full_width&#8221; text_align=&#8221;left&#8221; css_animation=&#8221;&#8221;][vc_column_inner width=&#8221;2\/3&#8243;][vc_column_text]<\/p>\n<p style=\"text-align: center;\"><strong><span style=\"color: #000080;\">Integrated Management System certified by CCJ, <\/span><\/strong><br \/>\n<strong><span style=\"color: #000080;\">an accredited entity operating within the structure of the Military University of Technology<\/span><\/strong><br \/>\n<a href=\"https:\/\/www.ccj.wat.edu.pl\/\">https:\/\/www.ccj.wat.edu.pl\/<\/a><\/p>\n<p>&nbsp;<\/p>\n<p>[\/vc_column_text][\/vc_column_inner][vc_column_inner width=&#8221;1\/3&#8243;][\/vc_column_inner][\/vc_row_inner][vc_row_inner row_type=&#8221;row&#8221; type=&#8221;full_width&#8221; text_align=&#8221;left&#8221; css_animation=&#8221;&#8221;][vc_column_inner width=&#8221;1\/3&#8243;][vc_single_image image=&#8221;18480&#8243; img_size=&#8221;360&#215;580&#8243; alignment=&#8221;right&#8221; style=&#8221;vc_box_outline&#8221; onclick=&#8221;link_image&#8221; qode_css_animation=&#8221;&#8221;][\/vc_column_inner][vc_column_inner width=&#8221;1\/3&#8243;][vc_single_image image=&#8221;18482&#8243; img_size=&#8221;360&#215;580&#8243; alignment=&#8221;center&#8221; style=&#8221;vc_box_outline&#8221; onclick=&#8221;link_image&#8221; qode_css_animation=&#8221;&#8221;][\/vc_column_inner][vc_column_inner width=&#8221;1\/3&#8243;][\/vc_column_inner][\/vc_row_inner][\/vc_column][\/vc_row][vc_row css_animation=&#8221;&#8221; row_type=&#8221;row&#8221; use_row_as_full_screen_section=&#8221;no&#8221; type=&#8221;grid&#8221; angled_section=&#8221;no&#8221; text_align=&#8221;left&#8221; background_image_as_pattern=&#8221;without_pattern&#8221; background_color=&#8221;#ffffff&#8221; padding_top=&#8221;87&#8243; z-index=&#8221;-1&#8243; padding_bottom=&#8221;81&#8243; el_class=&#8221;custom_color&#8221;][vc_column][vc_column_text]<\/p>\n<h2 style=\"text-align: center;\">A STEP BY STEP PROCESS<\/h2>\n<p>[\/vc_column_text][vc_separator type=&#8221;small&#8221; position=&#8221;center&#8221; up=&#8221;7&#8243; down=&#8221;35&#8243;][vc_column_text]<\/p>\n<h4 style=\"text-align: center;\">The process of creating, implementing and delivering the equipment looks as follows<\/h4>\n<h4 style=\"text-align: center;\"><\/h4>\n<p>[\/vc_column_text][vc_separator type=&#8221;transparent&#8221; up=&#8221;48&#8243; down=&#8221;0&#8243;][vc_row_inner row_type=&#8221;row&#8221; type=&#8221;full_width&#8221; text_align=&#8221;left&#8221; css_animation=&#8221;&#8221;][vc_column_inner width=&#8221;1\/12&#8243;][\/vc_column_inner][vc_column_inner width=&#8221;1\/6&#8243;][vc_single_image image=&#8221;15627&#8243; img_size=&#8221;full&#8221; alignment=&#8221;center&#8221; qode_css_animation=&#8221;&#8221;][vc_empty_space height=&#8221;20px&#8221;][vc_column_text el_class=&#8221;justify&#8221;]<\/p>\n<h3><\/h3>\n<h3 class=\"q_circle_title\" style=\"text-align: center;\">01 IDEA<\/h3>\n<p style=\"text-align: center;\">We look for innovation and new challenges. We cooperate with engineers from universities and institutes around the world. We are happy to work on innovative projects that we implement.<\/p>\n<p>[\/vc_column_text][\/vc_column_inner][vc_column_inner width=&#8221;1\/6&#8243;][vc_single_image image=&#8221;15628&#8243; img_size=&#8221;full&#8221; alignment=&#8221;center&#8221; qode_css_animation=&#8221;&#8221;][vc_empty_space height=&#8221;20px&#8221;][vc_column_text el_class=&#8221;justify&#8221;]<\/p>\n<h3><\/h3>\n<h3 class=\"q_circle_title\" style=\"text-align: center;\">02 PROJECT<\/h3>\n<p class=\"q_circle_text\" style=\"text-align: center;\">We carry out various projects in the electronics industry. Our systems and devices are used for research purposes and are used in everyday objects..<\/p>\n<p>[\/vc_column_text][\/vc_column_inner][vc_column_inner width=&#8221;1\/6&#8243;][vc_single_image image=&#8221;15629&#8243; img_size=&#8221;full&#8221; alignment=&#8221;center&#8221; qode_css_animation=&#8221;&#8221;][vc_empty_space height=&#8221;20px&#8221;][vc_column_text el_class=&#8221;justify&#8221;]<\/p>\n<h3><\/h3>\n<h3 class=\"q_circle_title\" style=\"text-align: center;\">03 PROTOTYPE<\/h3>\n<p class=\"q_circle_text\" style=\"text-align: center;\">Each new project is preceded by a professional prototype, made with particular precision and care.<\/p>\n<p>[\/vc_column_text][\/vc_column_inner][vc_column_inner width=&#8221;1\/6&#8243;][vc_single_image image=&#8221;15630&#8243; img_size=&#8221;full&#8221; alignment=&#8221;center&#8221; qode_css_animation=&#8221;&#8221;][vc_empty_space height=&#8221;20px&#8221;][vc_column_text el_class=&#8221;justify&#8221;]<\/p>\n<h3><\/h3>\n<h3 class=\"q_circle_title\" style=\"text-align: center;\">04 REALIZATION<\/h3>\n<p class=\"q_circle_text\" style=\"text-align: center;\">After successfully accepting the model copies, we proceed to production. We have at our disposal our modern machinery park and our reliable department of qualified THT assemblers.<\/p>\n<p>[\/vc_column_text][\/vc_column_inner][vc_column_inner width=&#8221;1\/6&#8243;][vc_single_image image=&#8221;15631&#8243; img_size=&#8221;full&#8221; alignment=&#8221;center&#8221; qode_css_animation=&#8221;&#8221;][vc_empty_space height=&#8221;20px&#8221;][vc_column_text el_class=&#8221;justify&#8221;]<\/p>\n<div class=\"wpb_text_column wpb_content_element \">\n<div class=\"wpb_wrapper\">\n<div class=\"q_circle_text_holder\">\n<h3><\/h3>\n<h3 class=\"q_circle_title\" style=\"text-align: center;\">05 TESTS<\/h3>\n<p class=\"q_circle_text\" style=\"text-align: center;\">Each system or device that is manufactured by us is precisely tested using the Marantz GTAz-520 and FDAz-350 AOI systems, which diagnose any errors in the assembly of electronic components.<\/p>\n<\/div>\n<\/div>\n<\/div>\n<p>[\/vc_column_text][\/vc_column_inner][\/vc_row_inner][\/vc_column][\/vc_row][vc_row css_animation=&#8221;&#8221; row_type=&#8221;row&#8221; use_row_as_full_screen_section=&#8221;no&#8221; type=&#8221;full_width&#8221; angled_section=&#8221;no&#8221; text_align=&#8221;left&#8221; background_image_as_pattern=&#8221;without_pattern&#8221; background_color=&#8221;#ffffff&#8221; z_index=&#8221;&#8221;][vc_column][vc_empty_space][\/vc_column][\/vc_row]<\/p>\n<\/div>","protected":false},"excerpt":{"rendered":"<p>[vc_row css_animation=&#8221;&#8221; row_type=&#8221;row&#8221; use_row_as_full_screen_section=&#8221;no&#8221; type=&#8221;grid&#8221; angled_section=&#8221;no&#8221; text_align=&#8221;left&#8221; background_image_as_pattern=&#8221;without_pattern&#8221; background_color=&#8221;#ffffff&#8221; border_color=&#8221;#ffffff&#8221; padding_top=&#8221;87&#8243; padding_bottom=&#8221;0&#8243;][vc_column][vc_column_text] ABOUT US [\/vc_column_text][vc_column_text] The origin of the company &nbsp; The company was created as a result of the demand for the production of prototypes of measuring electronics. The first engineers cooperated with the&#8230;<\/p>\n","protected":false},"author":1,"featured_media":0,"parent":0,"menu_order":0,"comment_status":"open","ping_status":"open","template":"full_width.php","meta":{"footnotes":""},"class_list":["post-16019","page","type-page","status-publish","hentry"],"yoast_head":"<!-- This site is optimized with the Yoast SEO plugin v27.2 - https:\/\/yoast.com\/product\/yoast-seo-wordpress\/ -->\n<title>About us - Technosystem Sp. z o.o.<\/title>\n<meta name=\"robots\" content=\"index, follow, max-snippet:-1, max-image-preview:large, max-video-preview:-1\" \/>\n<link rel=\"canonical\" href=\"https:\/\/technosystem.pl\/en\/about-us\/\" \/>\n<meta property=\"og:locale\" content=\"en_US\" \/>\n<meta property=\"og:type\" content=\"article\" \/>\n<meta property=\"og:title\" content=\"About us - Technosystem Sp. z o.o.\" \/>\n<meta property=\"og:description\" content=\"[vc_row css_animation=&#8221;&#8221; row_type=&#8221;row&#8221; use_row_as_full_screen_section=&#8221;no&#8221; type=&#8221;grid&#8221; angled_section=&#8221;no&#8221; text_align=&#8221;left&#8221; background_image_as_pattern=&#8221;without_pattern&#8221; background_color=&#8221;#ffffff&#8221; border_color=&#8221;#ffffff&#8221; padding_top=&#8221;87&#8243; padding_bottom=&#8221;0&#8243;][vc_column][vc_column_text] ABOUT US [\/vc_column_text][vc_column_text] The origin of the company &nbsp; The company was created as a result of the demand for the production of prototypes of measuring electronics. The first engineers cooperated with the...\" \/>\n<meta property=\"og:url\" content=\"https:\/\/technosystem.pl\/en\/about-us\/\" \/>\n<meta property=\"og:site_name\" content=\"Technosystem Sp. z o.o.\" \/>\n<meta property=\"article:publisher\" content=\"https:\/\/www.facebook.com\/TechnoSystemSpzoo\/\" \/>\n<meta property=\"article:modified_time\" content=\"2025-08-12T22:02:03+00:00\" \/>\n<meta name=\"twitter:card\" content=\"summary_large_image\" \/>\n<meta name=\"twitter:label1\" content=\"Est. reading time\" \/>\n\t<meta name=\"twitter:data1\" content=\"8 minutes\" \/>\n<script type=\"application\/ld+json\" class=\"yoast-schema-graph\">{\"@context\":\"https:\/\/schema.org\",\"@graph\":[{\"@type\":\"WebPage\",\"@id\":\"https:\/\/technosystem.pl\/en\/about-us\/\",\"url\":\"https:\/\/technosystem.pl\/en\/about-us\/\",\"name\":\"About us - Technosystem Sp. z o.o.\",\"isPartOf\":{\"@id\":\"https:\/\/technosystem.pl\/#website\"},\"datePublished\":\"2018-03-16T21:35:09+00:00\",\"dateModified\":\"2025-08-12T22:02:03+00:00\",\"breadcrumb\":{\"@id\":\"https:\/\/technosystem.pl\/en\/about-us\/#breadcrumb\"},\"inLanguage\":\"en-US\",\"potentialAction\":[{\"@type\":\"ReadAction\",\"target\":[\"https:\/\/technosystem.pl\/en\/about-us\/\"]}]},{\"@type\":\"BreadcrumbList\",\"@id\":\"https:\/\/technosystem.pl\/en\/about-us\/#breadcrumb\",\"itemListElement\":[{\"@type\":\"ListItem\",\"position\":1,\"name\":\"Strona g\u0142\u00f3wna\",\"item\":\"https:\/\/technosystem.pl\/en\/strona-glowna\/\"},{\"@type\":\"ListItem\",\"position\":2,\"name\":\"About us\"}]},{\"@type\":\"WebSite\",\"@id\":\"https:\/\/technosystem.pl\/#website\",\"url\":\"https:\/\/technosystem.pl\/\",\"name\":\"Technosystem Sp. z o.o.\",\"description\":\"Technosystem - Profesjonalny i kompleksowy monta\u017c SMD oraz monta\u017c THT. Oferujemy kompleksow\u0105 obs\u0142ug\u0119 zlece\u0144 produkcyjnych na materia\u0142ach\",\"publisher\":{\"@id\":\"https:\/\/technosystem.pl\/#organization\"},\"potentialAction\":[{\"@type\":\"SearchAction\",\"target\":{\"@type\":\"EntryPoint\",\"urlTemplate\":\"https:\/\/technosystem.pl\/?s={search_term_string}\"},\"query-input\":{\"@type\":\"PropertyValueSpecification\",\"valueRequired\":true,\"valueName\":\"search_term_string\"}}],\"inLanguage\":\"en-US\"},{\"@type\":\"Organization\",\"@id\":\"https:\/\/technosystem.pl\/#organization\",\"name\":\"Technosystem Sp. z o.o.\",\"url\":\"https:\/\/technosystem.pl\/\",\"logo\":{\"@type\":\"ImageObject\",\"inLanguage\":\"en-US\",\"@id\":\"https:\/\/technosystem.pl\/#\/schema\/logo\/image\/\",\"url\":\"https:\/\/technosystem.pl\/wp-content\/uploads\/2024\/04\/logo-1.png\",\"contentUrl\":\"https:\/\/technosystem.pl\/wp-content\/uploads\/2024\/04\/logo-1.png\",\"width\":235,\"height\":33,\"caption\":\"Technosystem Sp. z o.o.\"},\"image\":{\"@id\":\"https:\/\/technosystem.pl\/#\/schema\/logo\/image\/\"},\"sameAs\":[\"https:\/\/www.facebook.com\/TechnoSystemSpzoo\/\",\"https:\/\/www.youtube.com\/channel\/UCtag1RRGGZdlCMlsXHr8F9A\",\"https:\/\/www.linkedin.com\/company\/technosystem-sp-z-o-o\/?viewAsMember=true\"]}]}<\/script>\n<!-- \/ Yoast SEO plugin. -->","yoast_head_json":{"title":"About us - Technosystem Sp. z o.o.","robots":{"index":"index","follow":"follow","max-snippet":"max-snippet:-1","max-image-preview":"max-image-preview:large","max-video-preview":"max-video-preview:-1"},"canonical":"https:\/\/technosystem.pl\/en\/about-us\/","og_locale":"en_US","og_type":"article","og_title":"About us - Technosystem Sp. z o.o.","og_description":"[vc_row css_animation=&#8221;&#8221; row_type=&#8221;row&#8221; use_row_as_full_screen_section=&#8221;no&#8221; type=&#8221;grid&#8221; angled_section=&#8221;no&#8221; text_align=&#8221;left&#8221; background_image_as_pattern=&#8221;without_pattern&#8221; background_color=&#8221;#ffffff&#8221; border_color=&#8221;#ffffff&#8221; padding_top=&#8221;87&#8243; padding_bottom=&#8221;0&#8243;][vc_column][vc_column_text] ABOUT US [\/vc_column_text][vc_column_text] The origin of the company &nbsp; The company was created as a result of the demand for the production of prototypes of measuring electronics. The first engineers cooperated with the...","og_url":"https:\/\/technosystem.pl\/en\/about-us\/","og_site_name":"Technosystem Sp. z o.o.","article_publisher":"https:\/\/www.facebook.com\/TechnoSystemSpzoo\/","article_modified_time":"2025-08-12T22:02:03+00:00","twitter_card":"summary_large_image","twitter_misc":{"Est. reading time":"8 minutes"},"schema":{"@context":"https:\/\/schema.org","@graph":[{"@type":"WebPage","@id":"https:\/\/technosystem.pl\/en\/about-us\/","url":"https:\/\/technosystem.pl\/en\/about-us\/","name":"About us - Technosystem Sp. z o.o.","isPartOf":{"@id":"https:\/\/technosystem.pl\/#website"},"datePublished":"2018-03-16T21:35:09+00:00","dateModified":"2025-08-12T22:02:03+00:00","breadcrumb":{"@id":"https:\/\/technosystem.pl\/en\/about-us\/#breadcrumb"},"inLanguage":"en-US","potentialAction":[{"@type":"ReadAction","target":["https:\/\/technosystem.pl\/en\/about-us\/"]}]},{"@type":"BreadcrumbList","@id":"https:\/\/technosystem.pl\/en\/about-us\/#breadcrumb","itemListElement":[{"@type":"ListItem","position":1,"name":"Strona g\u0142\u00f3wna","item":"https:\/\/technosystem.pl\/en\/strona-glowna\/"},{"@type":"ListItem","position":2,"name":"About us"}]},{"@type":"WebSite","@id":"https:\/\/technosystem.pl\/#website","url":"https:\/\/technosystem.pl\/","name":"Technosystem Sp. z o.o.","description":"Technosystem - Profesjonalny i kompleksowy monta\u017c SMD oraz monta\u017c THT. Oferujemy kompleksow\u0105 obs\u0142ug\u0119 zlece\u0144 produkcyjnych na materia\u0142ach","publisher":{"@id":"https:\/\/technosystem.pl\/#organization"},"potentialAction":[{"@type":"SearchAction","target":{"@type":"EntryPoint","urlTemplate":"https:\/\/technosystem.pl\/?s={search_term_string}"},"query-input":{"@type":"PropertyValueSpecification","valueRequired":true,"valueName":"search_term_string"}}],"inLanguage":"en-US"},{"@type":"Organization","@id":"https:\/\/technosystem.pl\/#organization","name":"Technosystem Sp. z o.o.","url":"https:\/\/technosystem.pl\/","logo":{"@type":"ImageObject","inLanguage":"en-US","@id":"https:\/\/technosystem.pl\/#\/schema\/logo\/image\/","url":"https:\/\/technosystem.pl\/wp-content\/uploads\/2024\/04\/logo-1.png","contentUrl":"https:\/\/technosystem.pl\/wp-content\/uploads\/2024\/04\/logo-1.png","width":235,"height":33,"caption":"Technosystem Sp. z o.o."},"image":{"@id":"https:\/\/technosystem.pl\/#\/schema\/logo\/image\/"},"sameAs":["https:\/\/www.facebook.com\/TechnoSystemSpzoo\/","https:\/\/www.youtube.com\/channel\/UCtag1RRGGZdlCMlsXHr8F9A","https:\/\/www.linkedin.com\/company\/technosystem-sp-z-o-o\/?viewAsMember=true"]}]}},"_links":{"self":[{"href":"https:\/\/technosystem.pl\/en\/wp-json\/wp\/v2\/pages\/16019","targetHints":{"allow":["GET"]}}],"collection":[{"href":"https:\/\/technosystem.pl\/en\/wp-json\/wp\/v2\/pages"}],"about":[{"href":"https:\/\/technosystem.pl\/en\/wp-json\/wp\/v2\/types\/page"}],"author":[{"embeddable":true,"href":"https:\/\/technosystem.pl\/en\/wp-json\/wp\/v2\/users\/1"}],"replies":[{"embeddable":true,"href":"https:\/\/technosystem.pl\/en\/wp-json\/wp\/v2\/comments?post=16019"}],"version-history":[{"count":24,"href":"https:\/\/technosystem.pl\/en\/wp-json\/wp\/v2\/pages\/16019\/revisions"}],"predecessor-version":[{"id":18507,"href":"https:\/\/technosystem.pl\/en\/wp-json\/wp\/v2\/pages\/16019\/revisions\/18507"}],"wp:attachment":[{"href":"https:\/\/technosystem.pl\/en\/wp-json\/wp\/v2\/media?parent=16019"}],"curies":[{"name":"wp","href":"https:\/\/api.w.org\/{rel}","templated":true}]}}