{"id":16022,"date":"2018-03-16T22:19:13","date_gmt":"2018-03-16T22:19:13","guid":{"rendered":"https:\/\/technosystem.pl\/?page_id=16022"},"modified":"2024-03-20T16:39:59","modified_gmt":"2024-03-20T15:39:59","slug":"machinery-park","status":"publish","type":"page","link":"https:\/\/technosystem.pl\/en\/machinery-park\/","title":{"rendered":"Machine Park"},"content":{"rendered":"<div class=\"wpb-content-wrapper\"><p>[vc_row css_animation=&#8221;&#8221; row_type=&#8221;row&#8221; use_row_as_full_screen_section=&#8221;no&#8221; type=&#8221;full_width&#8221; angled_section=&#8221;no&#8221; text_align=&#8221;left&#8221; background_image_as_pattern=&#8221;without_pattern&#8221; background_color=&#8221;#ffffff&#8221;][vc_column][vc_column_text]<span style=\"color: #000000;\"><strong>SMT assembly (Surface Mount Technology)<\/strong> &#8211; method of mounting electronic components (SMD) on a printed circuit board (PCB). Components for such mounting are characterised by small dimensions, flat housings and soldering terminals in the form of flanges encompassing the ends of the housing. Surface mount assembly is usually carried out using automatic assembly machines.<\/span>[\/vc_column_text][vc_row_inner row_type=&#8221;row&#8221; type=&#8221;full_width&#8221; text_align=&#8221;left&#8221; css_animation=&#8221;&#8221;][vc_column_inner][vc_empty_space height=&#8221;15px&#8221;][\/vc_column_inner][\/vc_row_inner][vc_column_text]<span style=\"color: #000000;\">The SMT assembly consists three production lines.<\/span><\/p>\n<p>&nbsp;<\/p>\n<p><span style=\"color: #000000;\"><strong>Line I<\/strong> consists of the following equipment:<br \/>\n<\/span>[\/vc_column_text][vc_empty_space height=&#8221;15px&#8221;]<div class='q_list circle'><\/p>\n<ul>\n<li>Yamaha screen printer<\/li>\n<li>Yamaha automatic assembly machine<\/li>\n<li>Yamaha automatic assembly machine<\/li>\n<li>Yamaha automatic assembly machine<\/li>\n<li>ERSA Hotflow<\/li>\n<\/ul>\n<p><\/div>[vc_column_text]<span style=\"color: #000000;\">The line is completed by REECO, ASYS and Oubel conveyors, loading and unloading banks.<\/span>[\/vc_column_text][vc_empty_space height=&#8221;15px&#8221;][vc_single_image image=&#8221;17900&#8243; img_size=&#8221;1100&#215;551&#8243; alignment=&#8221;center&#8221; onclick=&#8221;link_image&#8221; qode_css_animation=&#8221;&#8221;][vc_empty_space height=&#8221;50px&#8221;][vc_column_text]<span style=\"color: #000000;\"><strong>Line II<\/strong> consists of the following equipment:<\/span><\/p>\n<p>[\/vc_column_text][vc_empty_space height=&#8221;15px&#8221;]<div class='q_list circle'><\/p>\n<ul>\n<li>Yamaha screen printer<\/li>\n<li>Automatic assembly machine<\/li>\n<li>Automatic assembly machine<\/li>\n<li>Automatic assembly machine<\/li>\n<li>ERSA Hotflow oven<\/li>\n<\/ul>\n<p><\/div>[vc_column_text]<span style=\"color: #000000;\">The line is completed by Oubel conveyors, loading and unloading banks.<\/span>[\/vc_column_text][vc_empty_space height=&#8221;15px&#8221;][vc_single_image image=&#8221;17906&#8243; img_size=&#8221;1100&#215;551&#8243; alignment=&#8221;center&#8221; onclick=&#8221;link_image&#8221; qode_css_animation=&#8221;&#8221;][vc_empty_space height=&#8221;50px&#8221;][vc_column_text]<span style=\"color: #000000;\"><strong>Line III<\/strong> consists of the following equipment:<\/span><\/p>\n<p>[\/vc_column_text][vc_empty_space height=&#8221;15px&#8221;]<div class='q_list circle'><\/p>\n<ul>\n<li>Ersa Versaprint screen printer<\/li>\n<li>Yamaha automatic Pick&amp;Place machine<\/li>\n<li>Yamaha automatic assembly machine<\/li>\n<li>Yamaha automatic assembly machine<\/li>\n<li>Ersa Hotflow oven<\/li>\n<\/ul>\n<p><\/div>[vc_column_text]<span style=\"color: #000000;\">The line is completed by Oubel conveyors, loading and unloading banks.<\/span>[\/vc_column_text][vc_empty_space height=&#8221;15px&#8221;][vc_single_image image=&#8221;17904&#8243; img_size=&#8221;1100&#215;551&#8243; alignment=&#8221;center&#8221; onclick=&#8221;link_image&#8221; qode_css_animation=&#8221;&#8221;][vc_empty_space][vc_column_text]<span style=\"color: #000000;\"><strong>THT (Through Hole Technology)<\/strong> components assembly &#8211; for projects with more THT solder points, selective soldering technology in nitrogen protection is used. Recently, selective soldering technology has been gaining popularity. Thanks to the use of miniature soldering nozzles, the need to heat the entire PCB surface is eliminated. Selective soldering spot assembly of THT components. The selective soldering process is fully controlled and the movement of the PCB and the individual phases of the process of soldering are programmed.<\/span><\/p>\n<p><span style=\"color: #000000;\">\u00a0<\/span><\/p>\n<p><span style=\"color: #000000;\">The THT includes the following selective assembly devices:<\/span><\/p>\n<p><span style=\"color: #000000;\">\u00a0<\/span>[\/vc_column_text]<div class='q_list circle'><\/p>\n<ul>\n<li><span style=\"color: #000000;\">Inter Select<\/span><\/li>\n<li><span style=\"color: #000000;\">Inter Select<\/span><\/li>\n<li><span style=\"color: #000000;\">Ersa Smartflow<\/span><\/li>\n<li><span style=\"color: #000000;\">Ersa Versaflow &#8211; complete with loading and unloading banks<\/span><\/li>\n<li><span style=\"color: #000000;\">Reeco soldering robot<\/span><\/li>\n<\/ul>\n<p><\/div>[vc_empty_space][vc_column_text]<span style=\"color: #000000;\">Complementary assembly of THT components is performed using a manual soldering station. In addition, the machine park is equipped with a selective coating system and a superwash machine.<\/span><\/p>\n<p><span style=\"color: #000000;\">\u00a0<\/span>[\/vc_column_text][vc_row_inner row_type=&#8221;row&#8221; type=&#8221;full_width&#8221; text_align=&#8221;left&#8221; css_animation=&#8221;&#8221;][vc_column_inner width=&#8221;1\/4&#8243;][vc_single_image image=&#8221;17851&#8243; img_size=&#8221;400&#215;500&#8243; alignment=&#8221;right&#8221; onclick=&#8221;link_image&#8221; qode_css_animation=&#8221;&#8221;][\/vc_column_inner][vc_column_inner width=&#8221;1\/4&#8243;][vc_single_image image=&#8221;17837&#8243; img_size=&#8221;400&#215;500&#8243; alignment=&#8221;center&#8221; onclick=&#8221;link_image&#8221; qode_css_animation=&#8221;&#8221;][\/vc_column_inner][vc_column_inner width=&#8221;1\/4&#8243;][vc_single_image image=&#8221;17876&#8243; img_size=&#8221;400&#215;500&#8243; alignment=&#8221;center&#8221; onclick=&#8221;link_image&#8221; qode_css_animation=&#8221;&#8221;][\/vc_column_inner][vc_column_inner width=&#8221;1\/4&#8243;][vc_single_image image=&#8221;17978&#8243; img_size=&#8221;400&#215;500&#8243; qode_css_animation=&#8221;&#8221;][\/vc_column_inner][\/vc_row_inner][vc_empty_space height=&#8221;15px&#8221;][vc_column_text]<span style=\"color: #000000;\"><strong>Assembly Quality Control Depending<\/strong> on customer requirements, circuits and components are manufactured to IPC-A-610G Class II or III. Electronic packages after the assembly process are visually inspected using digital microscopes and in the process of automatic optical inspection using the Marantz system.<\/span><\/p>\n<p><span style=\"color: #000000;\"><strong>The execution of the cutting-out process as well as the design<\/strong> process is carried out according to the requirements specified in <strong>Standard IPC7525A.<\/strong><\/span><\/p>\n<p><span style=\"color: #000000;\">Throughout the process, considerable emphasis is placed on <strong>ESD standards<\/strong> and on how products are stored and transported.<\/span>[\/vc_column_text][vc_empty_space height=&#8221;15px&#8221;][vc_row_inner row_type=&#8221;row&#8221; type=&#8221;full_width&#8221; text_align=&#8221;left&#8221; css_animation=&#8221;&#8221;][vc_column_inner width=&#8221;1\/4&#8243;][\/vc_column_inner][vc_column_inner width=&#8221;1\/2&#8243;][vc_gallery type=&#8221;flexslider_slide&#8221; interval=&#8221;0&#8243; images=&#8221;17863&#8243; img_size=&#8221;medium&#8221;][\/vc_column_inner][vc_column_inner width=&#8221;1\/4&#8243;][\/vc_column_inner][\/vc_row_inner][vc_empty_space][\/vc_column][\/vc_row]<\/p>\n<\/div>","protected":false},"excerpt":{"rendered":"<p>[vc_row css_animation=&#8221;&#8221; row_type=&#8221;row&#8221; use_row_as_full_screen_section=&#8221;no&#8221; type=&#8221;full_width&#8221; angled_section=&#8221;no&#8221; text_align=&#8221;left&#8221; background_image_as_pattern=&#8221;without_pattern&#8221; background_color=&#8221;#ffffff&#8221;][vc_column][vc_column_text]SMT assembly (Surface Mount Technology) &#8211; method of mounting electronic components (SMD) on a printed circuit board (PCB). Components for such mounting are characterised by small dimensions, flat housings and soldering terminals in the form of flanges&#8230;<\/p>\n","protected":false},"author":1,"featured_media":0,"parent":0,"menu_order":0,"comment_status":"closed","ping_status":"closed","template":"","meta":{"footnotes":""},"class_list":["post-16022","page","type-page","status-publish","hentry"],"yoast_head":"<!-- This site is optimized with the Yoast SEO plugin v27.2 - https:\/\/yoast.com\/product\/yoast-seo-wordpress\/ -->\n<title>Machine Park - Technosystem Sp. z o.o.<\/title>\n<meta name=\"robots\" content=\"index, follow, max-snippet:-1, max-image-preview:large, max-video-preview:-1\" \/>\n<link rel=\"canonical\" href=\"https:\/\/technosystem.pl\/en\/machinery-park\/\" \/>\n<meta property=\"og:locale\" content=\"en_US\" \/>\n<meta property=\"og:type\" content=\"article\" \/>\n<meta property=\"og:title\" content=\"Machine Park - Technosystem Sp. z o.o.\" \/>\n<meta property=\"og:description\" content=\"[vc_row css_animation=&#8221;&#8221; row_type=&#8221;row&#8221; use_row_as_full_screen_section=&#8221;no&#8221; type=&#8221;full_width&#8221; angled_section=&#8221;no&#8221; text_align=&#8221;left&#8221; background_image_as_pattern=&#8221;without_pattern&#8221; background_color=&#8221;#ffffff&#8221;][vc_column][vc_column_text]SMT assembly (Surface Mount Technology) &#8211; method of mounting electronic components (SMD) on a printed circuit board (PCB). Components for such mounting are characterised by small dimensions, flat housings and soldering terminals in the form of flanges...\" \/>\n<meta property=\"og:url\" content=\"https:\/\/technosystem.pl\/en\/machinery-park\/\" \/>\n<meta property=\"og:site_name\" content=\"Technosystem Sp. z o.o.\" \/>\n<meta property=\"article:publisher\" content=\"https:\/\/www.facebook.com\/TechnoSystemSpzoo\/\" \/>\n<meta property=\"article:modified_time\" content=\"2024-03-20T15:39:59+00:00\" \/>\n<meta name=\"twitter:card\" content=\"summary_large_image\" \/>\n<meta name=\"twitter:label1\" content=\"Est. reading time\" \/>\n\t<meta name=\"twitter:data1\" content=\"4 minutes\" \/>\n<script type=\"application\/ld+json\" class=\"yoast-schema-graph\">{\"@context\":\"https:\/\/schema.org\",\"@graph\":[{\"@type\":\"WebPage\",\"@id\":\"https:\/\/technosystem.pl\/en\/machinery-park\/\",\"url\":\"https:\/\/technosystem.pl\/en\/machinery-park\/\",\"name\":\"Machine Park - Technosystem Sp. z o.o.\",\"isPartOf\":{\"@id\":\"https:\/\/technosystem.pl\/#website\"},\"datePublished\":\"2018-03-16T22:19:13+00:00\",\"dateModified\":\"2024-03-20T15:39:59+00:00\",\"breadcrumb\":{\"@id\":\"https:\/\/technosystem.pl\/en\/machinery-park\/#breadcrumb\"},\"inLanguage\":\"en-US\",\"potentialAction\":[{\"@type\":\"ReadAction\",\"target\":[\"https:\/\/technosystem.pl\/en\/machinery-park\/\"]}]},{\"@type\":\"BreadcrumbList\",\"@id\":\"https:\/\/technosystem.pl\/en\/machinery-park\/#breadcrumb\",\"itemListElement\":[{\"@type\":\"ListItem\",\"position\":1,\"name\":\"Strona g\u0142\u00f3wna\",\"item\":\"https:\/\/technosystem.pl\/en\/strona-glowna\/\"},{\"@type\":\"ListItem\",\"position\":2,\"name\":\"Machine Park\"}]},{\"@type\":\"WebSite\",\"@id\":\"https:\/\/technosystem.pl\/#website\",\"url\":\"https:\/\/technosystem.pl\/\",\"name\":\"Technosystem Sp. z o.o.\",\"description\":\"Technosystem - Profesjonalny i kompleksowy monta\u017c SMD oraz monta\u017c THT. Oferujemy kompleksow\u0105 obs\u0142ug\u0119 zlece\u0144 produkcyjnych na materia\u0142ach\",\"publisher\":{\"@id\":\"https:\/\/technosystem.pl\/#organization\"},\"potentialAction\":[{\"@type\":\"SearchAction\",\"target\":{\"@type\":\"EntryPoint\",\"urlTemplate\":\"https:\/\/technosystem.pl\/?s={search_term_string}\"},\"query-input\":{\"@type\":\"PropertyValueSpecification\",\"valueRequired\":true,\"valueName\":\"search_term_string\"}}],\"inLanguage\":\"en-US\"},{\"@type\":\"Organization\",\"@id\":\"https:\/\/technosystem.pl\/#organization\",\"name\":\"Technosystem Sp. z o.o.\",\"url\":\"https:\/\/technosystem.pl\/\",\"logo\":{\"@type\":\"ImageObject\",\"inLanguage\":\"en-US\",\"@id\":\"https:\/\/technosystem.pl\/#\/schema\/logo\/image\/\",\"url\":\"https:\/\/technosystem.pl\/wp-content\/uploads\/2024\/04\/logo-1.png\",\"contentUrl\":\"https:\/\/technosystem.pl\/wp-content\/uploads\/2024\/04\/logo-1.png\",\"width\":235,\"height\":33,\"caption\":\"Technosystem Sp. z o.o.\"},\"image\":{\"@id\":\"https:\/\/technosystem.pl\/#\/schema\/logo\/image\/\"},\"sameAs\":[\"https:\/\/www.facebook.com\/TechnoSystemSpzoo\/\",\"https:\/\/www.youtube.com\/channel\/UCtag1RRGGZdlCMlsXHr8F9A\",\"https:\/\/www.linkedin.com\/company\/technosystem-sp-z-o-o\/?viewAsMember=true\"]}]}<\/script>\n<!-- \/ Yoast SEO plugin. -->","yoast_head_json":{"title":"Machine Park - Technosystem Sp. z o.o.","robots":{"index":"index","follow":"follow","max-snippet":"max-snippet:-1","max-image-preview":"max-image-preview:large","max-video-preview":"max-video-preview:-1"},"canonical":"https:\/\/technosystem.pl\/en\/machinery-park\/","og_locale":"en_US","og_type":"article","og_title":"Machine Park - Technosystem Sp. z o.o.","og_description":"[vc_row css_animation=&#8221;&#8221; row_type=&#8221;row&#8221; use_row_as_full_screen_section=&#8221;no&#8221; type=&#8221;full_width&#8221; angled_section=&#8221;no&#8221; text_align=&#8221;left&#8221; background_image_as_pattern=&#8221;without_pattern&#8221; background_color=&#8221;#ffffff&#8221;][vc_column][vc_column_text]SMT assembly (Surface Mount Technology) &#8211; method of mounting electronic components (SMD) on a printed circuit board (PCB). Components for such mounting are characterised by small dimensions, flat housings and soldering terminals in the form of flanges...","og_url":"https:\/\/technosystem.pl\/en\/machinery-park\/","og_site_name":"Technosystem Sp. z o.o.","article_publisher":"https:\/\/www.facebook.com\/TechnoSystemSpzoo\/","article_modified_time":"2024-03-20T15:39:59+00:00","twitter_card":"summary_large_image","twitter_misc":{"Est. reading time":"4 minutes"},"schema":{"@context":"https:\/\/schema.org","@graph":[{"@type":"WebPage","@id":"https:\/\/technosystem.pl\/en\/machinery-park\/","url":"https:\/\/technosystem.pl\/en\/machinery-park\/","name":"Machine Park - Technosystem Sp. z o.o.","isPartOf":{"@id":"https:\/\/technosystem.pl\/#website"},"datePublished":"2018-03-16T22:19:13+00:00","dateModified":"2024-03-20T15:39:59+00:00","breadcrumb":{"@id":"https:\/\/technosystem.pl\/en\/machinery-park\/#breadcrumb"},"inLanguage":"en-US","potentialAction":[{"@type":"ReadAction","target":["https:\/\/technosystem.pl\/en\/machinery-park\/"]}]},{"@type":"BreadcrumbList","@id":"https:\/\/technosystem.pl\/en\/machinery-park\/#breadcrumb","itemListElement":[{"@type":"ListItem","position":1,"name":"Strona g\u0142\u00f3wna","item":"https:\/\/technosystem.pl\/en\/strona-glowna\/"},{"@type":"ListItem","position":2,"name":"Machine Park"}]},{"@type":"WebSite","@id":"https:\/\/technosystem.pl\/#website","url":"https:\/\/technosystem.pl\/","name":"Technosystem Sp. z o.o.","description":"Technosystem - Profesjonalny i kompleksowy monta\u017c SMD oraz monta\u017c THT. Oferujemy kompleksow\u0105 obs\u0142ug\u0119 zlece\u0144 produkcyjnych na materia\u0142ach","publisher":{"@id":"https:\/\/technosystem.pl\/#organization"},"potentialAction":[{"@type":"SearchAction","target":{"@type":"EntryPoint","urlTemplate":"https:\/\/technosystem.pl\/?s={search_term_string}"},"query-input":{"@type":"PropertyValueSpecification","valueRequired":true,"valueName":"search_term_string"}}],"inLanguage":"en-US"},{"@type":"Organization","@id":"https:\/\/technosystem.pl\/#organization","name":"Technosystem Sp. z o.o.","url":"https:\/\/technosystem.pl\/","logo":{"@type":"ImageObject","inLanguage":"en-US","@id":"https:\/\/technosystem.pl\/#\/schema\/logo\/image\/","url":"https:\/\/technosystem.pl\/wp-content\/uploads\/2024\/04\/logo-1.png","contentUrl":"https:\/\/technosystem.pl\/wp-content\/uploads\/2024\/04\/logo-1.png","width":235,"height":33,"caption":"Technosystem Sp. z o.o."},"image":{"@id":"https:\/\/technosystem.pl\/#\/schema\/logo\/image\/"},"sameAs":["https:\/\/www.facebook.com\/TechnoSystemSpzoo\/","https:\/\/www.youtube.com\/channel\/UCtag1RRGGZdlCMlsXHr8F9A","https:\/\/www.linkedin.com\/company\/technosystem-sp-z-o-o\/?viewAsMember=true"]}]}},"_links":{"self":[{"href":"https:\/\/technosystem.pl\/en\/wp-json\/wp\/v2\/pages\/16022","targetHints":{"allow":["GET"]}}],"collection":[{"href":"https:\/\/technosystem.pl\/en\/wp-json\/wp\/v2\/pages"}],"about":[{"href":"https:\/\/technosystem.pl\/en\/wp-json\/wp\/v2\/types\/page"}],"author":[{"embeddable":true,"href":"https:\/\/technosystem.pl\/en\/wp-json\/wp\/v2\/users\/1"}],"replies":[{"embeddable":true,"href":"https:\/\/technosystem.pl\/en\/wp-json\/wp\/v2\/comments?post=16022"}],"version-history":[{"count":23,"href":"https:\/\/technosystem.pl\/en\/wp-json\/wp\/v2\/pages\/16022\/revisions"}],"predecessor-version":[{"id":18160,"href":"https:\/\/technosystem.pl\/en\/wp-json\/wp\/v2\/pages\/16022\/revisions\/18160"}],"wp:attachment":[{"href":"https:\/\/technosystem.pl\/en\/wp-json\/wp\/v2\/media?parent=16022"}],"curies":[{"name":"wp","href":"https:\/\/api.w.org\/{rel}","templated":true}]}}