{"id":16026,"date":"2017-10-14T10:40:36","date_gmt":"2017-10-14T10:40:36","guid":{"rendered":"https:\/\/technosystem.pl\/faq\/"},"modified":"2024-03-20T16:34:42","modified_gmt":"2024-03-20T15:34:42","slug":"faq","status":"publish","type":"page","link":"https:\/\/technosystem.pl\/en\/faq\/","title":{"rendered":"Faq"},"content":{"rendered":"<div class=\"wpb-content-wrapper\"><p>[vc_row css_animation=&#8221;&#8221; row_type=&#8221;row&#8221; use_row_as_full_screen_section=&#8221;no&#8221; type=&#8221;full_width&#8221; angled_section=&#8221;no&#8221; text_align=&#8221;left&#8221; background_image_as_pattern=&#8221;without_pattern&#8221; background_color=&#8221;#ffffff&#8221;][vc_column][vc_empty_space][vc_accordion style=&#8221;accordion&#8221;][vc_accordion_tab title=&#8221;What type of tests and controls do you offer?&#8221; title_color=&#8221;#000000&#8243;][vc_column_text]<span style=\"color: #000000;\">We offer optical and automatic control in the AOI machine and tests in the shock chamber. At the client&#8217;s request (if we receive the appropriate software) we can also take care of device programming.<\/span><span style=\"color: #000000;\"> In addition, we have the X-RAY Viscom X8051 which allows us to carry out tests and inspections of manufactured components, electronic sub-assemblies, where connections are invisible by automatic optical inspection devices. This enables us to carry out extremely precise tests without damaging the electronics.<\/span>[\/vc_column_text][\/vc_accordion_tab][vc_accordion_tab title=&#8221;Does the stencil need to be cut out every time? Who is the owner of a template?&#8221; title_color=&#8221;#020202&#8243;][vc_column_text]<span style=\"color: #000000;\">We cut the new stencil if there are changes in the project. It can be used repeatedly and becomes the clients property. We offer its storage service.<\/span>[\/vc_column_text][\/vc_accordion_tab][vc_accordion_tab title=&#8221;What is the deadline for completing orders?&#8221; title_color=&#8221;#000000&#8243;][vc_column_text]<span style=\"color: #000000;\">The standard deadline for a complete assembly together with the ordering of electronic components and PCBs is 3 weeks.<\/span><\/p>\n<p><span style=\"color: #000000;\">The fastest possible term is about 1 week. However the lead time is closely related to the number of ordered devices, the degree of complexity of the design and the availability of components. Each time we try to realize orders as quickly as possible, in line with the expectations of our clients.<\/span><\/p>\n<p>[\/vc_column_text][\/vc_accordion_tab][vc_accordion_tab title=&#8221;what files are necessary for the valuation?&#8221; title_color=&#8221;#000000&#8243;][vc_column_text]<span style=\"color: #000000;\">To determine the price we need PCB files (Gerber files), a BOM file (containing a list of electronic components entering the project) and a Pick &amp; Place file (describing the positions of electronic components on the PCB).<\/span>[\/vc_column_text][\/vc_accordion_tab][\/vc_accordion][vc_empty_space][\/vc_column][\/vc_row][vc_row css_animation=&#8221;&#8221; row_type=&#8221;row&#8221; use_row_as_full_screen_section=&#8221;no&#8221; type=&#8221;full_width&#8221; angled_section=&#8221;no&#8221; text_align=&#8221;left&#8221; background_image_as_pattern=&#8221;without_pattern&#8221;][vc_column][vc_column_text]<\/p>\n<div class=\"col-md-9\">\n<h4><span style=\"color: #000000;\">AOI (ang. Automated Optical Inspection)<\/span><\/h4>\n<p><span style=\"color: #000000;\">Automatic optical testing of circuits involving the comparison of the actual image of the circuits scanned by the camera with the image generated on the basis of the Gerber project files from which these circuits were produced.<\/span><\/p>\n<p>&nbsp;<\/p>\n<h4><span style=\"color: #000000;\">FR-4<\/span><\/h4>\n<p><span style=\"color: #000000;\">The most popular material used for printed circuits. The FR-4 are laminates involving the comparison of a glass fiber fabric bonded with epoxy resin (refractory and self-extinguishing), which are covered with one or both sides of copper foil.<\/span><\/p>\n<h4><\/h4>\n<p>&nbsp;<\/p>\n<h4 class=\"western\"><span style=\"color: #000000;\">Surface mount (SMT)<\/span><\/h4>\n<p><span style=\"color: #000000;\">Surface Mount Technology &#8211; a method of assembling electronic components (SMD) on a printed circuit board (PCB); Surface assembly is usually carried out automatically.<\/span><\/p>\n<p>&nbsp;<\/p>\n<h4><span style=\"color: #000000;\">Through-hole assembly (THT)<\/span><\/h4>\n<p><span style=\"color: #000000;\">Through-hole Technology \u2013 spos\u00f3b montowania podzespo\u0142\u00f3w elektronicznych na p\u0142ytce obwodu drukowanego (PCB). Elementy przewlekane umieszcza si\u0119 r\u0119cznie lub automatycznie we wcze\u015bniej przygotowanych otworach w p\u0142ytach elektronicznych, a nast\u0119pnie lutuje po przeciwnej stronie.<\/span><\/p>\n<p>&nbsp;<\/p>\n<h4><span style=\"color: #000000;\">Mounting of connectors in PRESS-FIT technology<\/span><\/h4>\n<p><span style=\"color: #000000;\">Installation of multi-contact connectors is often used; they are not soldered joints, but pressed with a force of several tons per cm2; these connectors require special tools &#8211; presses for assembly and possible repair.<\/span><\/p>\n<p>&nbsp;<\/p>\n<h4><span style=\"color: #000000;\">Applying protective coatings<\/span><\/h4>\n<p><span style=\"color: #000000;\">(Conformal Coating) &#8211; protective coating applied to the electronic circuits in order to protect them against moisture, dirt, chemicals, temperature; covered elements are resistant to mechanical damage and vibrations; the coating can be applied by various methods:<\/span><\/p>\n<ul>\n<li><span style=\"color: #000000;\">varnishing (covering the PCB with varnish):<\/span>\n<ul>\n<li><span style=\"color: #000000;\">Immersed (Deep Coating) &#8211; the PCB is immersed in the varnish,<\/span><\/li>\n<li><span style=\"color: #000000;\">spray (Spray) &#8211; the PCB is coated with varnish in the form of spray<\/span><\/li>\n<\/ul>\n<\/li>\n<li><span style=\"color: #000000;\">pouring (resins, silicone and other plastic masses)<\/span>\n<ul>\n<li><span style=\"color: #000000;\">Molding &#8211; filling the plate with plastic mass<\/span><\/li>\n<li><span style=\"color: #000000;\">Potting &#8211; pouring the plate with epoxy resin<\/span><\/li>\n<\/ul>\n<\/li>\n<\/ul>\n<p>&nbsp;<\/p>\n<h4><span style=\"color: #000000;\">RoHS<\/span><\/h4>\n<p><span style=\"color: #000000;\">The EU directive, according to which new electronic equipment placed on the market in the European Union and EFTA starting from July 1, 2006 (in Poland from March 27, 2007) requires contains restrictions on the content of harmful materials: lead, mercury, cadmium, hexavalent chromium, polybrominated biphenyls (PBB) and polybrominated phenyl ethers (PBDE).<\/span><\/p>\n<p>&nbsp;<\/p><\/div>\n<p>[\/vc_column_text][vc_empty_space height=&#8221;20px&#8221;][vc_single_image image=&#8221;17842&#8243; img_size=&#8221;full&#8221; alignment=&#8221;center&#8221; qode_css_animation=&#8221;&#8221;][vc_empty_space][\/vc_column][\/vc_row]<\/p>\n<\/div>","protected":false},"excerpt":{"rendered":"<p>[vc_row css_animation=&#8221;&#8221; row_type=&#8221;row&#8221; use_row_as_full_screen_section=&#8221;no&#8221; type=&#8221;full_width&#8221; angled_section=&#8221;no&#8221; text_align=&#8221;left&#8221; background_image_as_pattern=&#8221;without_pattern&#8221; background_color=&#8221;#ffffff&#8221;][vc_column][vc_empty_space][vc_accordion style=&#8221;accordion&#8221;][vc_accordion_tab title=&#8221;What type of tests and controls do you offer?&#8221; title_color=&#8221;#000000&#8243;][vc_column_text]We offer optical and automatic control in the AOI machine and tests in the shock chamber. At the client&#8217;s request (if we receive the appropriate software)&#8230;<\/p>\n","protected":false},"author":1,"featured_media":0,"parent":0,"menu_order":0,"comment_status":"closed","ping_status":"closed","template":"","meta":{"footnotes":""},"class_list":["post-16026","page","type-page","status-publish","hentry"],"yoast_head":"<!-- This site is optimized with the Yoast SEO plugin v27.2 - https:\/\/yoast.com\/product\/yoast-seo-wordpress\/ -->\n<title>Faq - Technosystem Sp. z o.o.<\/title>\n<meta name=\"robots\" content=\"index, follow, max-snippet:-1, max-image-preview:large, max-video-preview:-1\" \/>\n<link rel=\"canonical\" href=\"https:\/\/technosystem.pl\/en\/faq\/\" \/>\n<meta property=\"og:locale\" content=\"en_US\" \/>\n<meta property=\"og:type\" content=\"article\" \/>\n<meta property=\"og:title\" content=\"Faq - Technosystem Sp. z o.o.\" \/>\n<meta property=\"og:description\" content=\"[vc_row css_animation=&#8221;&#8221; row_type=&#8221;row&#8221; use_row_as_full_screen_section=&#8221;no&#8221; type=&#8221;full_width&#8221; angled_section=&#8221;no&#8221; text_align=&#8221;left&#8221; background_image_as_pattern=&#8221;without_pattern&#8221; background_color=&#8221;#ffffff&#8221;][vc_column][vc_empty_space][vc_accordion style=&#8221;accordion&#8221;][vc_accordion_tab title=&#8221;What type of tests and controls do you offer?&#8221; title_color=&#8221;#000000&#8243;][vc_column_text]We offer optical and automatic control in the AOI machine and tests in the shock chamber. At the client&#8217;s request (if we receive the appropriate software)...\" \/>\n<meta property=\"og:url\" content=\"https:\/\/technosystem.pl\/en\/faq\/\" \/>\n<meta property=\"og:site_name\" content=\"Technosystem Sp. z o.o.\" \/>\n<meta property=\"article:publisher\" content=\"https:\/\/www.facebook.com\/TechnoSystemSpzoo\/\" \/>\n<meta property=\"article:modified_time\" content=\"2024-03-20T15:34:42+00:00\" \/>\n<meta name=\"twitter:card\" content=\"summary_large_image\" \/>\n<meta name=\"twitter:label1\" content=\"Est. reading time\" \/>\n\t<meta name=\"twitter:data1\" content=\"4 minutes\" \/>\n<script type=\"application\/ld+json\" class=\"yoast-schema-graph\">{\"@context\":\"https:\/\/schema.org\",\"@graph\":[{\"@type\":\"WebPage\",\"@id\":\"https:\/\/technosystem.pl\/en\/faq\/\",\"url\":\"https:\/\/technosystem.pl\/en\/faq\/\",\"name\":\"Faq - Technosystem Sp. z o.o.\",\"isPartOf\":{\"@id\":\"https:\/\/technosystem.pl\/#website\"},\"datePublished\":\"2017-10-14T10:40:36+00:00\",\"dateModified\":\"2024-03-20T15:34:42+00:00\",\"breadcrumb\":{\"@id\":\"https:\/\/technosystem.pl\/en\/faq\/#breadcrumb\"},\"inLanguage\":\"en-US\",\"potentialAction\":[{\"@type\":\"ReadAction\",\"target\":[\"https:\/\/technosystem.pl\/en\/faq\/\"]}]},{\"@type\":\"BreadcrumbList\",\"@id\":\"https:\/\/technosystem.pl\/en\/faq\/#breadcrumb\",\"itemListElement\":[{\"@type\":\"ListItem\",\"position\":1,\"name\":\"Strona g\u0142\u00f3wna\",\"item\":\"https:\/\/technosystem.pl\/en\/strona-glowna\/\"},{\"@type\":\"ListItem\",\"position\":2,\"name\":\"Faq\"}]},{\"@type\":\"WebSite\",\"@id\":\"https:\/\/technosystem.pl\/#website\",\"url\":\"https:\/\/technosystem.pl\/\",\"name\":\"Technosystem Sp. z o.o.\",\"description\":\"Technosystem - Profesjonalny i kompleksowy monta\u017c SMD oraz monta\u017c THT. Oferujemy kompleksow\u0105 obs\u0142ug\u0119 zlece\u0144 produkcyjnych na materia\u0142ach\",\"publisher\":{\"@id\":\"https:\/\/technosystem.pl\/#organization\"},\"potentialAction\":[{\"@type\":\"SearchAction\",\"target\":{\"@type\":\"EntryPoint\",\"urlTemplate\":\"https:\/\/technosystem.pl\/?s={search_term_string}\"},\"query-input\":{\"@type\":\"PropertyValueSpecification\",\"valueRequired\":true,\"valueName\":\"search_term_string\"}}],\"inLanguage\":\"en-US\"},{\"@type\":\"Organization\",\"@id\":\"https:\/\/technosystem.pl\/#organization\",\"name\":\"Technosystem Sp. z o.o.\",\"url\":\"https:\/\/technosystem.pl\/\",\"logo\":{\"@type\":\"ImageObject\",\"inLanguage\":\"en-US\",\"@id\":\"https:\/\/technosystem.pl\/#\/schema\/logo\/image\/\",\"url\":\"https:\/\/technosystem.pl\/wp-content\/uploads\/2024\/04\/logo-1.png\",\"contentUrl\":\"https:\/\/technosystem.pl\/wp-content\/uploads\/2024\/04\/logo-1.png\",\"width\":235,\"height\":33,\"caption\":\"Technosystem Sp. z o.o.\"},\"image\":{\"@id\":\"https:\/\/technosystem.pl\/#\/schema\/logo\/image\/\"},\"sameAs\":[\"https:\/\/www.facebook.com\/TechnoSystemSpzoo\/\",\"https:\/\/www.youtube.com\/channel\/UCtag1RRGGZdlCMlsXHr8F9A\",\"https:\/\/www.linkedin.com\/company\/technosystem-sp-z-o-o\/?viewAsMember=true\"]}]}<\/script>\n<!-- \/ Yoast SEO plugin. -->","yoast_head_json":{"title":"Faq - Technosystem Sp. z o.o.","robots":{"index":"index","follow":"follow","max-snippet":"max-snippet:-1","max-image-preview":"max-image-preview:large","max-video-preview":"max-video-preview:-1"},"canonical":"https:\/\/technosystem.pl\/en\/faq\/","og_locale":"en_US","og_type":"article","og_title":"Faq - Technosystem Sp. z o.o.","og_description":"[vc_row css_animation=&#8221;&#8221; row_type=&#8221;row&#8221; use_row_as_full_screen_section=&#8221;no&#8221; type=&#8221;full_width&#8221; angled_section=&#8221;no&#8221; text_align=&#8221;left&#8221; background_image_as_pattern=&#8221;without_pattern&#8221; background_color=&#8221;#ffffff&#8221;][vc_column][vc_empty_space][vc_accordion style=&#8221;accordion&#8221;][vc_accordion_tab title=&#8221;What type of tests and controls do you offer?&#8221; title_color=&#8221;#000000&#8243;][vc_column_text]We offer optical and automatic control in the AOI machine and tests in the shock chamber. At the client&#8217;s request (if we receive the appropriate software)...","og_url":"https:\/\/technosystem.pl\/en\/faq\/","og_site_name":"Technosystem Sp. z o.o.","article_publisher":"https:\/\/www.facebook.com\/TechnoSystemSpzoo\/","article_modified_time":"2024-03-20T15:34:42+00:00","twitter_card":"summary_large_image","twitter_misc":{"Est. reading time":"4 minutes"},"schema":{"@context":"https:\/\/schema.org","@graph":[{"@type":"WebPage","@id":"https:\/\/technosystem.pl\/en\/faq\/","url":"https:\/\/technosystem.pl\/en\/faq\/","name":"Faq - Technosystem Sp. z o.o.","isPartOf":{"@id":"https:\/\/technosystem.pl\/#website"},"datePublished":"2017-10-14T10:40:36+00:00","dateModified":"2024-03-20T15:34:42+00:00","breadcrumb":{"@id":"https:\/\/technosystem.pl\/en\/faq\/#breadcrumb"},"inLanguage":"en-US","potentialAction":[{"@type":"ReadAction","target":["https:\/\/technosystem.pl\/en\/faq\/"]}]},{"@type":"BreadcrumbList","@id":"https:\/\/technosystem.pl\/en\/faq\/#breadcrumb","itemListElement":[{"@type":"ListItem","position":1,"name":"Strona g\u0142\u00f3wna","item":"https:\/\/technosystem.pl\/en\/strona-glowna\/"},{"@type":"ListItem","position":2,"name":"Faq"}]},{"@type":"WebSite","@id":"https:\/\/technosystem.pl\/#website","url":"https:\/\/technosystem.pl\/","name":"Technosystem Sp. z o.o.","description":"Technosystem - Profesjonalny i kompleksowy monta\u017c SMD oraz monta\u017c THT. Oferujemy kompleksow\u0105 obs\u0142ug\u0119 zlece\u0144 produkcyjnych na materia\u0142ach","publisher":{"@id":"https:\/\/technosystem.pl\/#organization"},"potentialAction":[{"@type":"SearchAction","target":{"@type":"EntryPoint","urlTemplate":"https:\/\/technosystem.pl\/?s={search_term_string}"},"query-input":{"@type":"PropertyValueSpecification","valueRequired":true,"valueName":"search_term_string"}}],"inLanguage":"en-US"},{"@type":"Organization","@id":"https:\/\/technosystem.pl\/#organization","name":"Technosystem Sp. z o.o.","url":"https:\/\/technosystem.pl\/","logo":{"@type":"ImageObject","inLanguage":"en-US","@id":"https:\/\/technosystem.pl\/#\/schema\/logo\/image\/","url":"https:\/\/technosystem.pl\/wp-content\/uploads\/2024\/04\/logo-1.png","contentUrl":"https:\/\/technosystem.pl\/wp-content\/uploads\/2024\/04\/logo-1.png","width":235,"height":33,"caption":"Technosystem Sp. z o.o."},"image":{"@id":"https:\/\/technosystem.pl\/#\/schema\/logo\/image\/"},"sameAs":["https:\/\/www.facebook.com\/TechnoSystemSpzoo\/","https:\/\/www.youtube.com\/channel\/UCtag1RRGGZdlCMlsXHr8F9A","https:\/\/www.linkedin.com\/company\/technosystem-sp-z-o-o\/?viewAsMember=true"]}]}},"_links":{"self":[{"href":"https:\/\/technosystem.pl\/en\/wp-json\/wp\/v2\/pages\/16026","targetHints":{"allow":["GET"]}}],"collection":[{"href":"https:\/\/technosystem.pl\/en\/wp-json\/wp\/v2\/pages"}],"about":[{"href":"https:\/\/technosystem.pl\/en\/wp-json\/wp\/v2\/types\/page"}],"author":[{"embeddable":true,"href":"https:\/\/technosystem.pl\/en\/wp-json\/wp\/v2\/users\/1"}],"replies":[{"embeddable":true,"href":"https:\/\/technosystem.pl\/en\/wp-json\/wp\/v2\/comments?post=16026"}],"version-history":[{"count":6,"href":"https:\/\/technosystem.pl\/en\/wp-json\/wp\/v2\/pages\/16026\/revisions"}],"predecessor-version":[{"id":18153,"href":"https:\/\/technosystem.pl\/en\/wp-json\/wp\/v2\/pages\/16026\/revisions\/18153"}],"wp:attachment":[{"href":"https:\/\/technosystem.pl\/en\/wp-json\/wp\/v2\/media?parent=16026"}],"curies":[{"name":"wp","href":"https:\/\/api.w.org\/{rel}","templated":true}]}}