{"id":16029,"date":"2017-10-14T12:20:50","date_gmt":"2017-10-14T12:20:50","guid":{"rendered":"https:\/\/technosystem.pl\/praca\/"},"modified":"2018-03-19T22:07:32","modified_gmt":"2018-03-19T22:07:32","slug":"praca","status":"publish","type":"page","link":"https:\/\/technosystem.pl\/en\/praca\/","title":{"rendered":"Careers"},"content":{"rendered":"<div class=\"wpb-content-wrapper\"><p><b><span lang=\"EN\">Engineer in the preparation of initial SMT production<\/span><\/b>[vc_row css_animation=&#8221;&#8221; row_type=&#8221;row&#8221; use_row_as_full_screen_section=&#8221;no&#8221; type=&#8221;full_width&#8221; angled_section=&#8221;no&#8221; text_align=&#8221;left&#8221; background_image_as_pattern=&#8221;without_pattern&#8221;][vc_column][vc_column_text]<\/p>\n<p class=\"rtecenter\"><span style=\"color: #000000;\"><strong>Find a job!<\/strong><\/span><\/p>\n<p class=\"rtejustify\"><span style=\"color: #000000;\">We are looking for people interested in starting work in our company. Both engineers with extensive experience, as well as those who wisht to start working in the electronics sector. We are looking for designers of electronic circuits, operators of SMT machines, THT \/ SMT fitters, sourcing specialists and people with manual predispositions (also without production experience).<\/span><\/p>\n<p><span style=\"color: #000000;\">We are currently looking for:<\/span><\/p>\n<p>&nbsp;<\/p>\n<ul>\n<li><span style=\"color: #0000ff;\"><u><strong>Engineer for production supply<\/strong><\/u><\/span><\/li>\n<\/ul>\n<p style=\"padding-left: 60px;\"><span style=\"color: #000000;\"><strong>Responsibilities:<\/strong><\/span><br \/>\n<span style=\"color: #000000;\">-preparation \/ supply of electronic components for the production of SMT \/ THT<\/span><br \/>\n<span style=\"color: #000000;\">-inventory control<\/span><br \/>\n<span style=\"color: #000000;\">-continuity of production<\/span><br \/>\n<span style=\"color: #000000;\"><strong>Expectations:<\/strong><\/span><br \/>\n<span style=\"color: #000000;\">-wminimal education in the electronic and electro-technical faculty<\/span><br \/>\n<span style=\"color: #000000;\">-experience in assembling electronics<\/span><\/p>\n<p>&nbsp;<\/p>\n<ul>\n<li><span style=\"color: #0000ff;\"><u><strong><b><span lang=\"EN\">Engineer in the preparation of initial SMT production<\/span><\/b><\/strong><\/u><\/span><\/li>\n<\/ul>\n<p style=\"padding-left: 60px;\"><span style=\"color: #000000;\"><strong>Responsibilities:<\/strong><\/span><br \/>\n<span style=\"color: #000000;\">-preparation of electronic components for production<\/span><br \/>\n<span style=\"color: #000000;\">-SMT machines support<\/span><br \/>\n<span style=\"color: #000000;\">-continuity of production<\/span><br \/>\n<span style=\"color: #000000;\"><strong>Expectations:<\/strong><\/span><br \/>\n<span style=\"color: #000000;\">-electronic, electro-technical or mechanical educational background<\/span><br \/>\n<span style=\"color: #000000;\">-experience in using SMT devices is preferred<\/span><br \/>\n<span style=\"color: #000000;\">-basic knowledge of electronic components<\/span><\/p>\n<p>&nbsp;<\/p>\n<ul>\n<li><span style=\"color: #0000ff;\"><u><strong>THT assembler<\/strong><\/u><\/span><\/li>\n<\/ul>\n<p style=\"padding-left: 60px;\"><span style=\"color: #000000;\"><strong>Responsibilities:<\/strong><\/span><br \/>\n<span style=\"color: #000000;\">-manual soldering of electronic components on PCBA boards<\/span><br \/>\n<span style=\"color: #000000;\">-automatic soldering on selective wave machine<\/span><br \/>\n<span style=\"color: #000000;\">-quality control of the modules made<\/span><br \/>\n<span style=\"color: #000000;\">-maintaining the continuity of THT assembly production<\/span><br \/>\n<span style=\"color: #000000;\"><strong>Expectations :<\/strong><\/span><br \/>\n<span style=\"color: #000000;\">-experience in manual assembly is preferred<\/span><br \/>\n<span style=\"color: #000000;\">-manual skills<\/span><br \/>\n<span style=\"color: #000000;\">-basic knowledge of electronic components<\/span><\/p>\n<p>&nbsp;<\/p>\n<p><span style=\"color: #000000;\">If you are interested in working for our company, please send your CV to: <span class=\"email\"><a href=\"mailto:office@technosystem.com.pl\">office@technosystem.com.pl.<\/a> <\/span><\/span>[\/vc_column_text][vc_empty_space][\/vc_column][\/vc_row]<\/p>\n<\/div>","protected":false},"excerpt":{"rendered":"<p>Engineer in the preparation of initial SMT production[vc_row css_animation=&#8221;&#8221; row_type=&#8221;row&#8221; use_row_as_full_screen_section=&#8221;no&#8221; type=&#8221;full_width&#8221; angled_section=&#8221;no&#8221; text_align=&#8221;left&#8221; background_image_as_pattern=&#8221;without_pattern&#8221;][vc_column][vc_column_text] Find a job! We are looking for people interested in starting work in our company. Both engineers with extensive experience, as well as those who wisht to start working in&#8230;<\/p>\n","protected":false},"author":1,"featured_media":0,"parent":0,"menu_order":0,"comment_status":"closed","ping_status":"closed","template":"","meta":{"footnotes":""},"class_list":["post-16029","page","type-page","status-publish","hentry"],"yoast_head":"<!-- This site is optimized with the Yoast SEO plugin v27.2 - https:\/\/yoast.com\/product\/yoast-seo-wordpress\/ -->\n<title>Careers - Technosystem Sp. z o.o.<\/title>\n<meta name=\"robots\" content=\"index, follow, max-snippet:-1, max-image-preview:large, max-video-preview:-1\" \/>\n<link rel=\"canonical\" href=\"https:\/\/technosystem.pl\/en\/praca\/\" \/>\n<meta property=\"og:locale\" content=\"en_US\" \/>\n<meta property=\"og:type\" content=\"article\" \/>\n<meta property=\"og:title\" content=\"Careers - Technosystem Sp. z o.o.\" \/>\n<meta property=\"og:description\" content=\"Engineer in the preparation of initial SMT production[vc_row css_animation=&#8221;&#8221; row_type=&#8221;row&#8221; use_row_as_full_screen_section=&#8221;no&#8221; type=&#8221;full_width&#8221; angled_section=&#8221;no&#8221; text_align=&#8221;left&#8221; background_image_as_pattern=&#8221;without_pattern&#8221;][vc_column][vc_column_text] Find a job! We are looking for people interested in starting work in our company. Both engineers with extensive experience, as well as those who wisht to start working in...\" \/>\n<meta property=\"og:url\" content=\"https:\/\/technosystem.pl\/en\/praca\/\" \/>\n<meta property=\"og:site_name\" content=\"Technosystem Sp. z o.o.\" \/>\n<meta property=\"article:publisher\" content=\"https:\/\/www.facebook.com\/TechnoSystemSpzoo\/\" \/>\n<meta property=\"article:modified_time\" content=\"2018-03-19T22:07:32+00:00\" \/>\n<meta name=\"twitter:card\" content=\"summary_large_image\" \/>\n<meta name=\"twitter:label1\" content=\"Est. reading time\" \/>\n\t<meta name=\"twitter:data1\" content=\"1 minute\" \/>\n<script type=\"application\/ld+json\" class=\"yoast-schema-graph\">{\"@context\":\"https:\/\/schema.org\",\"@graph\":[{\"@type\":\"WebPage\",\"@id\":\"https:\/\/technosystem.pl\/en\/praca\/\",\"url\":\"https:\/\/technosystem.pl\/en\/praca\/\",\"name\":\"Careers - Technosystem Sp. z o.o.\",\"isPartOf\":{\"@id\":\"https:\/\/technosystem.pl\/#website\"},\"datePublished\":\"2017-10-14T12:20:50+00:00\",\"dateModified\":\"2018-03-19T22:07:32+00:00\",\"breadcrumb\":{\"@id\":\"https:\/\/technosystem.pl\/en\/praca\/#breadcrumb\"},\"inLanguage\":\"en-US\",\"potentialAction\":[{\"@type\":\"ReadAction\",\"target\":[\"https:\/\/technosystem.pl\/en\/praca\/\"]}]},{\"@type\":\"BreadcrumbList\",\"@id\":\"https:\/\/technosystem.pl\/en\/praca\/#breadcrumb\",\"itemListElement\":[{\"@type\":\"ListItem\",\"position\":1,\"name\":\"Strona g\u0142\u00f3wna\",\"item\":\"https:\/\/technosystem.pl\/en\/strona-glowna\/\"},{\"@type\":\"ListItem\",\"position\":2,\"name\":\"Careers\"}]},{\"@type\":\"WebSite\",\"@id\":\"https:\/\/technosystem.pl\/#website\",\"url\":\"https:\/\/technosystem.pl\/\",\"name\":\"Technosystem Sp. z o.o.\",\"description\":\"Technosystem - Profesjonalny i kompleksowy monta\u017c SMD oraz monta\u017c THT. Oferujemy kompleksow\u0105 obs\u0142ug\u0119 zlece\u0144 produkcyjnych na materia\u0142ach\",\"publisher\":{\"@id\":\"https:\/\/technosystem.pl\/#organization\"},\"potentialAction\":[{\"@type\":\"SearchAction\",\"target\":{\"@type\":\"EntryPoint\",\"urlTemplate\":\"https:\/\/technosystem.pl\/?s={search_term_string}\"},\"query-input\":{\"@type\":\"PropertyValueSpecification\",\"valueRequired\":true,\"valueName\":\"search_term_string\"}}],\"inLanguage\":\"en-US\"},{\"@type\":\"Organization\",\"@id\":\"https:\/\/technosystem.pl\/#organization\",\"name\":\"Technosystem Sp. z o.o.\",\"url\":\"https:\/\/technosystem.pl\/\",\"logo\":{\"@type\":\"ImageObject\",\"inLanguage\":\"en-US\",\"@id\":\"https:\/\/technosystem.pl\/#\/schema\/logo\/image\/\",\"url\":\"https:\/\/technosystem.pl\/wp-content\/uploads\/2024\/04\/logo-1.png\",\"contentUrl\":\"https:\/\/technosystem.pl\/wp-content\/uploads\/2024\/04\/logo-1.png\",\"width\":235,\"height\":33,\"caption\":\"Technosystem Sp. z o.o.\"},\"image\":{\"@id\":\"https:\/\/technosystem.pl\/#\/schema\/logo\/image\/\"},\"sameAs\":[\"https:\/\/www.facebook.com\/TechnoSystemSpzoo\/\",\"https:\/\/www.youtube.com\/channel\/UCtag1RRGGZdlCMlsXHr8F9A\",\"https:\/\/www.linkedin.com\/company\/technosystem-sp-z-o-o\/?viewAsMember=true\"]}]}<\/script>\n<!-- \/ Yoast SEO plugin. -->","yoast_head_json":{"title":"Careers - Technosystem Sp. z o.o.","robots":{"index":"index","follow":"follow","max-snippet":"max-snippet:-1","max-image-preview":"max-image-preview:large","max-video-preview":"max-video-preview:-1"},"canonical":"https:\/\/technosystem.pl\/en\/praca\/","og_locale":"en_US","og_type":"article","og_title":"Careers - Technosystem Sp. z o.o.","og_description":"Engineer in the preparation of initial SMT production[vc_row css_animation=&#8221;&#8221; row_type=&#8221;row&#8221; use_row_as_full_screen_section=&#8221;no&#8221; type=&#8221;full_width&#8221; angled_section=&#8221;no&#8221; text_align=&#8221;left&#8221; background_image_as_pattern=&#8221;without_pattern&#8221;][vc_column][vc_column_text] Find a job! We are looking for people interested in starting work in our company. Both engineers with extensive experience, as well as those who wisht to start working in...","og_url":"https:\/\/technosystem.pl\/en\/praca\/","og_site_name":"Technosystem Sp. z o.o.","article_publisher":"https:\/\/www.facebook.com\/TechnoSystemSpzoo\/","article_modified_time":"2018-03-19T22:07:32+00:00","twitter_card":"summary_large_image","twitter_misc":{"Est. reading time":"1 minute"},"schema":{"@context":"https:\/\/schema.org","@graph":[{"@type":"WebPage","@id":"https:\/\/technosystem.pl\/en\/praca\/","url":"https:\/\/technosystem.pl\/en\/praca\/","name":"Careers - Technosystem Sp. z o.o.","isPartOf":{"@id":"https:\/\/technosystem.pl\/#website"},"datePublished":"2017-10-14T12:20:50+00:00","dateModified":"2018-03-19T22:07:32+00:00","breadcrumb":{"@id":"https:\/\/technosystem.pl\/en\/praca\/#breadcrumb"},"inLanguage":"en-US","potentialAction":[{"@type":"ReadAction","target":["https:\/\/technosystem.pl\/en\/praca\/"]}]},{"@type":"BreadcrumbList","@id":"https:\/\/technosystem.pl\/en\/praca\/#breadcrumb","itemListElement":[{"@type":"ListItem","position":1,"name":"Strona g\u0142\u00f3wna","item":"https:\/\/technosystem.pl\/en\/strona-glowna\/"},{"@type":"ListItem","position":2,"name":"Careers"}]},{"@type":"WebSite","@id":"https:\/\/technosystem.pl\/#website","url":"https:\/\/technosystem.pl\/","name":"Technosystem Sp. z o.o.","description":"Technosystem - Profesjonalny i kompleksowy monta\u017c SMD oraz monta\u017c THT. Oferujemy kompleksow\u0105 obs\u0142ug\u0119 zlece\u0144 produkcyjnych na materia\u0142ach","publisher":{"@id":"https:\/\/technosystem.pl\/#organization"},"potentialAction":[{"@type":"SearchAction","target":{"@type":"EntryPoint","urlTemplate":"https:\/\/technosystem.pl\/?s={search_term_string}"},"query-input":{"@type":"PropertyValueSpecification","valueRequired":true,"valueName":"search_term_string"}}],"inLanguage":"en-US"},{"@type":"Organization","@id":"https:\/\/technosystem.pl\/#organization","name":"Technosystem Sp. z o.o.","url":"https:\/\/technosystem.pl\/","logo":{"@type":"ImageObject","inLanguage":"en-US","@id":"https:\/\/technosystem.pl\/#\/schema\/logo\/image\/","url":"https:\/\/technosystem.pl\/wp-content\/uploads\/2024\/04\/logo-1.png","contentUrl":"https:\/\/technosystem.pl\/wp-content\/uploads\/2024\/04\/logo-1.png","width":235,"height":33,"caption":"Technosystem Sp. z o.o."},"image":{"@id":"https:\/\/technosystem.pl\/#\/schema\/logo\/image\/"},"sameAs":["https:\/\/www.facebook.com\/TechnoSystemSpzoo\/","https:\/\/www.youtube.com\/channel\/UCtag1RRGGZdlCMlsXHr8F9A","https:\/\/www.linkedin.com\/company\/technosystem-sp-z-o-o\/?viewAsMember=true"]}]}},"_links":{"self":[{"href":"https:\/\/technosystem.pl\/en\/wp-json\/wp\/v2\/pages\/16029","targetHints":{"allow":["GET"]}}],"collection":[{"href":"https:\/\/technosystem.pl\/en\/wp-json\/wp\/v2\/pages"}],"about":[{"href":"https:\/\/technosystem.pl\/en\/wp-json\/wp\/v2\/types\/page"}],"author":[{"embeddable":true,"href":"https:\/\/technosystem.pl\/en\/wp-json\/wp\/v2\/users\/1"}],"replies":[{"embeddable":true,"href":"https:\/\/technosystem.pl\/en\/wp-json\/wp\/v2\/comments?post=16029"}],"version-history":[{"count":4,"href":"https:\/\/technosystem.pl\/en\/wp-json\/wp\/v2\/pages\/16029\/revisions"}],"predecessor-version":[{"id":16066,"href":"https:\/\/technosystem.pl\/en\/wp-json\/wp\/v2\/pages\/16029\/revisions\/16066"}],"wp:attachment":[{"href":"https:\/\/technosystem.pl\/en\/wp-json\/wp\/v2\/media?parent=16029"}],"curies":[{"name":"wp","href":"https:\/\/api.w.org\/{rel}","templated":true}]}}