{"id":16067,"date":"2018-03-19T22:15:39","date_gmt":"2018-03-19T22:15:39","guid":{"rendered":"https:\/\/technosystem.pl\/?page_id=16067"},"modified":"2018-03-19T22:45:51","modified_gmt":"2018-03-19T22:45:51","slug":"laminates","status":"publish","type":"page","link":"https:\/\/technosystem.pl\/en\/laminates\/","title":{"rendered":"Laminates"},"content":{"rendered":"<div class=\"wpb-content-wrapper\"><p>[vc_row css_animation=&#8221;&#8221; row_type=&#8221;row&#8221; use_row_as_full_screen_section=&#8221;no&#8221; type=&#8221;full_width&#8221; angled_section=&#8221;no&#8221; text_align=&#8221;left&#8221; background_image_as_pattern=&#8221;without_pattern&#8221; background_color=&#8221;#ffffff&#8221; z_index=&#8221;&#8221;][vc_column][vc_column_text]<span style=\"color: #000000;\">We have a wide range of base materials for the production of printed circuits. The selection of the printed circuit material is preceded by a detailed analysis of the complexity of the design, the specification of the assembly process and additional requirements, such as impedance control. We also offer printed circuits on special materials: ISOLA, ROGERS, NELCO.<\/span><\/p>\n<p>&nbsp;<\/p>\n<p>[\/vc_column_text][vc_row_inner row_type=&#8221;row&#8221; type=&#8221;full_width&#8221; text_align=&#8221;left&#8221; css_animation=&#8221;&#8221;][vc_column_inner width=&#8221;1\/4&#8243;][vc_column_text]<\/p>\n<div class=\"rtecenter\" style=\"text-align: center;\"><span style=\"color: #000000;\"><strong>Laminates FR4<\/strong><\/span><\/div>\n<div class=\"rtecenter\" style=\"text-align: center;\"><span style=\"color: #000000;\"><strong>T<sub>g<\/sub> = 140<sup>o<\/sup> C<\/strong><\/span><\/div>\n<div><\/div>\n<p>[\/vc_column_text][vc_column_text]<\/p>\n<div class=\"rtecenter\" style=\"text-align: center;\"><a href=\"https:\/\/technosystem.pl\/wp-content\/uploads\/2018\/01\/goworld_gw-4011.pdf\">GOWORLD GW-4011<\/a><\/div>\n<div class=\"rtecenter\" style=\"text-align: center;\"><a href=\"https:\/\/technosystem.pl\/wp-content\/uploads\/2018\/01\/shengyi_s1141.pdf\">SHENGYI S1141<\/a><\/div>\n<p>[\/vc_column_text][\/vc_column_inner][vc_column_inner width=&#8221;1\/4&#8243;][vc_column_text]<\/p>\n<div class=\"rtecenter\" style=\"text-align: center;\"><span style=\"color: #000000;\"><strong>Laminates FR4<\/strong><\/span><\/div>\n<div class=\"rtecenter\" style=\"text-align: center;\"><span style=\"color: #000000;\"><strong>T<sub>g<\/sub> = 150<sup>o<\/sup> C<\/strong><\/span><\/div>\n<p>[\/vc_column_text][vc_column_text]<\/p>\n<div class=\"rtecenter\" style=\"text-align: center;\"><a href=\"https:\/\/technosystem.pl\/wp-content\/uploads\/2018\/01\/iteq_it-158.pdf\">ITEQ IT-158<\/a><\/div>\n<div class=\"rtecenter\" style=\"text-align: center;\"><a href=\"https:\/\/technosystem.pl\/wp-content\/uploads\/2018\/01\/shengyi_s1000h.pdf\">SHENGYI S1000H<\/a><\/div>\n<p>[\/vc_column_text][\/vc_column_inner][vc_column_inner width=&#8221;1\/4&#8243;][vc_column_text]<\/p>\n<div class=\"rtecenter\" style=\"text-align: center;\"><span style=\"color: #000000;\"><strong>Laminates FR4<\/strong><\/span><\/div>\n<div class=\"rtecenter\" style=\"text-align: center;\"><span style=\"color: #000000;\"><strong>T<sub>g<\/sub> = 170<sup>o<\/sup> C<\/strong><\/span><\/div>\n<p>[\/vc_column_text][vc_column_text]<\/p>\n<div class=\"rtecenter\" style=\"text-align: center;\"><a href=\"https:\/\/technosystem.pl\/wp-content\/uploads\/2018\/01\/iteq_it-180a.pdf\">ITEQ IT-180A<\/a><\/div>\n<div class=\"rtecenter\" style=\"text-align: center;\"><a href=\"https:\/\/technosystem.pl\/wp-content\/uploads\/2018\/01\/shengyi_s1000-2m.pdf\">SHENGYI S1000-2M<\/a><\/div>\n<div class=\"rtecenter\" style=\"text-align: center;\"><a href=\"https:\/\/technosystem.pl\/wp-content\/uploads\/2018\/01\/panasonic_r-1755v.pdf\">PANASONIC R-1755V<\/a><\/div>\n<p>[\/vc_column_text][\/vc_column_inner][vc_column_inner width=&#8221;1\/4&#8243;][vc_column_text]<\/p>\n<div class=\"rtecenter\" style=\"text-align: center;\"><span style=\"color: #000000;\"><strong>Special<\/strong><\/span><\/div>\n<div class=\"rtecenter\" style=\"text-align: center;\"><span style=\"color: #000000;\"><strong>Laminates<\/strong><\/span><\/div>\n<p>[\/vc_column_text][vc_column_text]<\/p>\n<div class=\"rtecenter\" style=\"text-align: center;\"><a href=\"https:\/\/technosystem.pl\/wp-content\/uploads\/2018\/01\/isola_370hr.pdf\">ISOLA 370HR<\/a><\/div>\n<div class=\"rtecenter\" style=\"text-align: center;\"><a href=\"https:\/\/technosystem.pl\/wp-content\/uploads\/2018\/01\/isola_fr408hr.pdf\">ISOLA 408HR<\/a><\/div>\n<div class=\"rtecenter\" style=\"text-align: center;\"><a href=\"https:\/\/technosystem.pl\/wp-content\/uploads\/2018\/01\/nelco_n4000-13.pdf\">NELCO N4000-13<\/a><\/div>\n<div class=\"rtecenter\" style=\"text-align: center;\"><a href=\"https:\/\/technosystem.pl\/wp-content\/uploads\/2018\/01\/rogers_ro4350b.pdf\">ROGERS RO4350B<\/a><\/div>\n<p>[\/vc_column_text][\/vc_column_inner][\/vc_row_inner][vc_row_inner row_type=&#8221;row&#8221; type=&#8221;full_width&#8221; text_align=&#8221;left&#8221; css_animation=&#8221;&#8221;][vc_column_inner width=&#8221;1\/3&#8243;][vc_single_image image=&#8221;15751&#8243; img_size=&#8221;366&#215;300&#8243; alignment=&#8221;right&#8221; style=&#8221;vc_box_outline&#8221; qode_css_animation=&#8221;&#8221;][\/vc_column_inner][vc_column_inner width=&#8221;1\/3&#8243;][vc_single_image image=&#8221;15743&#8243; img_size=&#8221;366&#215;300&#8243; alignment=&#8221;center&#8221; style=&#8221;vc_box_outline&#8221; qode_css_animation=&#8221;&#8221;][\/vc_column_inner][vc_column_inner width=&#8221;1\/3&#8243;][vc_single_image image=&#8221;15744&#8243; img_size=&#8221;366&#215;300&#8243; alignment=&#8221;center&#8221; style=&#8221;vc_box_outline&#8221; qode_css_animation=&#8221;&#8221;][\/vc_column_inner][\/vc_row_inner][vc_empty_space height=&#8221;250px&#8221;][\/vc_column][\/vc_row]<\/p>\n<\/div>","protected":false},"excerpt":{"rendered":"<p>[vc_row css_animation=&#8221;&#8221; row_type=&#8221;row&#8221; use_row_as_full_screen_section=&#8221;no&#8221; type=&#8221;full_width&#8221; angled_section=&#8221;no&#8221; text_align=&#8221;left&#8221; background_image_as_pattern=&#8221;without_pattern&#8221; background_color=&#8221;#ffffff&#8221; z_index=&#8221;&#8221;][vc_column][vc_column_text]We have a wide range of base materials for the production of printed circuits. The selection of the printed circuit material is preceded by a detailed analysis of the complexity of the design, the specification of&#8230;<\/p>\n","protected":false},"author":1,"featured_media":0,"parent":0,"menu_order":0,"comment_status":"closed","ping_status":"closed","template":"","meta":{"footnotes":""},"class_list":["post-16067","page","type-page","status-publish","hentry"],"yoast_head":"<!-- This site is optimized with the Yoast SEO plugin v27.2 - https:\/\/yoast.com\/product\/yoast-seo-wordpress\/ -->\n<title>Laminates - Technosystem Sp. z o.o.<\/title>\n<meta name=\"robots\" content=\"index, follow, max-snippet:-1, max-image-preview:large, max-video-preview:-1\" \/>\n<link rel=\"canonical\" href=\"https:\/\/technosystem.pl\/en\/laminates\/\" \/>\n<meta property=\"og:locale\" content=\"en_US\" \/>\n<meta property=\"og:type\" content=\"article\" \/>\n<meta property=\"og:title\" content=\"Laminates - Technosystem Sp. z o.o.\" \/>\n<meta property=\"og:description\" content=\"[vc_row css_animation=&#8221;&#8221; row_type=&#8221;row&#8221; use_row_as_full_screen_section=&#8221;no&#8221; type=&#8221;full_width&#8221; angled_section=&#8221;no&#8221; text_align=&#8221;left&#8221; background_image_as_pattern=&#8221;without_pattern&#8221; background_color=&#8221;#ffffff&#8221; z_index=&#8221;&#8221;][vc_column][vc_column_text]We have a wide range of base materials for the production of printed circuits. The selection of the printed circuit material is preceded by a detailed analysis of the complexity of the design, the specification of...\" \/>\n<meta property=\"og:url\" content=\"https:\/\/technosystem.pl\/en\/laminates\/\" \/>\n<meta property=\"og:site_name\" content=\"Technosystem Sp. z o.o.\" \/>\n<meta property=\"article:publisher\" content=\"https:\/\/www.facebook.com\/TechnoSystemSpzoo\/\" \/>\n<meta property=\"article:modified_time\" content=\"2018-03-19T22:45:51+00:00\" \/>\n<meta name=\"twitter:card\" content=\"summary_large_image\" \/>\n<meta name=\"twitter:label1\" content=\"Est. reading time\" \/>\n\t<meta name=\"twitter:data1\" content=\"2 minutes\" \/>\n<script type=\"application\/ld+json\" class=\"yoast-schema-graph\">{\"@context\":\"https:\/\/schema.org\",\"@graph\":[{\"@type\":\"WebPage\",\"@id\":\"https:\/\/technosystem.pl\/en\/laminates\/\",\"url\":\"https:\/\/technosystem.pl\/en\/laminates\/\",\"name\":\"Laminates - Technosystem Sp. z o.o.\",\"isPartOf\":{\"@id\":\"https:\/\/technosystem.pl\/#website\"},\"datePublished\":\"2018-03-19T22:15:39+00:00\",\"dateModified\":\"2018-03-19T22:45:51+00:00\",\"breadcrumb\":{\"@id\":\"https:\/\/technosystem.pl\/en\/laminates\/#breadcrumb\"},\"inLanguage\":\"en-US\",\"potentialAction\":[{\"@type\":\"ReadAction\",\"target\":[\"https:\/\/technosystem.pl\/en\/laminates\/\"]}]},{\"@type\":\"BreadcrumbList\",\"@id\":\"https:\/\/technosystem.pl\/en\/laminates\/#breadcrumb\",\"itemListElement\":[{\"@type\":\"ListItem\",\"position\":1,\"name\":\"Strona g\u0142\u00f3wna\",\"item\":\"https:\/\/technosystem.pl\/en\/strona-glowna\/\"},{\"@type\":\"ListItem\",\"position\":2,\"name\":\"Laminates\"}]},{\"@type\":\"WebSite\",\"@id\":\"https:\/\/technosystem.pl\/#website\",\"url\":\"https:\/\/technosystem.pl\/\",\"name\":\"Technosystem Sp. z o.o.\",\"description\":\"Technosystem - Profesjonalny i kompleksowy monta\u017c SMD oraz monta\u017c THT. Oferujemy kompleksow\u0105 obs\u0142ug\u0119 zlece\u0144 produkcyjnych na materia\u0142ach\",\"publisher\":{\"@id\":\"https:\/\/technosystem.pl\/#organization\"},\"potentialAction\":[{\"@type\":\"SearchAction\",\"target\":{\"@type\":\"EntryPoint\",\"urlTemplate\":\"https:\/\/technosystem.pl\/?s={search_term_string}\"},\"query-input\":{\"@type\":\"PropertyValueSpecification\",\"valueRequired\":true,\"valueName\":\"search_term_string\"}}],\"inLanguage\":\"en-US\"},{\"@type\":\"Organization\",\"@id\":\"https:\/\/technosystem.pl\/#organization\",\"name\":\"Technosystem Sp. z o.o.\",\"url\":\"https:\/\/technosystem.pl\/\",\"logo\":{\"@type\":\"ImageObject\",\"inLanguage\":\"en-US\",\"@id\":\"https:\/\/technosystem.pl\/#\/schema\/logo\/image\/\",\"url\":\"https:\/\/technosystem.pl\/wp-content\/uploads\/2024\/04\/logo-1.png\",\"contentUrl\":\"https:\/\/technosystem.pl\/wp-content\/uploads\/2024\/04\/logo-1.png\",\"width\":235,\"height\":33,\"caption\":\"Technosystem Sp. z o.o.\"},\"image\":{\"@id\":\"https:\/\/technosystem.pl\/#\/schema\/logo\/image\/\"},\"sameAs\":[\"https:\/\/www.facebook.com\/TechnoSystemSpzoo\/\",\"https:\/\/www.youtube.com\/channel\/UCtag1RRGGZdlCMlsXHr8F9A\",\"https:\/\/www.linkedin.com\/company\/technosystem-sp-z-o-o\/?viewAsMember=true\"]}]}<\/script>\n<!-- \/ Yoast SEO plugin. -->","yoast_head_json":{"title":"Laminates - Technosystem Sp. z o.o.","robots":{"index":"index","follow":"follow","max-snippet":"max-snippet:-1","max-image-preview":"max-image-preview:large","max-video-preview":"max-video-preview:-1"},"canonical":"https:\/\/technosystem.pl\/en\/laminates\/","og_locale":"en_US","og_type":"article","og_title":"Laminates - Technosystem Sp. z o.o.","og_description":"[vc_row css_animation=&#8221;&#8221; row_type=&#8221;row&#8221; use_row_as_full_screen_section=&#8221;no&#8221; type=&#8221;full_width&#8221; angled_section=&#8221;no&#8221; text_align=&#8221;left&#8221; background_image_as_pattern=&#8221;without_pattern&#8221; background_color=&#8221;#ffffff&#8221; z_index=&#8221;&#8221;][vc_column][vc_column_text]We have a wide range of base materials for the production of printed circuits. The selection of the printed circuit material is preceded by a detailed analysis of the complexity of the design, the specification of...","og_url":"https:\/\/technosystem.pl\/en\/laminates\/","og_site_name":"Technosystem Sp. z o.o.","article_publisher":"https:\/\/www.facebook.com\/TechnoSystemSpzoo\/","article_modified_time":"2018-03-19T22:45:51+00:00","twitter_card":"summary_large_image","twitter_misc":{"Est. reading time":"2 minutes"},"schema":{"@context":"https:\/\/schema.org","@graph":[{"@type":"WebPage","@id":"https:\/\/technosystem.pl\/en\/laminates\/","url":"https:\/\/technosystem.pl\/en\/laminates\/","name":"Laminates - Technosystem Sp. z o.o.","isPartOf":{"@id":"https:\/\/technosystem.pl\/#website"},"datePublished":"2018-03-19T22:15:39+00:00","dateModified":"2018-03-19T22:45:51+00:00","breadcrumb":{"@id":"https:\/\/technosystem.pl\/en\/laminates\/#breadcrumb"},"inLanguage":"en-US","potentialAction":[{"@type":"ReadAction","target":["https:\/\/technosystem.pl\/en\/laminates\/"]}]},{"@type":"BreadcrumbList","@id":"https:\/\/technosystem.pl\/en\/laminates\/#breadcrumb","itemListElement":[{"@type":"ListItem","position":1,"name":"Strona g\u0142\u00f3wna","item":"https:\/\/technosystem.pl\/en\/strona-glowna\/"},{"@type":"ListItem","position":2,"name":"Laminates"}]},{"@type":"WebSite","@id":"https:\/\/technosystem.pl\/#website","url":"https:\/\/technosystem.pl\/","name":"Technosystem Sp. z o.o.","description":"Technosystem - Profesjonalny i kompleksowy monta\u017c SMD oraz monta\u017c THT. Oferujemy kompleksow\u0105 obs\u0142ug\u0119 zlece\u0144 produkcyjnych na materia\u0142ach","publisher":{"@id":"https:\/\/technosystem.pl\/#organization"},"potentialAction":[{"@type":"SearchAction","target":{"@type":"EntryPoint","urlTemplate":"https:\/\/technosystem.pl\/?s={search_term_string}"},"query-input":{"@type":"PropertyValueSpecification","valueRequired":true,"valueName":"search_term_string"}}],"inLanguage":"en-US"},{"@type":"Organization","@id":"https:\/\/technosystem.pl\/#organization","name":"Technosystem Sp. z o.o.","url":"https:\/\/technosystem.pl\/","logo":{"@type":"ImageObject","inLanguage":"en-US","@id":"https:\/\/technosystem.pl\/#\/schema\/logo\/image\/","url":"https:\/\/technosystem.pl\/wp-content\/uploads\/2024\/04\/logo-1.png","contentUrl":"https:\/\/technosystem.pl\/wp-content\/uploads\/2024\/04\/logo-1.png","width":235,"height":33,"caption":"Technosystem Sp. z o.o."},"image":{"@id":"https:\/\/technosystem.pl\/#\/schema\/logo\/image\/"},"sameAs":["https:\/\/www.facebook.com\/TechnoSystemSpzoo\/","https:\/\/www.youtube.com\/channel\/UCtag1RRGGZdlCMlsXHr8F9A","https:\/\/www.linkedin.com\/company\/technosystem-sp-z-o-o\/?viewAsMember=true"]}]}},"_links":{"self":[{"href":"https:\/\/technosystem.pl\/en\/wp-json\/wp\/v2\/pages\/16067","targetHints":{"allow":["GET"]}}],"collection":[{"href":"https:\/\/technosystem.pl\/en\/wp-json\/wp\/v2\/pages"}],"about":[{"href":"https:\/\/technosystem.pl\/en\/wp-json\/wp\/v2\/types\/page"}],"author":[{"embeddable":true,"href":"https:\/\/technosystem.pl\/en\/wp-json\/wp\/v2\/users\/1"}],"replies":[{"embeddable":true,"href":"https:\/\/technosystem.pl\/en\/wp-json\/wp\/v2\/comments?post=16067"}],"version-history":[{"count":3,"href":"https:\/\/technosystem.pl\/en\/wp-json\/wp\/v2\/pages\/16067\/revisions"}],"predecessor-version":[{"id":16088,"href":"https:\/\/technosystem.pl\/en\/wp-json\/wp\/v2\/pages\/16067\/revisions\/16088"}],"wp:attachment":[{"href":"https:\/\/technosystem.pl\/en\/wp-json\/wp\/v2\/media?parent=16067"}],"curies":[{"name":"wp","href":"https:\/\/api.w.org\/{rel}","templated":true}]}}