{"id":16070,"date":"2018-03-19T22:31:16","date_gmt":"2018-03-19T22:31:16","guid":{"rendered":"https:\/\/technosystem.pl\/?page_id=16070"},"modified":"2018-03-19T22:34:14","modified_gmt":"2018-03-19T22:34:14","slug":"rigid-circuits","status":"publish","type":"page","link":"https:\/\/technosystem.pl\/en\/rigid-circuits\/","title":{"rendered":"Rigid Circuits"},"content":{"rendered":"<div class=\"wpb-content-wrapper\"><p>[vc_row css_animation=&#8221;&#8221; row_type=&#8221;row&#8221; use_row_as_full_screen_section=&#8221;no&#8221; type=&#8221;full_width&#8221; angled_section=&#8221;no&#8221; text_align=&#8221;left&#8221; background_image_as_pattern=&#8221;without_pattern&#8221;][vc_column][vc_column_text]<\/p>\n<p class=\"rtejustify\"><span style=\"color: #000000;\">Production documentation of printed circuits consists of:<\/span><\/p>\n<ul>\n<li class=\"rtejustify\"><span style=\"color: #000000;\">Gerber files of the PCB project with drilling files,<\/span><\/li>\n<li class=\"rtejustify\"><span style=\"color: #000000;\">laminate specification taking into account the stack-up,<\/span><\/li>\n<li class=\"rtejustify\"><span style=\"color: #000000;\">information on additional requirements such as Tg (glass transition temperature), base material or impedance check.<\/span><\/li>\n<\/ul>\n<p class=\"rtejustify\"><span style=\"color: #000000;\">While designing a stack-up of a multi-layer printed circuit, additional factors due to the technological limitations of the production process should be taken into account. One should also strive for the stack-up to be symmetrical, because it will avoid problems with uncontrolled bending of the laminate after the production or assembly process.<\/span><\/p>\n<p>&nbsp;<\/p>\n<p class=\"rtecenter\"><span style=\"color: #000000;\"><strong>The final thickness of the laminate<\/strong><\/span><\/p>\n<p>&nbsp;<\/p>\n<p class=\"rtejustify\"><span style=\"color: #000000;\"?The total minimum final thickness of a multilayer laminate is related to the number of Cu layers in a stack-up, i.e:<\/span><\/p>\n<div class=\"rtejustify\"><span style=\"color: #000000;\">&#8211; for 4-layer lamellas it is 0.4mm<\/span><\/div>\n<div class=\"rtejustify\"><span style=\"color: #000000;\">&#8211; for a 6-layer laminate, it is 0.7mm<\/span><\/div>\n<div class=\"rtejustify\"><span style=\"color: #000000;\">&#8211; for an 8-layer laminate, 0.9mm<\/span><\/div>\n<div class=\"rtejustify\"><span style=\"color: #000000;\">&#8211; for a 10-layer laminate it is 1.2mmm<\/span><\/div>\n<div class=\"rtejustify\"><span style=\"color: #000000;\">&#8211; for a 12-layer laminate, it is 1.5mm<\/span><\/div>\n<p class=\"rtejustify\"><span style=\"color: #000000;\">In the case of lamellas with a HAL pad surface coating (HASL), the minimum PCB thickness cannot be less than 0.8 mm &#8211; due to the high temperature of the process, the risk of bending of the laminate increases.<\/span><\/p>\n<p>&nbsp;<\/p>\n<p class=\"rtecenter\"><span style=\"color: #000000;\"><strong>Core and Prepreg dielectric layers<\/strong><\/span><\/p>\n<p>&nbsp;<\/p>\n<p><span style=\"color: #000000;\">The suggested number of core layers (laminate core) in the multilayer circuit is calculated according to the formula L \/ 2 &#8211; 1, where L is the number of Cu layers. And so for a 4-layer stack-up laminate, one of the core layers (between layers L2 and L3) and 2 prepreg layers (between L1 and L2 and L3 and L4) is constructed. For 8-layer PCBs, 3 core layers are used, 12 layers of 5 core layers.<\/span><\/p>\n<p><span style=\"color: #000000;\">Typical stack-up designs for multilayer printed circuits::<\/span><\/p>\n<p>&nbsp;<\/p>\n<div><a href=\"https:\/\/technosystem.pl\/wp-content\/uploads\/2018\/01\/standard_stack-up_dla_pcb_4l.pdf\">4 warstwy Cu 35um \/ 1.6mm<\/a><\/div>\n<div><a href=\"https:\/\/technosystem.pl\/wp-content\/uploads\/2018\/01\/standard_stack-up_dla_pcb_6l.pdf\">6 warstw Cu 35um \/ 1.6mm<\/a><\/div>\n<div><a href=\"https:\/\/technosystem.pl\/wp-content\/uploads\/2018\/01\/standard_stack-up_dla_pcb_8l.pdf\">8 warstw Cu 35um \/ 1.6mm<\/a><\/div>\n<div><a href=\"https:\/\/technosystem.pl\/wp-content\/uploads\/2018\/01\/standard_stack-up_dla_pcb_10l.pdf\">10 warstw Cu 35um \/ 1.6mm<\/a><\/div>\n<div><a href=\"https:\/\/technosystem.pl\/wp-content\/uploads\/2018\/01\/standard_stack-up_dla_pcb_12l.pdf\">12 warstw Cu 35um \/ 1.6mm<\/a><\/div>\n<p>&nbsp;<\/p>\n<p class=\"rtejustify\"><span style=\"color: #000000;\">Typical layered layers have limited application in the case of PCB production on special materials, such as ROGERS or ISOLA. The production specifications on such materials contain additional requirements, such as line impedance control and differential pairs. In such cases, the dielectric thicknesses are selected to meet the impedance requirements. We always confirm the final stack-up project with our clients.<\/span><\/p>\n<p class=\"rtejustify\">An example of the implementation of a printed circuit on ROGERS RO4350B material with impedance control of differential pairs on external layers.<\/p>\n<p>&nbsp;<\/p>\n<p style=\"text-align: center;\"><strong>Stack-up 6-layer PCB, ROGERS RO4350B<\/strong><\/p>\n<p style=\"text-align: center;\"><strong>The final thickness of the laminate 1.5mm, thickness Cu 35um<\/strong><\/p>\n<p class=\"rtecenter\"><span style=\"color: #000000;\">In the case of production of prototype 4-layer printed circuits with an express deadline, we use a stack-up based on NanYa NP140 material. The final thickness of the printed circuit at a Cu 35um thickness is 1.55mm.<\/span><\/p>\n<p>[\/vc_column_text][vc_single_image image=&#8221;15246&#8243; img_size=&#8221;large&#8221; alignment=&#8221;center&#8221; qode_css_animation=&#8221;&#8221;][vc_column_text]<\/p>\n<p class=\"rtecenter\" style=\"text-align: center;\"><strong>Stack-up of a 4-layers PCB, final thickness of laminate 1.55mm, thickness of Cu 35um <\/strong><\/p>\n<p class=\"rtecenter\" style=\"text-align: center;\"><strong>&#8211; for express delivery<\/strong><\/p>\n<p>[\/vc_column_text][vc_single_image image=&#8221;15247&#8243; img_size=&#8221;full&#8221; alignment=&#8221;center&#8221; qode_css_animation=&#8221;&#8221;][vc_column_text]<\/p>\n<p class=\"rtecenter\" style=\"text-align: center;\"><span style=\"color: #000000;\"><strong>The distribution of Cu on the layers of printed circuits<\/strong><\/span><\/p>\n<p>&nbsp;<\/p>\n<p class=\"rtejustify\"><span style=\"color: #000000;\">In multilayer circuits, the copper in the layer should be evenly distributed. This will reduce the risk of laminate delamination after the production process or during component assembly. The distribution of copper on neighboring layers should also be balanced. The risk of delamination increases if, for example, the L1 layer is 80% thick and L2 is only 20%. Another factor to consider is the difference in Cu thickness between neighboring Co values in the PCB. This difference cannot be greater than 35um. Stack-up construction is not recommended, where for example the Cu thickness on the L3 layer is 35um and L4 105um.<\/span><\/p>\n<p class=\"rtejustify\"><span style=\"color: #000000;\">Uneven distribution of Cu on the layer affects the process of galvanic thickening of copper on external layers (plating process). In the copper thickening process, the Cu ions will concentrate on the isolated pads, resulting in a higher Cu thickness than in places where the copper distribution is similar. For this reason, it is important to clearly and precisely define the requirements for the final copper thickness on the srface layers.<\/span><\/p>\n<p class=\"rtejustify\"><span style=\"color: #000000;\">The basic base values for the Cu thickness of the materials we offer are 18um, 35um, 70um, 105um and 140um. On special request, we offer materials with thicker base copper. The thickness of copper obtained as a result of galvanic processes may oscillate between 18um and 35um. This means that for 18um base copper after the plating process, we get about 40um, and for the base 35um thickness &#8211; about 70um.<\/span><\/p>\n<p class=\"rtejustify\"><span style=\"color: #000000;\">Minimum Cu thicknesses after galvanic processes on external layers according to IPC &#8211; 6012C standard &#8220;Qualification and Performance, Specification for Rigid, Printed Boards&#8221;.&#8221;<\/strong>.<\/span><\/p>\n<p>&nbsp;<\/p>\n<p style=\"text-align: center;\"><span style=\"color: #000000;\"><strong>Base thickness absolute minimum Cu   <\/strong><strong>after plating according to IPC <\/strong>after plating according to IPC  Acceptable reduction<\/span><\/p>\n<p>[\/vc_column_text][vc_single_image image=&#8221;15248&#8243; img_size=&#8221;full&#8221; alignment=&#8221;center&#8221; qode_css_animation=&#8221;&#8221;][vc_empty_space][vc_row_inner row_type=&#8221;row&#8221; type=&#8221;full_width&#8221; text_align=&#8221;left&#8221; css_animation=&#8221;&#8221;][vc_column_inner width=&#8221;1\/3&#8243;][vc_single_image image=&#8221;15745&#8243; img_size=&#8221;366&#215;300&#8243; alignment=&#8221;right&#8221; style=&#8221;vc_box_outline&#8221; qode_css_animation=&#8221;&#8221;][\/vc_column_inner][vc_column_inner width=&#8221;1\/3&#8243;][vc_single_image image=&#8221;15746&#8243; img_size=&#8221;366&#215;300&#8243; alignment=&#8221;center&#8221; style=&#8221;vc_box_outline&#8221; qode_css_animation=&#8221;&#8221;][\/vc_column_inner][vc_column_inner width=&#8221;1\/3&#8243;][vc_single_image image=&#8221;15747&#8243; img_size=&#8221;366&#215;300&#8243; style=&#8221;vc_box_outline&#8221; qode_css_animation=&#8221;&#8221;][\/vc_column_inner][\/vc_row_inner][vc_empty_space][\/vc_column][\/vc_row]<\/p>\n<\/div>","protected":false},"excerpt":{"rendered":"<p>[vc_row css_animation=&#8221;&#8221; row_type=&#8221;row&#8221; use_row_as_full_screen_section=&#8221;no&#8221; type=&#8221;full_width&#8221; angled_section=&#8221;no&#8221; text_align=&#8221;left&#8221; background_image_as_pattern=&#8221;without_pattern&#8221;][vc_column][vc_column_text] Production documentation of printed circuits consists of: Gerber files of the PCB project with drilling files, laminate specification taking into account the stack-up, information on additional requirements such as Tg (glass transition temperature), base material or impedance&#8230;<\/p>\n","protected":false},"author":1,"featured_media":0,"parent":0,"menu_order":0,"comment_status":"closed","ping_status":"closed","template":"","meta":{"footnotes":""},"class_list":["post-16070","page","type-page","status-publish","hentry"],"yoast_head":"<!-- This site is optimized with the Yoast SEO plugin v27.2 - https:\/\/yoast.com\/product\/yoast-seo-wordpress\/ -->\n<title>Rigid Circuits - Technosystem Sp. z o.o.<\/title>\n<meta name=\"robots\" content=\"index, follow, max-snippet:-1, max-image-preview:large, max-video-preview:-1\" \/>\n<link rel=\"canonical\" href=\"https:\/\/technosystem.pl\/en\/rigid-circuits\/\" \/>\n<meta property=\"og:locale\" content=\"en_US\" \/>\n<meta property=\"og:type\" content=\"article\" \/>\n<meta property=\"og:title\" content=\"Rigid Circuits - Technosystem Sp. z o.o.\" \/>\n<meta property=\"og:description\" content=\"[vc_row css_animation=&#8221;&#8221; row_type=&#8221;row&#8221; use_row_as_full_screen_section=&#8221;no&#8221; type=&#8221;full_width&#8221; angled_section=&#8221;no&#8221; text_align=&#8221;left&#8221; background_image_as_pattern=&#8221;without_pattern&#8221;][vc_column][vc_column_text] Production documentation of printed circuits consists of: Gerber files of the PCB project with drilling files, laminate specification taking into account the stack-up, information on additional requirements such as Tg (glass transition temperature), base material or impedance...\" \/>\n<meta property=\"og:url\" content=\"https:\/\/technosystem.pl\/en\/rigid-circuits\/\" \/>\n<meta property=\"og:site_name\" content=\"Technosystem Sp. z o.o.\" \/>\n<meta property=\"article:publisher\" content=\"https:\/\/www.facebook.com\/TechnoSystemSpzoo\/\" \/>\n<meta property=\"article:modified_time\" content=\"2018-03-19T22:34:14+00:00\" \/>\n<meta name=\"twitter:card\" content=\"summary_large_image\" \/>\n<meta name=\"twitter:label1\" content=\"Est. reading time\" \/>\n\t<meta name=\"twitter:data1\" content=\"1 minute\" \/>\n<script type=\"application\/ld+json\" class=\"yoast-schema-graph\">{\"@context\":\"https:\/\/schema.org\",\"@graph\":[{\"@type\":\"WebPage\",\"@id\":\"https:\/\/technosystem.pl\/en\/rigid-circuits\/\",\"url\":\"https:\/\/technosystem.pl\/en\/rigid-circuits\/\",\"name\":\"Rigid Circuits - Technosystem Sp. z o.o.\",\"isPartOf\":{\"@id\":\"https:\/\/technosystem.pl\/#website\"},\"datePublished\":\"2018-03-19T22:31:16+00:00\",\"dateModified\":\"2018-03-19T22:34:14+00:00\",\"breadcrumb\":{\"@id\":\"https:\/\/technosystem.pl\/en\/rigid-circuits\/#breadcrumb\"},\"inLanguage\":\"en-US\",\"potentialAction\":[{\"@type\":\"ReadAction\",\"target\":[\"https:\/\/technosystem.pl\/en\/rigid-circuits\/\"]}]},{\"@type\":\"BreadcrumbList\",\"@id\":\"https:\/\/technosystem.pl\/en\/rigid-circuits\/#breadcrumb\",\"itemListElement\":[{\"@type\":\"ListItem\",\"position\":1,\"name\":\"Strona g\u0142\u00f3wna\",\"item\":\"https:\/\/technosystem.pl\/en\/strona-glowna\/\"},{\"@type\":\"ListItem\",\"position\":2,\"name\":\"Rigid Circuits\"}]},{\"@type\":\"WebSite\",\"@id\":\"https:\/\/technosystem.pl\/#website\",\"url\":\"https:\/\/technosystem.pl\/\",\"name\":\"Technosystem Sp. z o.o.\",\"description\":\"Technosystem - Profesjonalny i kompleksowy monta\u017c SMD oraz monta\u017c THT. Oferujemy kompleksow\u0105 obs\u0142ug\u0119 zlece\u0144 produkcyjnych na materia\u0142ach\",\"publisher\":{\"@id\":\"https:\/\/technosystem.pl\/#organization\"},\"potentialAction\":[{\"@type\":\"SearchAction\",\"target\":{\"@type\":\"EntryPoint\",\"urlTemplate\":\"https:\/\/technosystem.pl\/?s={search_term_string}\"},\"query-input\":{\"@type\":\"PropertyValueSpecification\",\"valueRequired\":true,\"valueName\":\"search_term_string\"}}],\"inLanguage\":\"en-US\"},{\"@type\":\"Organization\",\"@id\":\"https:\/\/technosystem.pl\/#organization\",\"name\":\"Technosystem Sp. z o.o.\",\"url\":\"https:\/\/technosystem.pl\/\",\"logo\":{\"@type\":\"ImageObject\",\"inLanguage\":\"en-US\",\"@id\":\"https:\/\/technosystem.pl\/#\/schema\/logo\/image\/\",\"url\":\"https:\/\/technosystem.pl\/wp-content\/uploads\/2024\/04\/logo-1.png\",\"contentUrl\":\"https:\/\/technosystem.pl\/wp-content\/uploads\/2024\/04\/logo-1.png\",\"width\":235,\"height\":33,\"caption\":\"Technosystem Sp. z o.o.\"},\"image\":{\"@id\":\"https:\/\/technosystem.pl\/#\/schema\/logo\/image\/\"},\"sameAs\":[\"https:\/\/www.facebook.com\/TechnoSystemSpzoo\/\",\"https:\/\/www.youtube.com\/channel\/UCtag1RRGGZdlCMlsXHr8F9A\",\"https:\/\/www.linkedin.com\/company\/technosystem-sp-z-o-o\/?viewAsMember=true\"]}]}<\/script>\n<!-- \/ Yoast SEO plugin. -->","yoast_head_json":{"title":"Rigid Circuits - Technosystem Sp. z o.o.","robots":{"index":"index","follow":"follow","max-snippet":"max-snippet:-1","max-image-preview":"max-image-preview:large","max-video-preview":"max-video-preview:-1"},"canonical":"https:\/\/technosystem.pl\/en\/rigid-circuits\/","og_locale":"en_US","og_type":"article","og_title":"Rigid Circuits - Technosystem Sp. z o.o.","og_description":"[vc_row css_animation=&#8221;&#8221; row_type=&#8221;row&#8221; use_row_as_full_screen_section=&#8221;no&#8221; type=&#8221;full_width&#8221; angled_section=&#8221;no&#8221; text_align=&#8221;left&#8221; background_image_as_pattern=&#8221;without_pattern&#8221;][vc_column][vc_column_text] Production documentation of printed circuits consists of: Gerber files of the PCB project with drilling files, laminate specification taking into account the stack-up, information on additional requirements such as Tg (glass transition temperature), base material or impedance...","og_url":"https:\/\/technosystem.pl\/en\/rigid-circuits\/","og_site_name":"Technosystem Sp. z o.o.","article_publisher":"https:\/\/www.facebook.com\/TechnoSystemSpzoo\/","article_modified_time":"2018-03-19T22:34:14+00:00","twitter_card":"summary_large_image","twitter_misc":{"Est. reading time":"1 minute"},"schema":{"@context":"https:\/\/schema.org","@graph":[{"@type":"WebPage","@id":"https:\/\/technosystem.pl\/en\/rigid-circuits\/","url":"https:\/\/technosystem.pl\/en\/rigid-circuits\/","name":"Rigid Circuits - Technosystem Sp. z o.o.","isPartOf":{"@id":"https:\/\/technosystem.pl\/#website"},"datePublished":"2018-03-19T22:31:16+00:00","dateModified":"2018-03-19T22:34:14+00:00","breadcrumb":{"@id":"https:\/\/technosystem.pl\/en\/rigid-circuits\/#breadcrumb"},"inLanguage":"en-US","potentialAction":[{"@type":"ReadAction","target":["https:\/\/technosystem.pl\/en\/rigid-circuits\/"]}]},{"@type":"BreadcrumbList","@id":"https:\/\/technosystem.pl\/en\/rigid-circuits\/#breadcrumb","itemListElement":[{"@type":"ListItem","position":1,"name":"Strona g\u0142\u00f3wna","item":"https:\/\/technosystem.pl\/en\/strona-glowna\/"},{"@type":"ListItem","position":2,"name":"Rigid Circuits"}]},{"@type":"WebSite","@id":"https:\/\/technosystem.pl\/#website","url":"https:\/\/technosystem.pl\/","name":"Technosystem Sp. z o.o.","description":"Technosystem - Profesjonalny i kompleksowy monta\u017c SMD oraz monta\u017c THT. Oferujemy kompleksow\u0105 obs\u0142ug\u0119 zlece\u0144 produkcyjnych na materia\u0142ach","publisher":{"@id":"https:\/\/technosystem.pl\/#organization"},"potentialAction":[{"@type":"SearchAction","target":{"@type":"EntryPoint","urlTemplate":"https:\/\/technosystem.pl\/?s={search_term_string}"},"query-input":{"@type":"PropertyValueSpecification","valueRequired":true,"valueName":"search_term_string"}}],"inLanguage":"en-US"},{"@type":"Organization","@id":"https:\/\/technosystem.pl\/#organization","name":"Technosystem Sp. z o.o.","url":"https:\/\/technosystem.pl\/","logo":{"@type":"ImageObject","inLanguage":"en-US","@id":"https:\/\/technosystem.pl\/#\/schema\/logo\/image\/","url":"https:\/\/technosystem.pl\/wp-content\/uploads\/2024\/04\/logo-1.png","contentUrl":"https:\/\/technosystem.pl\/wp-content\/uploads\/2024\/04\/logo-1.png","width":235,"height":33,"caption":"Technosystem Sp. z o.o."},"image":{"@id":"https:\/\/technosystem.pl\/#\/schema\/logo\/image\/"},"sameAs":["https:\/\/www.facebook.com\/TechnoSystemSpzoo\/","https:\/\/www.youtube.com\/channel\/UCtag1RRGGZdlCMlsXHr8F9A","https:\/\/www.linkedin.com\/company\/technosystem-sp-z-o-o\/?viewAsMember=true"]}]}},"_links":{"self":[{"href":"https:\/\/technosystem.pl\/en\/wp-json\/wp\/v2\/pages\/16070","targetHints":{"allow":["GET"]}}],"collection":[{"href":"https:\/\/technosystem.pl\/en\/wp-json\/wp\/v2\/pages"}],"about":[{"href":"https:\/\/technosystem.pl\/en\/wp-json\/wp\/v2\/types\/page"}],"author":[{"embeddable":true,"href":"https:\/\/technosystem.pl\/en\/wp-json\/wp\/v2\/users\/1"}],"replies":[{"embeddable":true,"href":"https:\/\/technosystem.pl\/en\/wp-json\/wp\/v2\/comments?post=16070"}],"version-history":[{"count":3,"href":"https:\/\/technosystem.pl\/en\/wp-json\/wp\/v2\/pages\/16070\/revisions"}],"predecessor-version":[{"id":16073,"href":"https:\/\/technosystem.pl\/en\/wp-json\/wp\/v2\/pages\/16070\/revisions\/16073"}],"wp:attachment":[{"href":"https:\/\/technosystem.pl\/en\/wp-json\/wp\/v2\/media?parent=16070"}],"curies":[{"name":"wp","href":"https:\/\/api.w.org\/{rel}","templated":true}]}}