{"id":16080,"date":"2018-03-19T22:44:36","date_gmt":"2018-03-19T22:44:36","guid":{"rendered":"https:\/\/technosystem.pl\/?page_id=16080"},"modified":"2025-08-16T09:01:47","modified_gmt":"2025-08-16T07:01:47","slug":"sales-of-machines","status":"publish","type":"page","link":"https:\/\/technosystem.pl\/en\/sales-of-machines\/","title":{"rendered":"Sales of Machines"},"content":{"rendered":"<div class=\"wpb-content-wrapper\"><p>[vc_row css_animation=&#8221;&#8221; row_type=&#8221;row&#8221; use_row_as_full_screen_section=&#8221;no&#8221; type=&#8221;full_width&#8221; angled_section=&#8221;no&#8221; text_align=&#8221;left&#8221; background_image_as_pattern=&#8221;without_pattern&#8221; background_color=&#8221;#ffffff&#8221; border_color=&#8221;#ffffff&#8221; z_index=&#8221;&#8221;][vc_column css=&#8221;.vc_custom_1514765789952{background-color: #ffffff !important;}&#8221;][vc_column_text]<span style=\"color: #000000;\">In connection with the replacement of production equipment, we offer used SMT assembly devices:<\/span><\/p>\n<p>&nbsp;<\/p>\n<ul>\n<li><a href=\"https:\/\/spzootechnosystem-my.sharepoint.com\/:f:\/g\/personal\/mkurzak_technosystem_pl\/EuDagvDwjb5JgjtpaT2703ABL-baSAadGg_8BsCk8qiRLg?e=x88kfz\" target=\"_blank\" rel=\"noopener\">Power Generator P150E<\/a><\/li>\n<li><a href=\"https:\/\/spzootechnosystem-my.sharepoint.com\/:f:\/g\/personal\/mkurzak_technosystem_pl\/Etmk0AMug6VNjxGFIogYxiYBo-s7MZnYyLEBcVTUK8iFRA?e=LgnKkx\" target=\"_blank\" rel=\"noopener\">ERSA Hotflow 2\/12<\/a><\/li>\n<li><a href=\"https:\/\/spzootechnosystem-my.sharepoint.com\/:f:\/g\/personal\/mkurzak_technosystem_pl\/Et6SuOfJNehAtHuaKwkUlaEBKrp3yjKMSZIoiq4uC6KyNQ?e=IZ2txm\" target=\"_blank\" rel=\"noopener\">ERSA Hotflow 2\/20<\/a><\/li>\n<li><a href=\"https:\/\/spzootechnosystem-my.sharepoint.com\/:f:\/g\/personal\/mkurzak_technosystem_pl\/Et6SuOfJNehAtHuaKwkUlaEBKrp3yjKMSZIoiq4uC6KyNQ?e=IZ2txm\" target=\"_blank\" rel=\"noopener\">ERSA Hotflow 2\/20<\/a><\/li>\n<li><a href=\"https:\/\/spzootechnosystem-my.sharepoint.com\/:f:\/g\/personal\/mkurzak_technosystem_pl\/ErPsIDG4-sVAqtq8sd2l0-8B6Vr_sOJKL5KXdw00HHX3Pg?e=XXNUAm\" target=\"_blank\" rel=\"noopener\">Mascot Laser &#8211; LH 230813A<\/a><\/li>\n<li><a href=\"https:\/\/spzootechnosystem-my.sharepoint.com\/:f:\/g\/personal\/mkurzak_technosystem_pl\/EkNjutq_Fj1LnokzyPAhiToBzavm-DUU8kkwDZQEjlWvMg?e=9NkEtO\" target=\"_blank\" rel=\"noopener\">VISCOM X8051-16 IL<\/a><\/li>\n<li><a href=\"https:\/\/spzootechnosystem-my.sharepoint.com\/:f:\/g\/personal\/mkurzak_technosystem_pl\/EpJUqNvnW6tDjetMdJTyCy0BRvyNRVbj50QBHB5VE3WpqQ?e=eFMLrf\" target=\"_blank\" rel=\"noopener\">ERSA Hotflow 2\/14<\/a><\/li>\n<li><a href=\"https:\/\/spzootechnosystem-my.sharepoint.com\/:f:\/g\/personal\/mkurzak_technosystem_pl\/Ek_Mh9UeIuFAo-x7hX8jy2kB8g9j1cD64H4QG7YrCIVZkg?e=lD4UL3\" target=\"_blank\" rel=\"noopener\"><span style=\"color: #000000;\">YAMAHA YSM10<\/span><\/a><\/li>\n<li><a href=\"https:\/\/spzootechnosystem-my.sharepoint.com\/:f:\/g\/personal\/mkurzak_technosystem_pl\/Evzta1-Ke8FPnxyIkWHC8FcBbP4ZWu5I2C5s0qxoRgDh0Q?e=rqIpIf\" target=\"_blank\" rel=\"noopener\">YAMAHA YSM20-2<\/a><\/li>\n<li><span style=\"color: #000000;\"><span style=\"text-decoration: line-through;\">600CV460 CONVEYOR<\/span>\u00a0<\/span> <span style=\"color: #ff0000;\">SOLD<\/span><\/li>\n<li><span style=\"color: #000000;\"><span style=\"text-decoration: line-through;\">1000CV460LT INSPECTION CONVEYOR<\/span>\u00a0<\/span> <span style=\"color: #ff0000;\">SOLD<\/span><\/li>\n<li><span style=\"color: #000000;\"><span style=\"text-decoration: line-through;\">BFP-460 PCB FLIPPER CONVEYOR<\/span>\u00a0<\/span> <span style=\"color: #ff0000;\">SOLD<\/span><\/li>\n<li><span style=\"color: #000000;\"><span style=\"text-decoration: line-through;\">PBT Motoprint screen printer.<\/span>\u00a0<\/span> <span style=\"color: #ff0000;\">SOLD<\/span><\/li>\n<li><span style=\"color: #000000;\"><span style=\"text-decoration: line-through;\">ddypenser paste \/ glue &#8220;Mechatronics MD40&#8221;<\/span>\u00a0<\/span>\u00a0 <span style=\"color: #ff0000;\">SOLD<\/span><\/li>\n<li><span style=\"color: #000000;\"><span style=\"text-decoration: line-through;\">reflow oven ERSA HOTFLOW 7.<\/span> <span style=\"color: #ff0000;\">SOLD<\/span><\/span><\/li>\n<li><span style=\"color: #000000;\"><span style=\"text-decoration: line-through;\">feeders for the Assembleon machine, type CL (pneumatic), CL4x8mm, CL12, CL16, CL24,<\/span> <span style=\"color: #ff0000;\">SOLD<\/span><\/span><\/li>\n<li><span style=\"color: #000000;\">feeders for the Assembleon machine, type ITF \/ TTF (electric), widths 8,12, 16, 24, 32 and 44mm <\/span><\/li>\n<li><span style=\"color: #000000;\">feeders for I`pulse&#8221; +\u00a0<span class=\"HwtZe\" lang=\"en\"><span class=\"jCAhz ChMk0b\"><span class=\"ryNqvb\">trolleys approx.<\/span><\/span><\/span> 70pcs &#8211; price 500\u20ac<\/span><\/li>\n<\/ul>\n<p>&nbsp;<\/p>\n<p><span style=\"color: #000000;\">Details:<\/span> <a href=\"https:\/\/is.gd\/hFmtlA\">https:\/\/is.gd\/oBQhwv<\/a><\/p>\n<p><span style=\"color: #000000;\">If you are interested, please contact: wniedzwiedz@technosystem.pl or call +48 502-942-286.<\/span>[\/vc_column_text][vc_empty_space height=&#8221;100px&#8221;][\/vc_column][\/vc_row]<\/p>\n<\/div>","protected":false},"excerpt":{"rendered":"<p>[vc_row css_animation=&#8221;&#8221; row_type=&#8221;row&#8221; use_row_as_full_screen_section=&#8221;no&#8221; type=&#8221;full_width&#8221; angled_section=&#8221;no&#8221; text_align=&#8221;left&#8221; background_image_as_pattern=&#8221;without_pattern&#8221; background_color=&#8221;#ffffff&#8221; border_color=&#8221;#ffffff&#8221; z_index=&#8221;&#8221;][vc_column css=&#8221;.vc_custom_1514765789952{background-color: #ffffff !important;}&#8221;][vc_column_text]In connection with the replacement of production equipment, we offer used SMT assembly devices: &nbsp; Power Generator P150E ERSA Hotflow 2\/12 ERSA Hotflow 2\/20 ERSA Hotflow 2\/20 Mascot Laser &#8211; LH 230813A&#8230;<\/p>\n","protected":false},"author":1,"featured_media":0,"parent":0,"menu_order":0,"comment_status":"closed","ping_status":"closed","template":"","meta":{"footnotes":""},"class_list":["post-16080","page","type-page","status-publish","hentry"],"yoast_head":"<!-- This site is optimized with the Yoast SEO plugin v27.2 - https:\/\/yoast.com\/product\/yoast-seo-wordpress\/ -->\n<title>Sales of Machines - Technosystem Sp. z o.o.<\/title>\n<meta name=\"robots\" content=\"index, follow, max-snippet:-1, max-image-preview:large, max-video-preview:-1\" \/>\n<link rel=\"canonical\" href=\"https:\/\/technosystem.pl\/en\/sales-of-machines\/\" \/>\n<meta property=\"og:locale\" content=\"en_US\" \/>\n<meta property=\"og:type\" content=\"article\" \/>\n<meta property=\"og:title\" content=\"Sales of Machines - Technosystem Sp. z o.o.\" \/>\n<meta property=\"og:description\" content=\"[vc_row css_animation=&#8221;&#8221; row_type=&#8221;row&#8221; use_row_as_full_screen_section=&#8221;no&#8221; type=&#8221;full_width&#8221; angled_section=&#8221;no&#8221; text_align=&#8221;left&#8221; background_image_as_pattern=&#8221;without_pattern&#8221; background_color=&#8221;#ffffff&#8221; border_color=&#8221;#ffffff&#8221; z_index=&#8221;&#8221;][vc_column css=&#8221;.vc_custom_1514765789952{background-color: #ffffff !important;}&#8221;][vc_column_text]In connection with the replacement of production equipment, we offer used SMT assembly devices: &nbsp; Power Generator P150E ERSA Hotflow 2\/12 ERSA Hotflow 2\/20 ERSA Hotflow 2\/20 Mascot Laser &#8211; LH 230813A...\" \/>\n<meta property=\"og:url\" content=\"https:\/\/technosystem.pl\/en\/sales-of-machines\/\" \/>\n<meta property=\"og:site_name\" content=\"Technosystem Sp. z o.o.\" \/>\n<meta property=\"article:publisher\" content=\"https:\/\/www.facebook.com\/TechnoSystemSpzoo\/\" \/>\n<meta property=\"article:modified_time\" content=\"2025-08-16T07:01:47+00:00\" \/>\n<meta name=\"twitter:card\" content=\"summary_large_image\" \/>\n<meta name=\"twitter:label1\" content=\"Est. reading time\" \/>\n\t<meta name=\"twitter:data1\" content=\"1 minute\" \/>\n<script type=\"application\/ld+json\" class=\"yoast-schema-graph\">{\"@context\":\"https:\/\/schema.org\",\"@graph\":[{\"@type\":\"WebPage\",\"@id\":\"https:\/\/technosystem.pl\/en\/sales-of-machines\/\",\"url\":\"https:\/\/technosystem.pl\/en\/sales-of-machines\/\",\"name\":\"Sales of Machines - Technosystem Sp. z o.o.\",\"isPartOf\":{\"@id\":\"https:\/\/technosystem.pl\/#website\"},\"datePublished\":\"2018-03-19T22:44:36+00:00\",\"dateModified\":\"2025-08-16T07:01:47+00:00\",\"breadcrumb\":{\"@id\":\"https:\/\/technosystem.pl\/en\/sales-of-machines\/#breadcrumb\"},\"inLanguage\":\"en-US\",\"potentialAction\":[{\"@type\":\"ReadAction\",\"target\":[\"https:\/\/technosystem.pl\/en\/sales-of-machines\/\"]}]},{\"@type\":\"BreadcrumbList\",\"@id\":\"https:\/\/technosystem.pl\/en\/sales-of-machines\/#breadcrumb\",\"itemListElement\":[{\"@type\":\"ListItem\",\"position\":1,\"name\":\"Strona g\u0142\u00f3wna\",\"item\":\"https:\/\/technosystem.pl\/en\/strona-glowna\/\"},{\"@type\":\"ListItem\",\"position\":2,\"name\":\"Sales of Machines\"}]},{\"@type\":\"WebSite\",\"@id\":\"https:\/\/technosystem.pl\/#website\",\"url\":\"https:\/\/technosystem.pl\/\",\"name\":\"Technosystem Sp. z o.o.\",\"description\":\"Technosystem - Profesjonalny i kompleksowy monta\u017c SMD oraz monta\u017c THT. Oferujemy kompleksow\u0105 obs\u0142ug\u0119 zlece\u0144 produkcyjnych na materia\u0142ach\",\"publisher\":{\"@id\":\"https:\/\/technosystem.pl\/#organization\"},\"potentialAction\":[{\"@type\":\"SearchAction\",\"target\":{\"@type\":\"EntryPoint\",\"urlTemplate\":\"https:\/\/technosystem.pl\/?s={search_term_string}\"},\"query-input\":{\"@type\":\"PropertyValueSpecification\",\"valueRequired\":true,\"valueName\":\"search_term_string\"}}],\"inLanguage\":\"en-US\"},{\"@type\":\"Organization\",\"@id\":\"https:\/\/technosystem.pl\/#organization\",\"name\":\"Technosystem Sp. z o.o.\",\"url\":\"https:\/\/technosystem.pl\/\",\"logo\":{\"@type\":\"ImageObject\",\"inLanguage\":\"en-US\",\"@id\":\"https:\/\/technosystem.pl\/#\/schema\/logo\/image\/\",\"url\":\"https:\/\/technosystem.pl\/wp-content\/uploads\/2024\/04\/logo-1.png\",\"contentUrl\":\"https:\/\/technosystem.pl\/wp-content\/uploads\/2024\/04\/logo-1.png\",\"width\":235,\"height\":33,\"caption\":\"Technosystem Sp. z o.o.\"},\"image\":{\"@id\":\"https:\/\/technosystem.pl\/#\/schema\/logo\/image\/\"},\"sameAs\":[\"https:\/\/www.facebook.com\/TechnoSystemSpzoo\/\",\"https:\/\/www.youtube.com\/channel\/UCtag1RRGGZdlCMlsXHr8F9A\",\"https:\/\/www.linkedin.com\/company\/technosystem-sp-z-o-o\/?viewAsMember=true\"]}]}<\/script>\n<!-- \/ Yoast SEO plugin. -->","yoast_head_json":{"title":"Sales of Machines - Technosystem Sp. z o.o.","robots":{"index":"index","follow":"follow","max-snippet":"max-snippet:-1","max-image-preview":"max-image-preview:large","max-video-preview":"max-video-preview:-1"},"canonical":"https:\/\/technosystem.pl\/en\/sales-of-machines\/","og_locale":"en_US","og_type":"article","og_title":"Sales of Machines - Technosystem Sp. z o.o.","og_description":"[vc_row css_animation=&#8221;&#8221; row_type=&#8221;row&#8221; use_row_as_full_screen_section=&#8221;no&#8221; type=&#8221;full_width&#8221; angled_section=&#8221;no&#8221; text_align=&#8221;left&#8221; background_image_as_pattern=&#8221;without_pattern&#8221; background_color=&#8221;#ffffff&#8221; border_color=&#8221;#ffffff&#8221; z_index=&#8221;&#8221;][vc_column css=&#8221;.vc_custom_1514765789952{background-color: #ffffff !important;}&#8221;][vc_column_text]In connection with the replacement of production equipment, we offer used SMT assembly devices: &nbsp; Power Generator P150E ERSA Hotflow 2\/12 ERSA Hotflow 2\/20 ERSA Hotflow 2\/20 Mascot Laser &#8211; LH 230813A...","og_url":"https:\/\/technosystem.pl\/en\/sales-of-machines\/","og_site_name":"Technosystem Sp. z o.o.","article_publisher":"https:\/\/www.facebook.com\/TechnoSystemSpzoo\/","article_modified_time":"2025-08-16T07:01:47+00:00","twitter_card":"summary_large_image","twitter_misc":{"Est. reading time":"1 minute"},"schema":{"@context":"https:\/\/schema.org","@graph":[{"@type":"WebPage","@id":"https:\/\/technosystem.pl\/en\/sales-of-machines\/","url":"https:\/\/technosystem.pl\/en\/sales-of-machines\/","name":"Sales of Machines - Technosystem Sp. z o.o.","isPartOf":{"@id":"https:\/\/technosystem.pl\/#website"},"datePublished":"2018-03-19T22:44:36+00:00","dateModified":"2025-08-16T07:01:47+00:00","breadcrumb":{"@id":"https:\/\/technosystem.pl\/en\/sales-of-machines\/#breadcrumb"},"inLanguage":"en-US","potentialAction":[{"@type":"ReadAction","target":["https:\/\/technosystem.pl\/en\/sales-of-machines\/"]}]},{"@type":"BreadcrumbList","@id":"https:\/\/technosystem.pl\/en\/sales-of-machines\/#breadcrumb","itemListElement":[{"@type":"ListItem","position":1,"name":"Strona g\u0142\u00f3wna","item":"https:\/\/technosystem.pl\/en\/strona-glowna\/"},{"@type":"ListItem","position":2,"name":"Sales of Machines"}]},{"@type":"WebSite","@id":"https:\/\/technosystem.pl\/#website","url":"https:\/\/technosystem.pl\/","name":"Technosystem Sp. z o.o.","description":"Technosystem - Profesjonalny i kompleksowy monta\u017c SMD oraz monta\u017c THT. Oferujemy kompleksow\u0105 obs\u0142ug\u0119 zlece\u0144 produkcyjnych na materia\u0142ach","publisher":{"@id":"https:\/\/technosystem.pl\/#organization"},"potentialAction":[{"@type":"SearchAction","target":{"@type":"EntryPoint","urlTemplate":"https:\/\/technosystem.pl\/?s={search_term_string}"},"query-input":{"@type":"PropertyValueSpecification","valueRequired":true,"valueName":"search_term_string"}}],"inLanguage":"en-US"},{"@type":"Organization","@id":"https:\/\/technosystem.pl\/#organization","name":"Technosystem Sp. z o.o.","url":"https:\/\/technosystem.pl\/","logo":{"@type":"ImageObject","inLanguage":"en-US","@id":"https:\/\/technosystem.pl\/#\/schema\/logo\/image\/","url":"https:\/\/technosystem.pl\/wp-content\/uploads\/2024\/04\/logo-1.png","contentUrl":"https:\/\/technosystem.pl\/wp-content\/uploads\/2024\/04\/logo-1.png","width":235,"height":33,"caption":"Technosystem Sp. z o.o."},"image":{"@id":"https:\/\/technosystem.pl\/#\/schema\/logo\/image\/"},"sameAs":["https:\/\/www.facebook.com\/TechnoSystemSpzoo\/","https:\/\/www.youtube.com\/channel\/UCtag1RRGGZdlCMlsXHr8F9A","https:\/\/www.linkedin.com\/company\/technosystem-sp-z-o-o\/?viewAsMember=true"]}]}},"_links":{"self":[{"href":"https:\/\/technosystem.pl\/en\/wp-json\/wp\/v2\/pages\/16080","targetHints":{"allow":["GET"]}}],"collection":[{"href":"https:\/\/technosystem.pl\/en\/wp-json\/wp\/v2\/pages"}],"about":[{"href":"https:\/\/technosystem.pl\/en\/wp-json\/wp\/v2\/types\/page"}],"author":[{"embeddable":true,"href":"https:\/\/technosystem.pl\/en\/wp-json\/wp\/v2\/users\/1"}],"replies":[{"embeddable":true,"href":"https:\/\/technosystem.pl\/en\/wp-json\/wp\/v2\/comments?post=16080"}],"version-history":[{"count":23,"href":"https:\/\/technosystem.pl\/en\/wp-json\/wp\/v2\/pages\/16080\/revisions"}],"predecessor-version":[{"id":18519,"href":"https:\/\/technosystem.pl\/en\/wp-json\/wp\/v2\/pages\/16080\/revisions\/18519"}],"wp:attachment":[{"href":"https:\/\/technosystem.pl\/en\/wp-json\/wp\/v2\/media?parent=16080"}],"curies":[{"name":"wp","href":"https:\/\/api.w.org\/{rel}","templated":true}]}}