{"id":16109,"date":"2018-07-10T22:37:38","date_gmt":"2018-07-10T22:37:38","guid":{"rendered":"https:\/\/technosystem.pl\/?page_id=16109"},"modified":"2022-04-24T19:42:53","modified_gmt":"2022-04-24T17:42:53","slug":"gdpr","status":"publish","type":"page","link":"https:\/\/technosystem.pl\/en\/gdpr\/","title":{"rendered":"GDPR"},"content":{"rendered":"<div class=\"wpb-content-wrapper\"><p>[vc_row css_animation=&#8221;&#8221; row_type=&#8221;row&#8221; use_row_as_full_screen_section=&#8221;no&#8221; type=&#8221;full_width&#8221; angled_section=&#8221;no&#8221; text_align=&#8221;left&#8221; background_image_as_pattern=&#8221;without_pattern&#8221;][vc_column][vc_column_text]<\/p>\n<p style=\"text-align: center;\"><span style=\"color: #000000;\">INFORMATION CLAUSE ON PROCESSING OF PERSONAL DATA<\/span><\/p>\n<p>&nbsp;<\/p>\n<p><span style=\"color: #000000;\">In connection with the implementation of the requirements of Regulation (EU) 2016\/679 of the European Parliament and of the Council of 27 April 2016 on the protection of individuals with regard to the processing of personal data and on the free movement of such data and the repeal of Directive 95\/46 \/ EC (general data protection regulation &#8220;GDPR&#8221;), we inform about the rules of processing your personal data and about your rights related to this.<\/span><\/p>\n<p><span style=\"color: #000000;\">The following rules apply from May 25, 2018.<\/span><\/p>\n<ol>\n<li><span style=\"color: #000000;\">The administrator of your data is Technosystem Sp. z o.o. with headquarters in Lesznowoli Kolonii, S\u0142oneczna 125 Street, entered in the Central Registration System, VAT no.: 1231350775<br \/>\n<\/span><\/li>\n<\/ol>\n<p><span style=\"color: #000000;\">(hereinafter: Technosystem).<\/span><\/p>\n<ol start=\"2\">\n<li><span style=\"color: #000000;\">If you have questions about the manner and scope of processing your personal data, you may contact Technosystem on <a style=\"color: #000000;\" href=\"phone:+48 221101302\">+48 22 110 13 02<\/a> or by e-mail: office@technosystem.com.pl<\/span><\/li>\n<li><span style=\"color: #000000;\">The personal data administrator &#8211; Technosystem &#8211; processes your personal data on the basis of applicable laws, concluded agreements and on the basis of granted consent.<\/span><\/li>\n<li><span style=\"color: #000000;\">Your personal data is processed only for the purposes of<br \/>\na) performance of the contract or take actions necessary for the conclusion and performance of the contract<\/span><br \/>\n<span style=\"color: #000000;\">b) execution of your orders or take actions necessary for the conclusion and execution of orders<\/span><br \/>\n<span style=\"color: #000000;\">c) marketing activities regarding our products and services.<br \/>\nd) other &#8211; on the basis of prior consent in the scope and purpose specified in the consent.<\/span><\/li>\n<li><span style=\"color: #000000;\">Your personal data will be kept for the period necessary to achieve the objectives set out in point 4, and after that for the period and to the extent required by the generally applicable law.<\/span><\/li>\n<li><span style=\"color: #000000;\">In relation to the processing of your personal data, you have the following rights:<br \/>\na) the right to access personal data, including the right to obtain a copy of this data;<br \/>\nb) the right to request correction (correction) of personal data &#8211; if the data is incorrect or incomplete;<br \/>\nc) the right to request the deletion of personal data (the so-called right to be forgotten), if:<\/span><\/li>\n<\/ol>\n<p><span style=\"color: #000000;\">&#8211; the data is no longer necessary for the purposes for which it was collected or otherwise processed,<\/span><\/p>\n<p><span style=\"color: #000000;\">&#8211; the data subject has objected to the processing of personal data,<\/span><\/p>\n<p><span style=\"color: #000000;\">&#8211; the data subject has withdrawn his consent to the processing of personal data, which is the basis for data processing and there is no other legal ground for data processing,<\/span><\/p>\n<p><span style=\"color: #000000;\">&#8211; personal data are processed unlawfully,<\/span><\/p>\n<p><span style=\"color: #000000;\">&#8211; personal data must be removed in order to comply with the legal obligation;<\/span><\/p>\n<p><span style=\"color: #000000;\">d) the right to demand limiting the processing of personal data &#8211; if:<\/span><\/p>\n<p><span style=\"color: #000000;\">&#8211; the data subject questions the correctness of personal data,<\/span><\/p>\n<p><span style=\"color: #000000;\">&#8211; the processing of data is unlawful and the data subject opposes the deletion of data, demanding their limitation instead,<\/span><\/p>\n<p><span style=\"color: #000000;\">&#8211; Technosystem\u00a0 no longer needs data for their purposes, but the data subject needs them to identify, defend or pursue claims,<\/span><\/p>\n<p><span style=\"color: #000000;\">&#8211; the data subject has objected to the processing of the data, pending determination of whether the legitimate grounds on the part of the controller are overriding the grounds of objection;<\/span><\/p>\n<p><span style=\"color: #000000;\">e) the right to data transfer &#8211; if the following conditions are jointly met:<\/span><\/p>\n<p><span style=\"color: #000000;\">&#8211; the data are processed on the basis of an agreement concluded with the data subject or on the basis of the consent expressed by that person,<\/span><\/p>\n<p><span style=\"color: #000000;\">&#8211; processing takes place in an automated manner;<\/span><\/p>\n<p><span style=\"color: #000000;\">f) the right to object to the processing of data &#8211; where the following conditions are met:<\/span><\/p>\n<p><span style=\"color: #000000;\">&#8211; there are reasons related to your special situation, in the case of data processing on the basis of a task carried out in the public interest or in the exercise of public authority by Technosystem .<\/span><\/p>\n<p><span style=\"color: #000000;\">&#8211; processing is necessary for purposes arising from legitimate interests pursued by Technosystem\u00a0 or by a third party, unless the interests or fundamental rights and freedoms of the data subject, requiring the protection of personal data, overriding those interests, are superior especially when the data subject is a child.<\/span><\/p>\n<ol start=\"7\">\n<li><span style=\"color: #000000;\">If the processing of personal data takes place on the basis of the person&#8217;s consent to the processing of personal data (Article 6 (1) and GDPR), you have the right to withdraw your consent at any time. The withdrawal does not affect the compliance of the processing, which was made on the basis of the consent prior to its withdrawal, with the applicable law.<\/span><\/li>\n<li><span style=\"color: #000000;\">If you have been informed of unlawful processing of your personal data in Technosystem , you have the right to lodge a complaint with the supervisory authority competent in matters of personal data protection.<\/span><\/li>\n<li><span style=\"color: #000000;\">In the situation where the processing of personal data is based on the consent of the data subject, the provision of personal data by Technosystem by you is voluntary.<\/span><\/li>\n<li><span style=\"color: #000000;\">Providing personal data is mandatory if the condition for the processing of personal data is a legal provision or an agreement between the parties.<\/span><\/li>\n<li><span style=\"color: #000000;\">Your data can be processed in an automated manner and will not be profiled.<\/span><\/li>\n<\/ol>\n<p>[\/vc_column_text][\/vc_column][\/vc_row][vc_row css_animation=&#8221;&#8221; row_type=&#8221;row&#8221; use_row_as_full_screen_section=&#8221;no&#8221; type=&#8221;full_width&#8221; angled_section=&#8221;no&#8221; text_align=&#8221;left&#8221; background_image_as_pattern=&#8221;without_pattern&#8221;][vc_column][vc_empty_space][\/vc_column][\/vc_row]<\/p>\n<\/div>","protected":false},"excerpt":{"rendered":"<p>[vc_row css_animation=&#8221;&#8221; row_type=&#8221;row&#8221; use_row_as_full_screen_section=&#8221;no&#8221; type=&#8221;full_width&#8221; angled_section=&#8221;no&#8221; text_align=&#8221;left&#8221; background_image_as_pattern=&#8221;without_pattern&#8221;][vc_column][vc_column_text] INFORMATION CLAUSE ON PROCESSING OF PERSONAL DATA &nbsp; In connection with the implementation of the requirements of Regulation (EU) 2016\/679 of the European Parliament and of the Council of 27 April 2016 on the protection of individuals&#8230;<\/p>\n","protected":false},"author":1,"featured_media":0,"parent":0,"menu_order":0,"comment_status":"closed","ping_status":"closed","template":"","meta":{"footnotes":""},"class_list":["post-16109","page","type-page","status-publish","hentry"],"yoast_head":"<!-- This site is optimized with the Yoast SEO plugin v27.2 - https:\/\/yoast.com\/product\/yoast-seo-wordpress\/ -->\n<title>GDPR - Technosystem Sp. z o.o.<\/title>\n<meta name=\"robots\" content=\"index, follow, max-snippet:-1, max-image-preview:large, max-video-preview:-1\" \/>\n<link rel=\"canonical\" href=\"https:\/\/technosystem.pl\/en\/gdpr\/\" \/>\n<meta property=\"og:locale\" content=\"en_US\" \/>\n<meta property=\"og:type\" content=\"article\" \/>\n<meta property=\"og:title\" content=\"GDPR - Technosystem Sp. z o.o.\" \/>\n<meta property=\"og:description\" content=\"[vc_row css_animation=&#8221;&#8221; row_type=&#8221;row&#8221; use_row_as_full_screen_section=&#8221;no&#8221; type=&#8221;full_width&#8221; angled_section=&#8221;no&#8221; text_align=&#8221;left&#8221; background_image_as_pattern=&#8221;without_pattern&#8221;][vc_column][vc_column_text] INFORMATION CLAUSE ON PROCESSING OF PERSONAL DATA &nbsp; In connection with the implementation of the requirements of Regulation (EU) 2016\/679 of the European Parliament and of the Council of 27 April 2016 on the protection of individuals...\" \/>\n<meta property=\"og:url\" content=\"https:\/\/technosystem.pl\/en\/gdpr\/\" \/>\n<meta property=\"og:site_name\" content=\"Technosystem Sp. z o.o.\" \/>\n<meta property=\"article:publisher\" content=\"https:\/\/www.facebook.com\/TechnoSystemSpzoo\/\" \/>\n<meta property=\"article:modified_time\" content=\"2022-04-24T17:42:53+00:00\" \/>\n<meta name=\"twitter:card\" content=\"summary_large_image\" \/>\n<meta name=\"twitter:label1\" content=\"Est. reading time\" \/>\n\t<meta name=\"twitter:data1\" content=\"5 minutes\" \/>\n<script type=\"application\/ld+json\" class=\"yoast-schema-graph\">{\"@context\":\"https:\/\/schema.org\",\"@graph\":[{\"@type\":\"WebPage\",\"@id\":\"https:\/\/technosystem.pl\/en\/gdpr\/\",\"url\":\"https:\/\/technosystem.pl\/en\/gdpr\/\",\"name\":\"GDPR - Technosystem Sp. z o.o.\",\"isPartOf\":{\"@id\":\"https:\/\/technosystem.pl\/#website\"},\"datePublished\":\"2018-07-10T22:37:38+00:00\",\"dateModified\":\"2022-04-24T17:42:53+00:00\",\"breadcrumb\":{\"@id\":\"https:\/\/technosystem.pl\/en\/gdpr\/#breadcrumb\"},\"inLanguage\":\"en-US\",\"potentialAction\":[{\"@type\":\"ReadAction\",\"target\":[\"https:\/\/technosystem.pl\/en\/gdpr\/\"]}]},{\"@type\":\"BreadcrumbList\",\"@id\":\"https:\/\/technosystem.pl\/en\/gdpr\/#breadcrumb\",\"itemListElement\":[{\"@type\":\"ListItem\",\"position\":1,\"name\":\"Strona g\u0142\u00f3wna\",\"item\":\"https:\/\/technosystem.pl\/en\/strona-glowna\/\"},{\"@type\":\"ListItem\",\"position\":2,\"name\":\"GDPR\"}]},{\"@type\":\"WebSite\",\"@id\":\"https:\/\/technosystem.pl\/#website\",\"url\":\"https:\/\/technosystem.pl\/\",\"name\":\"Technosystem Sp. z o.o.\",\"description\":\"Technosystem - Profesjonalny i kompleksowy monta\u017c SMD oraz monta\u017c THT. Oferujemy kompleksow\u0105 obs\u0142ug\u0119 zlece\u0144 produkcyjnych na materia\u0142ach\",\"publisher\":{\"@id\":\"https:\/\/technosystem.pl\/#organization\"},\"potentialAction\":[{\"@type\":\"SearchAction\",\"target\":{\"@type\":\"EntryPoint\",\"urlTemplate\":\"https:\/\/technosystem.pl\/?s={search_term_string}\"},\"query-input\":{\"@type\":\"PropertyValueSpecification\",\"valueRequired\":true,\"valueName\":\"search_term_string\"}}],\"inLanguage\":\"en-US\"},{\"@type\":\"Organization\",\"@id\":\"https:\/\/technosystem.pl\/#organization\",\"name\":\"Technosystem Sp. z o.o.\",\"url\":\"https:\/\/technosystem.pl\/\",\"logo\":{\"@type\":\"ImageObject\",\"inLanguage\":\"en-US\",\"@id\":\"https:\/\/technosystem.pl\/#\/schema\/logo\/image\/\",\"url\":\"https:\/\/technosystem.pl\/wp-content\/uploads\/2024\/04\/logo-1.png\",\"contentUrl\":\"https:\/\/technosystem.pl\/wp-content\/uploads\/2024\/04\/logo-1.png\",\"width\":235,\"height\":33,\"caption\":\"Technosystem Sp. z o.o.\"},\"image\":{\"@id\":\"https:\/\/technosystem.pl\/#\/schema\/logo\/image\/\"},\"sameAs\":[\"https:\/\/www.facebook.com\/TechnoSystemSpzoo\/\",\"https:\/\/www.youtube.com\/channel\/UCtag1RRGGZdlCMlsXHr8F9A\",\"https:\/\/www.linkedin.com\/company\/technosystem-sp-z-o-o\/?viewAsMember=true\"]}]}<\/script>\n<!-- \/ Yoast SEO plugin. -->","yoast_head_json":{"title":"GDPR - Technosystem Sp. z o.o.","robots":{"index":"index","follow":"follow","max-snippet":"max-snippet:-1","max-image-preview":"max-image-preview:large","max-video-preview":"max-video-preview:-1"},"canonical":"https:\/\/technosystem.pl\/en\/gdpr\/","og_locale":"en_US","og_type":"article","og_title":"GDPR - Technosystem Sp. z o.o.","og_description":"[vc_row css_animation=&#8221;&#8221; row_type=&#8221;row&#8221; use_row_as_full_screen_section=&#8221;no&#8221; type=&#8221;full_width&#8221; angled_section=&#8221;no&#8221; text_align=&#8221;left&#8221; background_image_as_pattern=&#8221;without_pattern&#8221;][vc_column][vc_column_text] INFORMATION CLAUSE ON PROCESSING OF PERSONAL DATA &nbsp; In connection with the implementation of the requirements of Regulation (EU) 2016\/679 of the European Parliament and of the Council of 27 April 2016 on the protection of individuals...","og_url":"https:\/\/technosystem.pl\/en\/gdpr\/","og_site_name":"Technosystem Sp. z o.o.","article_publisher":"https:\/\/www.facebook.com\/TechnoSystemSpzoo\/","article_modified_time":"2022-04-24T17:42:53+00:00","twitter_card":"summary_large_image","twitter_misc":{"Est. reading time":"5 minutes"},"schema":{"@context":"https:\/\/schema.org","@graph":[{"@type":"WebPage","@id":"https:\/\/technosystem.pl\/en\/gdpr\/","url":"https:\/\/technosystem.pl\/en\/gdpr\/","name":"GDPR - Technosystem Sp. z o.o.","isPartOf":{"@id":"https:\/\/technosystem.pl\/#website"},"datePublished":"2018-07-10T22:37:38+00:00","dateModified":"2022-04-24T17:42:53+00:00","breadcrumb":{"@id":"https:\/\/technosystem.pl\/en\/gdpr\/#breadcrumb"},"inLanguage":"en-US","potentialAction":[{"@type":"ReadAction","target":["https:\/\/technosystem.pl\/en\/gdpr\/"]}]},{"@type":"BreadcrumbList","@id":"https:\/\/technosystem.pl\/en\/gdpr\/#breadcrumb","itemListElement":[{"@type":"ListItem","position":1,"name":"Strona g\u0142\u00f3wna","item":"https:\/\/technosystem.pl\/en\/strona-glowna\/"},{"@type":"ListItem","position":2,"name":"GDPR"}]},{"@type":"WebSite","@id":"https:\/\/technosystem.pl\/#website","url":"https:\/\/technosystem.pl\/","name":"Technosystem Sp. z o.o.","description":"Technosystem - Profesjonalny i kompleksowy monta\u017c SMD oraz monta\u017c THT. Oferujemy kompleksow\u0105 obs\u0142ug\u0119 zlece\u0144 produkcyjnych na materia\u0142ach","publisher":{"@id":"https:\/\/technosystem.pl\/#organization"},"potentialAction":[{"@type":"SearchAction","target":{"@type":"EntryPoint","urlTemplate":"https:\/\/technosystem.pl\/?s={search_term_string}"},"query-input":{"@type":"PropertyValueSpecification","valueRequired":true,"valueName":"search_term_string"}}],"inLanguage":"en-US"},{"@type":"Organization","@id":"https:\/\/technosystem.pl\/#organization","name":"Technosystem Sp. z o.o.","url":"https:\/\/technosystem.pl\/","logo":{"@type":"ImageObject","inLanguage":"en-US","@id":"https:\/\/technosystem.pl\/#\/schema\/logo\/image\/","url":"https:\/\/technosystem.pl\/wp-content\/uploads\/2024\/04\/logo-1.png","contentUrl":"https:\/\/technosystem.pl\/wp-content\/uploads\/2024\/04\/logo-1.png","width":235,"height":33,"caption":"Technosystem Sp. z o.o."},"image":{"@id":"https:\/\/technosystem.pl\/#\/schema\/logo\/image\/"},"sameAs":["https:\/\/www.facebook.com\/TechnoSystemSpzoo\/","https:\/\/www.youtube.com\/channel\/UCtag1RRGGZdlCMlsXHr8F9A","https:\/\/www.linkedin.com\/company\/technosystem-sp-z-o-o\/?viewAsMember=true"]}]}},"_links":{"self":[{"href":"https:\/\/technosystem.pl\/en\/wp-json\/wp\/v2\/pages\/16109","targetHints":{"allow":["GET"]}}],"collection":[{"href":"https:\/\/technosystem.pl\/en\/wp-json\/wp\/v2\/pages"}],"about":[{"href":"https:\/\/technosystem.pl\/en\/wp-json\/wp\/v2\/types\/page"}],"author":[{"embeddable":true,"href":"https:\/\/technosystem.pl\/en\/wp-json\/wp\/v2\/users\/1"}],"replies":[{"embeddable":true,"href":"https:\/\/technosystem.pl\/en\/wp-json\/wp\/v2\/comments?post=16109"}],"version-history":[{"count":6,"href":"https:\/\/technosystem.pl\/en\/wp-json\/wp\/v2\/pages\/16109\/revisions"}],"predecessor-version":[{"id":17635,"href":"https:\/\/technosystem.pl\/en\/wp-json\/wp\/v2\/pages\/16109\/revisions\/17635"}],"wp:attachment":[{"href":"https:\/\/technosystem.pl\/en\/wp-json\/wp\/v2\/media?parent=16109"}],"curies":[{"name":"wp","href":"https:\/\/api.w.org\/{rel}","templated":true}]}}