{"id":17577,"date":"2022-03-31T02:32:38","date_gmt":"2022-03-31T00:32:38","guid":{"rendered":"https:\/\/technosystem.pl\/?page_id=17577"},"modified":"2022-03-31T02:34:29","modified_gmt":"2022-03-31T00:34:29","slug":"announcement-nr-3-2022","status":"publish","type":"page","link":"https:\/\/technosystem.pl\/en\/announcement-nr-3-2022\/","title":{"rendered":"Inquiry no 3\/2022"},"content":{"rendered":"<p><span style=\"color: #000000;\">Technosystem Sp. z o.o. announces a procedure for the supply of electronic components for the production of prototypes of the NESTER system and modules which are a component of testing stands for NESTER system devices.<\/span> \u00a0<\/p>\r\n<p>&nbsp;<\/p>\r\n<p><span style=\"color: #000000;\">The order is co-financed under the Project: &#8220;Low-age, synchronous and scalable SDR system&#8221; selected as part of the Path for Mazovia Competition, announced by NCBR (Agreement no .: Mazowsze \/ 0153 \/ 19-00)<\/span> \u00a0<\/p>\r\n<p>&nbsp;<\/p>\r\n<p>&nbsp;<\/p>\r\n<p>&nbsp;<\/p>\r\n<p style=\"text-align: center;\"><span style=\"color: #000000;\"><!-- \/wp:post-content --><\/span><\/p>\r\n<!-- wp:html -->\r\n<p style=\"text-align: center;\"><span class=\"has-inline-color has-black-color\" style=\"color: #000000;\"><strong>Deadline for submitting offers: April 6, 2022<\/strong><\/span><\/p>\r\n<p><span style=\"color: #000000;\"><!-- \/wp:html --><\/span> \u00a0 \u00a0 \u00a0<\/p>\r\n<p>&nbsp;<\/p>\r\n<p>&nbsp;<\/p>\r\n<!-- wp:paragraph -->\r\n<p><span class=\"has-inline-color has-black-color\" style=\"color: #000000;\">Details on the terms of the procedure and tender evaluation criteria can be found in the Inquiry 3\/2022<\/span> \u00a0<\/p>\r\n<p>&nbsp;<\/p>\r\n<p><span style=\"color: #000000;\">Files to download:<\/span><br \/><a href=\"https:\/\/technosystem.pl\/wp-content\/uploads\/2022\/03\/Inquiry_3_2022-EN.pdf\" target=\"_blank\" rel=\"noopener\"><span class=\"has-inline-color\"><span style=\"color: #00a651;\">Inquiry no 3\/2022<\/span><\/span><\/a> <br \/><span class=\"has-inline-color has-black-color\">Attachment 1 \u2013 <\/span><a href=\"https:\/\/technosystem.pl\/wp-content\/uploads\/2022\/03\/1.-Offer-Form-3_2022.docx\" target=\"_blank\" rel=\"noreferrer noopener\"><span class=\"has-inline-color\"><span style=\"color: #00a651;\">Offer form 3\/2022<\/span><\/span><\/a> <br \/><span class=\"has-inline-color has-black-color\">Attachment 2 \u2013 <\/span><a href=\"https:\/\/technosystem.pl\/wp-content\/uploads\/2022\/03\/2.-Offerers-statement-3_2022.docx\" target=\"_blank\" rel=\"noreferrer noopener\"><span class=\"has-inline-color\"><span style=\"color: #00a651;\">Offerer&#8217;s Statement 3\/2022 <\/span><\/span><\/a> \u00a0 \u00a0 \u00a0 \u00a0 \u00a0 \u00a0 \u00a0 \u00a0<\/p>\r\n<!-- wp:html -->\r\n<p>&nbsp;<\/p>\r\n<p>&nbsp;<\/p>\r\n<p>&nbsp;<\/p>\r\n<p>&nbsp;<\/p>\r\n<p>&nbsp;<\/p>\r\n<p>&nbsp;<\/p>\r\n<p>&nbsp;<\/p>\r\n<p>&nbsp;<\/p>\r\n<p>&nbsp;<\/p>\r\n<p>&nbsp;<\/p><!-- \/wp:html -->","protected":false},"excerpt":{"rendered":"<p>Technosystem Sp. z o.o. announces a procedure for the supply of electronic components for the production of prototypes of the NESTER system and modules which are a component of testing stands for NESTER system devices. \u00a0 &nbsp; The order is co-financed under the Project: &#8220;Low-age,&#8230;<\/p>\n","protected":false},"author":1,"featured_media":0,"parent":0,"menu_order":0,"comment_status":"closed","ping_status":"closed","template":"","meta":{"footnotes":""},"class_list":["post-17577","page","type-page","status-publish","hentry"],"yoast_head":"<!-- This site is optimized with the Yoast SEO plugin v27.2 - https:\/\/yoast.com\/product\/yoast-seo-wordpress\/ -->\n<title>Inquiry no 3\/2022 - Technosystem Sp. z o.o.<\/title>\n<meta name=\"robots\" content=\"index, follow, max-snippet:-1, max-image-preview:large, max-video-preview:-1\" \/>\n<link rel=\"canonical\" href=\"https:\/\/technosystem.pl\/en\/announcement-nr-3-2022\/\" \/>\n<meta property=\"og:locale\" content=\"en_US\" \/>\n<meta property=\"og:type\" content=\"article\" \/>\n<meta property=\"og:title\" content=\"Inquiry no 3\/2022 - Technosystem Sp. z o.o.\" \/>\n<meta property=\"og:description\" content=\"Technosystem Sp. z o.o. announces a procedure for the supply of electronic components for the production of prototypes of the NESTER system and modules which are a component of testing stands for NESTER system devices. \u00a0 &nbsp; The order is co-financed under the Project: &#8220;Low-age,...\" \/>\n<meta property=\"og:url\" content=\"https:\/\/technosystem.pl\/en\/announcement-nr-3-2022\/\" \/>\n<meta property=\"og:site_name\" content=\"Technosystem Sp. z o.o.\" \/>\n<meta property=\"article:publisher\" content=\"https:\/\/www.facebook.com\/TechnoSystemSpzoo\/\" \/>\n<meta property=\"article:modified_time\" content=\"2022-03-31T00:34:29+00:00\" \/>\n<meta name=\"twitter:card\" content=\"summary_large_image\" \/>\n<meta name=\"twitter:label1\" content=\"Est. reading time\" \/>\n\t<meta name=\"twitter:data1\" content=\"1 minute\" \/>\n<script type=\"application\/ld+json\" class=\"yoast-schema-graph\">{\"@context\":\"https:\/\/schema.org\",\"@graph\":[{\"@type\":\"WebPage\",\"@id\":\"https:\/\/technosystem.pl\/en\/announcement-nr-3-2022\/\",\"url\":\"https:\/\/technosystem.pl\/en\/announcement-nr-3-2022\/\",\"name\":\"Inquiry no 3\/2022 - Technosystem Sp. z o.o.\",\"isPartOf\":{\"@id\":\"https:\/\/technosystem.pl\/#website\"},\"datePublished\":\"2022-03-31T00:32:38+00:00\",\"dateModified\":\"2022-03-31T00:34:29+00:00\",\"breadcrumb\":{\"@id\":\"https:\/\/technosystem.pl\/en\/announcement-nr-3-2022\/#breadcrumb\"},\"inLanguage\":\"en-US\",\"potentialAction\":[{\"@type\":\"ReadAction\",\"target\":[\"https:\/\/technosystem.pl\/en\/announcement-nr-3-2022\/\"]}]},{\"@type\":\"BreadcrumbList\",\"@id\":\"https:\/\/technosystem.pl\/en\/announcement-nr-3-2022\/#breadcrumb\",\"itemListElement\":[{\"@type\":\"ListItem\",\"position\":1,\"name\":\"Strona g\u0142\u00f3wna\",\"item\":\"https:\/\/technosystem.pl\/en\/strona-glowna\/\"},{\"@type\":\"ListItem\",\"position\":2,\"name\":\"Inquiry no 3\/2022\"}]},{\"@type\":\"WebSite\",\"@id\":\"https:\/\/technosystem.pl\/#website\",\"url\":\"https:\/\/technosystem.pl\/\",\"name\":\"Technosystem Sp. z o.o.\",\"description\":\"Technosystem - Profesjonalny i kompleksowy monta\u017c SMD oraz monta\u017c THT. Oferujemy kompleksow\u0105 obs\u0142ug\u0119 zlece\u0144 produkcyjnych na materia\u0142ach\",\"publisher\":{\"@id\":\"https:\/\/technosystem.pl\/#organization\"},\"potentialAction\":[{\"@type\":\"SearchAction\",\"target\":{\"@type\":\"EntryPoint\",\"urlTemplate\":\"https:\/\/technosystem.pl\/?s={search_term_string}\"},\"query-input\":{\"@type\":\"PropertyValueSpecification\",\"valueRequired\":true,\"valueName\":\"search_term_string\"}}],\"inLanguage\":\"en-US\"},{\"@type\":\"Organization\",\"@id\":\"https:\/\/technosystem.pl\/#organization\",\"name\":\"Technosystem Sp. z o.o.\",\"url\":\"https:\/\/technosystem.pl\/\",\"logo\":{\"@type\":\"ImageObject\",\"inLanguage\":\"en-US\",\"@id\":\"https:\/\/technosystem.pl\/#\/schema\/logo\/image\/\",\"url\":\"https:\/\/technosystem.pl\/wp-content\/uploads\/2024\/04\/logo-1.png\",\"contentUrl\":\"https:\/\/technosystem.pl\/wp-content\/uploads\/2024\/04\/logo-1.png\",\"width\":235,\"height\":33,\"caption\":\"Technosystem Sp. z o.o.\"},\"image\":{\"@id\":\"https:\/\/technosystem.pl\/#\/schema\/logo\/image\/\"},\"sameAs\":[\"https:\/\/www.facebook.com\/TechnoSystemSpzoo\/\",\"https:\/\/www.youtube.com\/channel\/UCtag1RRGGZdlCMlsXHr8F9A\",\"https:\/\/www.linkedin.com\/company\/technosystem-sp-z-o-o\/?viewAsMember=true\"]}]}<\/script>\n<!-- \/ Yoast SEO plugin. -->","yoast_head_json":{"title":"Inquiry no 3\/2022 - Technosystem Sp. z o.o.","robots":{"index":"index","follow":"follow","max-snippet":"max-snippet:-1","max-image-preview":"max-image-preview:large","max-video-preview":"max-video-preview:-1"},"canonical":"https:\/\/technosystem.pl\/en\/announcement-nr-3-2022\/","og_locale":"en_US","og_type":"article","og_title":"Inquiry no 3\/2022 - Technosystem Sp. z o.o.","og_description":"Technosystem Sp. z o.o. announces a procedure for the supply of electronic components for the production of prototypes of the NESTER system and modules which are a component of testing stands for NESTER system devices. \u00a0 &nbsp; The order is co-financed under the Project: &#8220;Low-age,...","og_url":"https:\/\/technosystem.pl\/en\/announcement-nr-3-2022\/","og_site_name":"Technosystem Sp. z o.o.","article_publisher":"https:\/\/www.facebook.com\/TechnoSystemSpzoo\/","article_modified_time":"2022-03-31T00:34:29+00:00","twitter_card":"summary_large_image","twitter_misc":{"Est. reading time":"1 minute"},"schema":{"@context":"https:\/\/schema.org","@graph":[{"@type":"WebPage","@id":"https:\/\/technosystem.pl\/en\/announcement-nr-3-2022\/","url":"https:\/\/technosystem.pl\/en\/announcement-nr-3-2022\/","name":"Inquiry no 3\/2022 - Technosystem Sp. z o.o.","isPartOf":{"@id":"https:\/\/technosystem.pl\/#website"},"datePublished":"2022-03-31T00:32:38+00:00","dateModified":"2022-03-31T00:34:29+00:00","breadcrumb":{"@id":"https:\/\/technosystem.pl\/en\/announcement-nr-3-2022\/#breadcrumb"},"inLanguage":"en-US","potentialAction":[{"@type":"ReadAction","target":["https:\/\/technosystem.pl\/en\/announcement-nr-3-2022\/"]}]},{"@type":"BreadcrumbList","@id":"https:\/\/technosystem.pl\/en\/announcement-nr-3-2022\/#breadcrumb","itemListElement":[{"@type":"ListItem","position":1,"name":"Strona g\u0142\u00f3wna","item":"https:\/\/technosystem.pl\/en\/strona-glowna\/"},{"@type":"ListItem","position":2,"name":"Inquiry no 3\/2022"}]},{"@type":"WebSite","@id":"https:\/\/technosystem.pl\/#website","url":"https:\/\/technosystem.pl\/","name":"Technosystem Sp. z o.o.","description":"Technosystem - Profesjonalny i kompleksowy monta\u017c SMD oraz monta\u017c THT. Oferujemy kompleksow\u0105 obs\u0142ug\u0119 zlece\u0144 produkcyjnych na materia\u0142ach","publisher":{"@id":"https:\/\/technosystem.pl\/#organization"},"potentialAction":[{"@type":"SearchAction","target":{"@type":"EntryPoint","urlTemplate":"https:\/\/technosystem.pl\/?s={search_term_string}"},"query-input":{"@type":"PropertyValueSpecification","valueRequired":true,"valueName":"search_term_string"}}],"inLanguage":"en-US"},{"@type":"Organization","@id":"https:\/\/technosystem.pl\/#organization","name":"Technosystem Sp. z o.o.","url":"https:\/\/technosystem.pl\/","logo":{"@type":"ImageObject","inLanguage":"en-US","@id":"https:\/\/technosystem.pl\/#\/schema\/logo\/image\/","url":"https:\/\/technosystem.pl\/wp-content\/uploads\/2024\/04\/logo-1.png","contentUrl":"https:\/\/technosystem.pl\/wp-content\/uploads\/2024\/04\/logo-1.png","width":235,"height":33,"caption":"Technosystem Sp. z o.o."},"image":{"@id":"https:\/\/technosystem.pl\/#\/schema\/logo\/image\/"},"sameAs":["https:\/\/www.facebook.com\/TechnoSystemSpzoo\/","https:\/\/www.youtube.com\/channel\/UCtag1RRGGZdlCMlsXHr8F9A","https:\/\/www.linkedin.com\/company\/technosystem-sp-z-o-o\/?viewAsMember=true"]}]}},"_links":{"self":[{"href":"https:\/\/technosystem.pl\/en\/wp-json\/wp\/v2\/pages\/17577","targetHints":{"allow":["GET"]}}],"collection":[{"href":"https:\/\/technosystem.pl\/en\/wp-json\/wp\/v2\/pages"}],"about":[{"href":"https:\/\/technosystem.pl\/en\/wp-json\/wp\/v2\/types\/page"}],"author":[{"embeddable":true,"href":"https:\/\/technosystem.pl\/en\/wp-json\/wp\/v2\/users\/1"}],"replies":[{"embeddable":true,"href":"https:\/\/technosystem.pl\/en\/wp-json\/wp\/v2\/comments?post=17577"}],"version-history":[{"count":4,"href":"https:\/\/technosystem.pl\/en\/wp-json\/wp\/v2\/pages\/17577\/revisions"}],"predecessor-version":[{"id":17587,"href":"https:\/\/technosystem.pl\/en\/wp-json\/wp\/v2\/pages\/17577\/revisions\/17587"}],"wp:attachment":[{"href":"https:\/\/technosystem.pl\/en\/wp-json\/wp\/v2\/media?parent=17577"}],"curies":[{"name":"wp","href":"https:\/\/api.w.org\/{rel}","templated":true}]}}