{"id":18126,"date":"2024-03-20T15:53:31","date_gmt":"2024-03-20T14:53:31","guid":{"rendered":"https:\/\/technosystem.pl\/?page_id=18126"},"modified":"2024-03-20T16:05:18","modified_gmt":"2024-03-20T15:05:18","slug":"cooperation","status":"publish","type":"page","link":"https:\/\/technosystem.pl\/en\/cooperation\/","title":{"rendered":"Cooperation"},"content":{"rendered":"<div class=\"wpb-content-wrapper\"><p>[vc_row css_animation=&#8221;&#8221; row_type=&#8221;row&#8221; use_row_as_full_screen_section=&#8221;no&#8221; type=&#8221;full_width&#8221; angled_section=&#8221;no&#8221; text_align=&#8221;left&#8221; background_image_as_pattern=&#8221;without_pattern&#8221;][vc_column][vc_column_text]<span style=\"color: #000000;\">We are pleased to announce that we have started cooperation with the Proton Dynamic team, created by a group of students from the Warsaw University of Technology, the Warsaw School of Economics and the Academy of Fine Arts in Warsaw, united by a common passion for the automotive industry and new technologies. Technosystem Sp. z o. o. cooperates in the area of &#8220;Manufacturing &amp; Assembly&#8221; services, i.e. providing a comprehensive PCB assembly service &#8211; circuits and soldering SMT and THT components onto them<\/span>[\/vc_column_text][vc_empty_space height=&#8221;15&#8243;][vc_gallery interval=&#8221;10&#8243; images=&#8221;17816,17818,17820,17822,17797&#8243; img_size=&#8221;800&#215;532&#8243;][vc_empty_space height=&#8221;100&#8243;][\/vc_column][\/vc_row]<\/p>\n<\/div>","protected":false},"excerpt":{"rendered":"<p>[vc_row css_animation=&#8221;&#8221; row_type=&#8221;row&#8221; use_row_as_full_screen_section=&#8221;no&#8221; type=&#8221;full_width&#8221; angled_section=&#8221;no&#8221; text_align=&#8221;left&#8221; background_image_as_pattern=&#8221;without_pattern&#8221;][vc_column][vc_column_text]We are pleased to announce that we have started cooperation with the Proton Dynamic team, created by a group of students from the Warsaw University of Technology, the Warsaw School of Economics and the Academy of Fine Arts&#8230;<\/p>\n","protected":false},"author":1,"featured_media":0,"parent":0,"menu_order":0,"comment_status":"closed","ping_status":"closed","template":"","meta":{"footnotes":""},"class_list":["post-18126","page","type-page","status-publish","hentry"],"yoast_head":"<!-- This site is optimized with the Yoast SEO plugin v27.2 - https:\/\/yoast.com\/product\/yoast-seo-wordpress\/ -->\n<title>Cooperation - Technosystem Sp. z o.o.<\/title>\n<meta name=\"robots\" content=\"index, follow, max-snippet:-1, max-image-preview:large, max-video-preview:-1\" \/>\n<link rel=\"canonical\" href=\"https:\/\/technosystem.pl\/en\/cooperation\/\" \/>\n<meta property=\"og:locale\" content=\"en_US\" \/>\n<meta property=\"og:type\" content=\"article\" \/>\n<meta property=\"og:title\" content=\"Cooperation - Technosystem Sp. z o.o.\" \/>\n<meta property=\"og:description\" content=\"[vc_row css_animation=&#8221;&#8221; row_type=&#8221;row&#8221; use_row_as_full_screen_section=&#8221;no&#8221; type=&#8221;full_width&#8221; angled_section=&#8221;no&#8221; text_align=&#8221;left&#8221; background_image_as_pattern=&#8221;without_pattern&#8221;][vc_column][vc_column_text]We are pleased to announce that we have started cooperation with the Proton Dynamic team, created by a group of students from the Warsaw University of Technology, the Warsaw School of Economics and the Academy of Fine Arts...\" \/>\n<meta property=\"og:url\" content=\"https:\/\/technosystem.pl\/en\/cooperation\/\" \/>\n<meta property=\"og:site_name\" content=\"Technosystem Sp. z o.o.\" \/>\n<meta property=\"article:publisher\" content=\"https:\/\/www.facebook.com\/TechnoSystemSpzoo\/\" \/>\n<meta property=\"article:modified_time\" content=\"2024-03-20T15:05:18+00:00\" \/>\n<meta name=\"twitter:card\" content=\"summary_large_image\" \/>\n<meta name=\"twitter:label1\" content=\"Est. reading time\" \/>\n\t<meta name=\"twitter:data1\" content=\"1 minute\" \/>\n<script type=\"application\/ld+json\" class=\"yoast-schema-graph\">{\"@context\":\"https:\/\/schema.org\",\"@graph\":[{\"@type\":\"WebPage\",\"@id\":\"https:\/\/technosystem.pl\/en\/cooperation\/\",\"url\":\"https:\/\/technosystem.pl\/en\/cooperation\/\",\"name\":\"Cooperation - Technosystem Sp. z o.o.\",\"isPartOf\":{\"@id\":\"https:\/\/technosystem.pl\/#website\"},\"datePublished\":\"2024-03-20T14:53:31+00:00\",\"dateModified\":\"2024-03-20T15:05:18+00:00\",\"breadcrumb\":{\"@id\":\"https:\/\/technosystem.pl\/en\/cooperation\/#breadcrumb\"},\"inLanguage\":\"en-US\",\"potentialAction\":[{\"@type\":\"ReadAction\",\"target\":[\"https:\/\/technosystem.pl\/en\/cooperation\/\"]}]},{\"@type\":\"BreadcrumbList\",\"@id\":\"https:\/\/technosystem.pl\/en\/cooperation\/#breadcrumb\",\"itemListElement\":[{\"@type\":\"ListItem\",\"position\":1,\"name\":\"Strona g\u0142\u00f3wna\",\"item\":\"https:\/\/technosystem.pl\/en\/strona-glowna\/\"},{\"@type\":\"ListItem\",\"position\":2,\"name\":\"Cooperation\"}]},{\"@type\":\"WebSite\",\"@id\":\"https:\/\/technosystem.pl\/#website\",\"url\":\"https:\/\/technosystem.pl\/\",\"name\":\"Technosystem Sp. z o.o.\",\"description\":\"Technosystem - Profesjonalny i kompleksowy monta\u017c SMD oraz monta\u017c THT. Oferujemy kompleksow\u0105 obs\u0142ug\u0119 zlece\u0144 produkcyjnych na materia\u0142ach\",\"publisher\":{\"@id\":\"https:\/\/technosystem.pl\/#organization\"},\"potentialAction\":[{\"@type\":\"SearchAction\",\"target\":{\"@type\":\"EntryPoint\",\"urlTemplate\":\"https:\/\/technosystem.pl\/?s={search_term_string}\"},\"query-input\":{\"@type\":\"PropertyValueSpecification\",\"valueRequired\":true,\"valueName\":\"search_term_string\"}}],\"inLanguage\":\"en-US\"},{\"@type\":\"Organization\",\"@id\":\"https:\/\/technosystem.pl\/#organization\",\"name\":\"Technosystem Sp. z o.o.\",\"url\":\"https:\/\/technosystem.pl\/\",\"logo\":{\"@type\":\"ImageObject\",\"inLanguage\":\"en-US\",\"@id\":\"https:\/\/technosystem.pl\/#\/schema\/logo\/image\/\",\"url\":\"https:\/\/technosystem.pl\/wp-content\/uploads\/2024\/04\/logo-1.png\",\"contentUrl\":\"https:\/\/technosystem.pl\/wp-content\/uploads\/2024\/04\/logo-1.png\",\"width\":235,\"height\":33,\"caption\":\"Technosystem Sp. z o.o.\"},\"image\":{\"@id\":\"https:\/\/technosystem.pl\/#\/schema\/logo\/image\/\"},\"sameAs\":[\"https:\/\/www.facebook.com\/TechnoSystemSpzoo\/\",\"https:\/\/www.youtube.com\/channel\/UCtag1RRGGZdlCMlsXHr8F9A\",\"https:\/\/www.linkedin.com\/company\/technosystem-sp-z-o-o\/?viewAsMember=true\"]}]}<\/script>\n<!-- \/ Yoast SEO plugin. -->","yoast_head_json":{"title":"Cooperation - Technosystem Sp. z o.o.","robots":{"index":"index","follow":"follow","max-snippet":"max-snippet:-1","max-image-preview":"max-image-preview:large","max-video-preview":"max-video-preview:-1"},"canonical":"https:\/\/technosystem.pl\/en\/cooperation\/","og_locale":"en_US","og_type":"article","og_title":"Cooperation - Technosystem Sp. z o.o.","og_description":"[vc_row css_animation=&#8221;&#8221; row_type=&#8221;row&#8221; use_row_as_full_screen_section=&#8221;no&#8221; type=&#8221;full_width&#8221; angled_section=&#8221;no&#8221; text_align=&#8221;left&#8221; background_image_as_pattern=&#8221;without_pattern&#8221;][vc_column][vc_column_text]We are pleased to announce that we have started cooperation with the Proton Dynamic team, created by a group of students from the Warsaw University of Technology, the Warsaw School of Economics and the Academy of Fine Arts...","og_url":"https:\/\/technosystem.pl\/en\/cooperation\/","og_site_name":"Technosystem Sp. z o.o.","article_publisher":"https:\/\/www.facebook.com\/TechnoSystemSpzoo\/","article_modified_time":"2024-03-20T15:05:18+00:00","twitter_card":"summary_large_image","twitter_misc":{"Est. reading time":"1 minute"},"schema":{"@context":"https:\/\/schema.org","@graph":[{"@type":"WebPage","@id":"https:\/\/technosystem.pl\/en\/cooperation\/","url":"https:\/\/technosystem.pl\/en\/cooperation\/","name":"Cooperation - Technosystem Sp. z o.o.","isPartOf":{"@id":"https:\/\/technosystem.pl\/#website"},"datePublished":"2024-03-20T14:53:31+00:00","dateModified":"2024-03-20T15:05:18+00:00","breadcrumb":{"@id":"https:\/\/technosystem.pl\/en\/cooperation\/#breadcrumb"},"inLanguage":"en-US","potentialAction":[{"@type":"ReadAction","target":["https:\/\/technosystem.pl\/en\/cooperation\/"]}]},{"@type":"BreadcrumbList","@id":"https:\/\/technosystem.pl\/en\/cooperation\/#breadcrumb","itemListElement":[{"@type":"ListItem","position":1,"name":"Strona g\u0142\u00f3wna","item":"https:\/\/technosystem.pl\/en\/strona-glowna\/"},{"@type":"ListItem","position":2,"name":"Cooperation"}]},{"@type":"WebSite","@id":"https:\/\/technosystem.pl\/#website","url":"https:\/\/technosystem.pl\/","name":"Technosystem Sp. z o.o.","description":"Technosystem - Profesjonalny i kompleksowy monta\u017c SMD oraz monta\u017c THT. Oferujemy kompleksow\u0105 obs\u0142ug\u0119 zlece\u0144 produkcyjnych na materia\u0142ach","publisher":{"@id":"https:\/\/technosystem.pl\/#organization"},"potentialAction":[{"@type":"SearchAction","target":{"@type":"EntryPoint","urlTemplate":"https:\/\/technosystem.pl\/?s={search_term_string}"},"query-input":{"@type":"PropertyValueSpecification","valueRequired":true,"valueName":"search_term_string"}}],"inLanguage":"en-US"},{"@type":"Organization","@id":"https:\/\/technosystem.pl\/#organization","name":"Technosystem Sp. z o.o.","url":"https:\/\/technosystem.pl\/","logo":{"@type":"ImageObject","inLanguage":"en-US","@id":"https:\/\/technosystem.pl\/#\/schema\/logo\/image\/","url":"https:\/\/technosystem.pl\/wp-content\/uploads\/2024\/04\/logo-1.png","contentUrl":"https:\/\/technosystem.pl\/wp-content\/uploads\/2024\/04\/logo-1.png","width":235,"height":33,"caption":"Technosystem Sp. z o.o."},"image":{"@id":"https:\/\/technosystem.pl\/#\/schema\/logo\/image\/"},"sameAs":["https:\/\/www.facebook.com\/TechnoSystemSpzoo\/","https:\/\/www.youtube.com\/channel\/UCtag1RRGGZdlCMlsXHr8F9A","https:\/\/www.linkedin.com\/company\/technosystem-sp-z-o-o\/?viewAsMember=true"]}]}},"_links":{"self":[{"href":"https:\/\/technosystem.pl\/en\/wp-json\/wp\/v2\/pages\/18126","targetHints":{"allow":["GET"]}}],"collection":[{"href":"https:\/\/technosystem.pl\/en\/wp-json\/wp\/v2\/pages"}],"about":[{"href":"https:\/\/technosystem.pl\/en\/wp-json\/wp\/v2\/types\/page"}],"author":[{"embeddable":true,"href":"https:\/\/technosystem.pl\/en\/wp-json\/wp\/v2\/users\/1"}],"replies":[{"embeddable":true,"href":"https:\/\/technosystem.pl\/en\/wp-json\/wp\/v2\/comments?post=18126"}],"version-history":[{"count":2,"href":"https:\/\/technosystem.pl\/en\/wp-json\/wp\/v2\/pages\/18126\/revisions"}],"predecessor-version":[{"id":18130,"href":"https:\/\/technosystem.pl\/en\/wp-json\/wp\/v2\/pages\/18126\/revisions\/18130"}],"wp:attachment":[{"href":"https:\/\/technosystem.pl\/en\/wp-json\/wp\/v2\/media?parent=18126"}],"curies":[{"name":"wp","href":"https:\/\/api.w.org\/{rel}","templated":true}]}}